{"id":27978,"date":"2025-02-20T23:29:21","date_gmt":"2025-02-20T22:29:21","guid":{"rendered":"http:\/\/olemosaic.com\/producto\/abridor-de-metal-bailaora-epoxy-3\/"},"modified":"2025-07-25T18:37:57","modified_gmt":"2025-07-25T16:37:57","slug":"abridor-de-metal-bailarina-epoxi-3","status":"publish","type":"product","link":"https:\/\/olemosaic.com\/pt-pt\/produto\/abridor-de-metal-bailarina-epoxi-3\/","title":{"rendered":"Abridor de metal. Bailarina. Arte flamenca. Ep\u00f3xi."},"content":{"rendered":"<p>Este abridor met\u00e1lico, decorado com uma imagem vibrante de uma bailarina flamenca, \u00e9 um souvenir ideal que capta a ess\u00eancia da arte espanhola. Fabricado com um metal robusto e revestido com ep\u00f3xi, este abridor combina funcionalidade e apelo visual, tornando-se uma pe\u00e7a \u00fanica para qualquer amante da cultura espanhola. A ilustra\u00e7\u00e3o mostra uma bailarina, vestida com um deslumbrante fato de folhos em tons vermelhos, verdes e azuis, que reflete a energia e o movimento do flamenco. A bailarina, com uma express\u00e3o de alegria e gra\u00e7a, segura a sua m\u00e3o erguida, evocando a alegria e a paix\u00e3o da dan\u00e7a flamenca.<\/p>\n<p>A palavra &#8220;Espanha&#8221; na parte superior acrescenta um toque distintivo, tornando-o uma recorda\u00e7\u00e3o que real\u00e7a a identidade cultural do pa\u00eds. Este abridor n\u00e3o s\u00f3 \u00e9 funcional para abrir garrafas, como tamb\u00e9m serve como um artigo decorativo e uma recorda\u00e7\u00e3o visual da rica tradi\u00e7\u00e3o do flamenco, patrim\u00f3nio cultural imaterial da humanidade segundo a UNESCO.<\/p>\n<p>Na Ol\u00e9 Mosaic, especializamo-nos na distribui\u00e7\u00e3o de souvenirs por grosso, e este abridor met\u00e1lico representa a autenticidade e a singularidade das recorda\u00e7\u00f5es t\u00edpicas de Espanha. \u00c9 uma excelente op\u00e7\u00e3o para lojas de presentes tur\u00edsticos que procuram produtos com valor cultural e atrativo para os visitantes que desejam levar um pedacinho de Espanha.<\/p>\n","protected":false},"excerpt":{"rendered":"<p>Abridor met\u00e1lico decorado com uma imagem vibrante de uma bailarina flamenca, perfeito como recorda\u00e7\u00e3o de Espanha. Este artigo apresenta um design colorido e aleg\u00f3rico que real\u00e7a a riqueza cultural do flamenco, com um vestido de folhos em tons vermelhos, verdes e azuis. A palavra &#8220;Espanha&#8221;, situada na parte superior, confere-lhe um toque distintivo. Fabricado em metal e com um revestimento de ep\u00f3xi, este abridor combina funcionalidade e arte numa pe\u00e7a \u00fanica.<\/p>\n","protected":false},"featured_media":6333,"template":"","meta":{"_acf_changed":false},"product_brand":[],"product_cat":[801],"product_tag":[],"class_list":{"0":"post-27978","1":"product","2":"type-product","3":"status-publish","4":"has-post-thumbnail","6":"product_cat-abridores","7":"pa_motivo-dancarinos","9":"first","10":"instock","11":"shipping-taxable","12":"product-type-simple"},"acf":[],"_links":{"self":[{"href":"https:\/\/olemosaic.com\/pt-pt\/wp-json\/wp\/v2\/product\/27978","targetHints":{"allow":["GET"]}}],"collection":[{"href":"https:\/\/olemosaic.com\/pt-pt\/wp-json\/wp\/v2\/product"}],"about":[{"href":"https:\/\/olemosaic.com\/pt-pt\/wp-json\/wp\/v2\/types\/product"}],"wp:featuredmedia":[{"embeddable":true,"href":"https:\/\/olemosaic.com\/pt-pt\/wp-json\/wp\/v2\/media\/6333"}],"wp:attachment":[{"href":"https:\/\/olemosaic.com\/pt-pt\/wp-json\/wp\/v2\/media?parent=27978"}],"wp:term":[{"taxonomy":"product_brand","embeddable":true,"href":"https:\/\/olemosaic.com\/pt-pt\/wp-json\/wp\/v2\/product_brand?post=27978"},{"taxonomy":"product_cat","embeddable":true,"href":"https:\/\/olemosaic.com\/pt-pt\/wp-json\/wp\/v2\/product_cat?post=27978"},{"taxonomy":"product_tag","embeddable":true,"href":"https:\/\/olemosaic.com\/pt-pt\/wp-json\/wp\/v2\/product_tag?post=27978"}],"curies":[{"name":"wp","href":"https:\/\/api.w.org\/{rel}","templated":true}]}}