{"id":27977,"date":"2025-02-20T23:29:21","date_gmt":"2025-02-20T22:29:21","guid":{"rendered":"http:\/\/olemosaic.com\/producto\/abridor-de-metal-bailaora-epoxy-2\/"},"modified":"2025-07-25T18:40:34","modified_gmt":"2025-07-25T16:40:34","slug":"abridor-de-metal-bailarina-epoxi-2","status":"publish","type":"product","link":"https:\/\/olemosaic.com\/pt-pt\/produto\/abridor-de-metal-bailarina-epoxi-2\/","title":{"rendered":"Abridor de metal. Bailarina. Espanha. Ep\u00f3xi."},"content":{"rendered":"<p>Este abridor de metal, decorado com uma vibrante ilustra\u00e7\u00e3o de duas bailarinas de flamenco, encapsula a ess\u00eancia da cultura andaluza, tornando-se uma recorda\u00e7\u00e3o perfeita para qualquer amante do flamenco. Fabricado em metal resistente e revestido com um acabamento em ep\u00f3xi, este abridor destaca-se pelas suas cores intensas vermelho e verde, que simbolizam a paix\u00e3o e a arte da dan\u00e7a flamenca. A ilumina\u00e7\u00e3o dos motivos de bolas e flores dos vestidos real\u00e7a cada detalhe, desde os folhos at\u00e9 \u00e0 express\u00e3o de alegria e movimento que emanam as bailarinas.<\/p>\n<p>O design apresenta duas bailarinas: uma com um fato vermelho de bolas, que evoca a tradi\u00e7\u00e3o, e outra com um vestido colorido e alegre, que representa a modernidade do flamenco, s\u00edmbolo da rica heran\u00e7a cultural da Andaluzia. Esta pe\u00e7a n\u00e3o s\u00f3 \u00e9 um acess\u00f3rio pr\u00e1tico para abrir garrafas, como tamb\u00e9m um objeto art\u00edstico que evoca a vibrante hist\u00f3ria da dan\u00e7a espanhola em cada utiliza\u00e7\u00e3o.<\/p>\n<p>Na Ol\u00e9 Mosaic, especializamo-nos na distribui\u00e7\u00e3o de souvenirs por grosso, oferecendo produtos aut\u00eanticos que celebram a cultura espanhola. Este abridor de flamenco \u00e9 uma excelente op\u00e7\u00e3o para lojas de presentes tur\u00edsticos que procuram recorda\u00e7\u00f5es representativas e de alta qualidade, sendo um presente ideal que relembra a paix\u00e3o de Espanha. Com o seu design exclusivo, \u00e9 um produto atrativo que, sem d\u00favida, captar\u00e1 a aten\u00e7\u00e3o dos turistas que desejem levar um peda\u00e7o da Andaluzia para casa.<\/p>\n","protected":false},"excerpt":{"rendered":"<p>Abridor de metal decorado com uma vibrante ilustra\u00e7\u00e3o de duas bailarinas de flamenco, que representa a ess\u00eancia da cultura andaluza. Este abridor, fabricado em metal e revestido de ep\u00f3xi, destaca as cores vermelho e verde, bem como os motivos de bolas e flores nos seus vestidos. A cena capta o movimento e a alegria do flamenco, tornando-o um acess\u00f3rio pr\u00e1tico e art\u00edstico, ideal para evocar a paix\u00e3o de Espanha em cada utiliza\u00e7\u00e3o.<\/p>\n","protected":false},"featured_media":8691,"template":"","meta":{"_acf_changed":false},"product_brand":[],"product_cat":[801],"product_tag":[],"class_list":{"0":"post-27977","1":"product","2":"type-product","3":"status-publish","4":"has-post-thumbnail","6":"product_cat-abridores","7":"pa_motivo-dancarinos","9":"first","10":"instock","11":"shipping-taxable","12":"product-type-simple"},"acf":[],"_links":{"self":[{"href":"https:\/\/olemosaic.com\/pt-pt\/wp-json\/wp\/v2\/product\/27977","targetHints":{"allow":["GET"]}}],"collection":[{"href":"https:\/\/olemosaic.com\/pt-pt\/wp-json\/wp\/v2\/product"}],"about":[{"href":"https:\/\/olemosaic.com\/pt-pt\/wp-json\/wp\/v2\/types\/product"}],"wp:featuredmedia":[{"embeddable":true,"href":"https:\/\/olemosaic.com\/pt-pt\/wp-json\/wp\/v2\/media\/8691"}],"wp:attachment":[{"href":"https:\/\/olemosaic.com\/pt-pt\/wp-json\/wp\/v2\/media?parent=27977"}],"wp:term":[{"taxonomy":"product_brand","embeddable":true,"href":"https:\/\/olemosaic.com\/pt-pt\/wp-json\/wp\/v2\/product_brand?post=27977"},{"taxonomy":"product_cat","embeddable":true,"href":"https:\/\/olemosaic.com\/pt-pt\/wp-json\/wp\/v2\/product_cat?post=27977"},{"taxonomy":"product_tag","embeddable":true,"href":"https:\/\/olemosaic.com\/pt-pt\/wp-json\/wp\/v2\/product_tag?post=27977"}],"curies":[{"name":"wp","href":"https:\/\/api.w.org\/{rel}","templated":true}]}}