{"id":27950,"date":"2025-02-20T22:29:20","date_gmt":"2025-02-20T22:29:20","guid":{"rendered":"http:\/\/olemosaic.com\/producto\/abridor-de-metal-bailaora-epoxy-rojo\/"},"modified":"2025-07-25T20:05:30","modified_gmt":"2025-07-25T18:05:30","slug":"abridor-de-metal-bailarina-flamenco-epoxi-vermelho","status":"publish","type":"product","link":"https:\/\/olemosaic.com\/pt-pt\/produto\/abridor-de-metal-bailarina-flamenco-epoxi-vermelho\/","title":{"rendered":"Abridor de metal. Bailarina de Flamenco. Ep\u00f3xi. Vermelho"},"content":{"rendered":"<p>Este abridor met\u00e1lico, decorado com a figura de uma bailarina de flamenco, \u00e9 o presente perfeito para captar a ess\u00eancia de Espanha. Com uma combina\u00e7\u00e3o vibrante de vermelho e branco, este objeto pr\u00e1tico n\u00e3o \u00e9 apenas funcional, mas tamb\u00e9m uma pe\u00e7a de arte que adorna qualquer casa. A imagem da bailarina, trajada com o seu cl\u00e1ssico vestido de folhos e bolas, destaca-se pela sua eleg\u00e2ncia e movimento, evocando a paix\u00e3o do flamenco. Com a sua m\u00e3o erguida e uma express\u00e3o cativante, capta a ess\u00eancia desta dan\u00e7a tradicional espanhola, enquanto a palavra &#8220;ESPA\u00d1A&#8221; na parte superior acrescenta um toque distintivo.<\/p>\n<p>Fabricado em metal com um acabamento em ep\u00f3xi que garante durabilidade e resist\u00eancia, este abridor \u00e9 perfeito para desfrutar de uma bebida enquanto se celebra a cultura espanhola. \u00c9 a recorda\u00e7\u00e3o ideal para turistas, um acess\u00f3rio que liga os visitantes \u00e0 rica heran\u00e7a cultural de Espanha, uma lembran\u00e7a tang\u00edvel da sua viagem. Na Ol\u00e9 Mosaic, oferecemos produtos aut\u00eanticos e representativos, e este abridor flamenco \u00e9 uma excelente op\u00e7\u00e3o para lojas de presentes tur\u00edsticos que procuram recorda\u00e7\u00f5es de alta qualidade. Adicione um toque de folclore espanhol \u00e0 sua sele\u00e7\u00e3o de produtos, garantindo que cada cliente que escolha este abridor leve consigo um peda\u00e7o da alma espanhola.<\/p>\n","protected":false},"excerpt":{"rendered":"<p>Abridor met\u00e1lico decorado com a figura de uma bailarina de flamenco, que representa a ess\u00eancia de Espanha. Este pr\u00e1tico abridor apresenta um design vibrante em vermelho e branco, mostrando a bailarina com o seu cl\u00e1ssico vestido de folhos e bolas, real\u00e7ando a sua eleg\u00e2ncia e movimento. A palavra &#8220;ESPA\u00d1A&#8221; coroa o design, acrescentando um toque distintivo. Perfeito como recorda\u00e7\u00e3o ou presente para os amantes do folclore espanhol.<\/p>\n","protected":false},"featured_media":6339,"template":"","meta":{"_acf_changed":false},"product_brand":[],"product_cat":[801],"product_tag":[],"class_list":{"0":"post-27950","1":"product","2":"type-product","3":"status-publish","4":"has-post-thumbnail","6":"product_cat-abridores","7":"pa_motivo-dancarinos","9":"first","10":"instock","11":"shipping-taxable","12":"product-type-simple"},"acf":[],"_links":{"self":[{"href":"https:\/\/olemosaic.com\/pt-pt\/wp-json\/wp\/v2\/product\/27950","targetHints":{"allow":["GET"]}}],"collection":[{"href":"https:\/\/olemosaic.com\/pt-pt\/wp-json\/wp\/v2\/product"}],"about":[{"href":"https:\/\/olemosaic.com\/pt-pt\/wp-json\/wp\/v2\/types\/product"}],"wp:featuredmedia":[{"embeddable":true,"href":"https:\/\/olemosaic.com\/pt-pt\/wp-json\/wp\/v2\/media\/6339"}],"wp:attachment":[{"href":"https:\/\/olemosaic.com\/pt-pt\/wp-json\/wp\/v2\/media?parent=27950"}],"wp:term":[{"taxonomy":"product_brand","embeddable":true,"href":"https:\/\/olemosaic.com\/pt-pt\/wp-json\/wp\/v2\/product_brand?post=27950"},{"taxonomy":"product_cat","embeddable":true,"href":"https:\/\/olemosaic.com\/pt-pt\/wp-json\/wp\/v2\/product_cat?post=27950"},{"taxonomy":"product_tag","embeddable":true,"href":"https:\/\/olemosaic.com\/pt-pt\/wp-json\/wp\/v2\/product_tag?post=27950"}],"curies":[{"name":"wp","href":"https:\/\/api.w.org\/{rel}","templated":true}]}}