{"id":27949,"date":"2025-02-20T22:29:20","date_gmt":"2025-02-20T22:29:20","guid":{"rendered":"http:\/\/olemosaic.com\/producto\/abridor-de-metal-casa-batllo-barcelona-epoxy\/"},"modified":"2025-07-25T18:34:15","modified_gmt":"2025-07-25T16:34:15","slug":"abridor-de-metal-casa-batllo-barcelona-epoxi","status":"publish","type":"product","link":"https:\/\/olemosaic.com\/pt-pt\/produto\/abridor-de-metal-casa-batllo-barcelona-epoxi\/","title":{"rendered":"Abridor de metal. Casa Batll\u00f3. Barcelona. Ep\u00f3xi."},"content":{"rendered":"<p>Este abridor de metal, decorado com a emblem\u00e1tica Casa Batll\u00f3 de Barcelona, \u00e9 uma pe\u00e7a \u00fanica que capta a ess\u00eancia do modernismo catal\u00e3o. O seu design vibrante, elaborado em resina ep\u00f3xi, real\u00e7a as inconfund\u00edveis formas onduladas e as cores exuberantes que caracterizam esta obra-prima de Antoni Gaud\u00ed. Os mosaicos em tons azuis, verdes e vermelhos combinam-se de forma harmoniosa, evocando a fascinante est\u00e9tica desta constru\u00e7\u00e3o ic\u00f3nica situada no cora\u00e7\u00e3o da cidade. Este abridor n\u00e3o \u00e9 apenas funcional, mas tamb\u00e9m serve como uma obra de arte decorativa ideal para qualquer casa. O seu acabamento met\u00e1lico assegura durabilidade e resist\u00eancia, tornando-o uma recorda\u00e7\u00e3o perfeita para quem procura uma lembran\u00e7a da sua visita a Barcelona. Ao escolher este abridor como recorda\u00e7\u00e3o, leva consigo n\u00e3o s\u00f3 um objeto pr\u00e1tico, mas tamb\u00e9m um s\u00edmbolo representativo da riqueza cultural e arquitet\u00f3nica da cidade. Na Ol\u00e9 Mosaic, orgulhamo-nos de oferecer artigos aut\u00eanticos e de qualidade por grosso, e este abridor da Casa Batll\u00f3 \u00e9 uma excelente op\u00e7\u00e3o para lojas de presentes tur\u00edsticos que procuram oferecer aos seus clientes um peda\u00e7o de Barcelona.<\/p>\n","protected":false},"excerpt":{"rendered":"<p>Abridor met\u00e1lico decorado com um design vibrante em resina ep\u00f3xi que representa a emblem\u00e1tica Casa Batll\u00f3 de Barcelona. Este pr\u00e1tico abridor mostra a famosa arquitetura modernista de Gaud\u00ed, destacando as suas formas onduladas e mosaicos coloridos em tons azuis, verdes e vermelhos. Ideal como recorda\u00e7\u00e3o, capta a ess\u00eancia de Barcelona e acrescenta um toque art\u00edstico a qualquer casa. O seu acabamento met\u00e1lico garante durabilidade e funcionalidade.<\/p>\n","protected":false},"featured_media":7129,"template":"","meta":{"_acf_changed":false},"product_brand":[],"product_cat":[801],"product_tag":[],"class_list":{"0":"post-27949","1":"product","2":"type-product","3":"status-publish","4":"has-post-thumbnail","6":"product_cat-abridores","7":"pa_ciudad-barcelona","8":"pa_motivo-casa-batllo","9":"pa_pais-espana","11":"first","12":"instock","13":"shipping-taxable","14":"product-type-simple"},"acf":[],"_links":{"self":[{"href":"https:\/\/olemosaic.com\/pt-pt\/wp-json\/wp\/v2\/product\/27949","targetHints":{"allow":["GET"]}}],"collection":[{"href":"https:\/\/olemosaic.com\/pt-pt\/wp-json\/wp\/v2\/product"}],"about":[{"href":"https:\/\/olemosaic.com\/pt-pt\/wp-json\/wp\/v2\/types\/product"}],"wp:featuredmedia":[{"embeddable":true,"href":"https:\/\/olemosaic.com\/pt-pt\/wp-json\/wp\/v2\/media\/7129"}],"wp:attachment":[{"href":"https:\/\/olemosaic.com\/pt-pt\/wp-json\/wp\/v2\/media?parent=27949"}],"wp:term":[{"taxonomy":"product_brand","embeddable":true,"href":"https:\/\/olemosaic.com\/pt-pt\/wp-json\/wp\/v2\/product_brand?post=27949"},{"taxonomy":"product_cat","embeddable":true,"href":"https:\/\/olemosaic.com\/pt-pt\/wp-json\/wp\/v2\/product_cat?post=27949"},{"taxonomy":"product_tag","embeddable":true,"href":"https:\/\/olemosaic.com\/pt-pt\/wp-json\/wp\/v2\/product_tag?post=27949"}],"curies":[{"name":"wp","href":"https:\/\/api.w.org\/{rel}","templated":true}]}}