{"id":27948,"date":"2025-02-20T22:29:20","date_gmt":"2025-02-20T22:29:20","guid":{"rendered":"http:\/\/olemosaic.com\/producto\/abridor-de-metal-toro-epoxy-rojo\/"},"modified":"2025-07-25T18:39:08","modified_gmt":"2025-07-25T16:39:08","slug":"abridor-de-metal-touro-epoxi-vermelho","status":"publish","type":"product","link":"https:\/\/olemosaic.com\/pt-pt\/produto\/abridor-de-metal-touro-epoxi-vermelho\/","title":{"rendered":"Abridor de metal. Touro. Ep\u00f3xi. Vermelho"},"content":{"rendered":"<p>Este abridor met\u00e1lico decorado com a cabe\u00e7a de um touro \u00e9 um aut\u00eantico s\u00edmbolo de Espanha que combina funcionalidade e est\u00e9tica numa pe\u00e7a \u00fanica. Com um design em resina ep\u00f3xi, esta obra apresenta uma paleta de cores vibrante que inclui tons vermelhos, amarelos e laranjas, evocativos da paix\u00e3o e do fervor do folclore espanhol. Na parte superior do abridor, num estilo chamativo, l\u00ea-se &#8220;ESPA\u00d1A&#8221;, refor\u00e7ando o seu car\u00e1cter representativo e cultural. A imagem do touro, figura emblem\u00e1tica da cultura espanhola, simboliza a for\u00e7a e a tradi\u00e7\u00e3o, especialmente em regi\u00f5es como a Andaluzia e Navarra, onde a tauromaquia tem grande relev\u00e2ncia.<\/p>\n<p>Este abridor \u00e9 mais do que um simples utens\u00edlio; \u00e9 uma recorda\u00e7\u00e3o que capta a ess\u00eancia da rica cultura espanhola e da sua hist\u00f3ria. A qualidade dos materiais utilizados, juntamente com o seu design art\u00edstico, tornam-no um presente ideal para turistas em busca de uma recorda\u00e7\u00e3o aut\u00eantica que represente a sua experi\u00eancia em Espanha. Na Ol\u00e9 Mosaic, especializamo-nos na distribui\u00e7\u00e3o de recorda\u00e7\u00f5es por grosso, oferecendo este abridor de touro como uma excelente op\u00e7\u00e3o para lojas de presentes tur\u00edsticos que desejem proporcionar aos seus clientes uma pe\u00e7a relevante e aut\u00eantica do patrim\u00f3nio cultural espanhol. Considerado uma recorda\u00e7\u00e3o funcional e atraente, este abridor n\u00e3o servir\u00e1 apenas para abrir garrafas, mas ser\u00e1 tamb\u00e9m um elemento decorativo que alegrar\u00e1 qualquer casa.<\/p>\n","protected":false},"excerpt":{"rendered":"<p>Abridor de metal decorado com a cabe\u00e7a de um touro, um s\u00edmbolo ic\u00f3nico de Espanha. Este elegante abridor apresenta um design em resina ep\u00f3xi que combina tons vermelhos, amarelos e laranjas, criando uma representa\u00e7\u00e3o vibrante e art\u00edstica do touro. Na parte superior, l\u00ea-se &#8220;ESPA\u00d1A&#8221;, real\u00e7ando o seu car\u00e1cter cultural. Uma recorda\u00e7\u00e3o funcional e visualmente atraente que capta a ess\u00eancia do folclore espanhol, ideal para adicionar um toque aut\u00eantico a qualquer casa.<\/p>\n","protected":false},"featured_media":6336,"template":"","meta":{"_acf_changed":false},"product_brand":[],"product_cat":[801],"product_tag":[516],"class_list":{"0":"post-27948","1":"product","2":"type-product","3":"status-publish","4":"has-post-thumbnail","6":"product_cat-abridores","7":"product_tag-animais","8":"pa_motivo-touros","10":"first","11":"instock","12":"shipping-taxable","13":"product-type-simple"},"acf":[],"_links":{"self":[{"href":"https:\/\/olemosaic.com\/pt-pt\/wp-json\/wp\/v2\/product\/27948","targetHints":{"allow":["GET"]}}],"collection":[{"href":"https:\/\/olemosaic.com\/pt-pt\/wp-json\/wp\/v2\/product"}],"about":[{"href":"https:\/\/olemosaic.com\/pt-pt\/wp-json\/wp\/v2\/types\/product"}],"wp:featuredmedia":[{"embeddable":true,"href":"https:\/\/olemosaic.com\/pt-pt\/wp-json\/wp\/v2\/media\/6336"}],"wp:attachment":[{"href":"https:\/\/olemosaic.com\/pt-pt\/wp-json\/wp\/v2\/media?parent=27948"}],"wp:term":[{"taxonomy":"product_brand","embeddable":true,"href":"https:\/\/olemosaic.com\/pt-pt\/wp-json\/wp\/v2\/product_brand?post=27948"},{"taxonomy":"product_cat","embeddable":true,"href":"https:\/\/olemosaic.com\/pt-pt\/wp-json\/wp\/v2\/product_cat?post=27948"},{"taxonomy":"product_tag","embeddable":true,"href":"https:\/\/olemosaic.com\/pt-pt\/wp-json\/wp\/v2\/product_tag?post=27948"}],"curies":[{"name":"wp","href":"https:\/\/api.w.org\/{rel}","templated":true}]}}