{"id":27947,"date":"2025-02-20T22:29:20","date_gmt":"2025-02-20T22:29:20","guid":{"rendered":"http:\/\/olemosaic.com\/producto\/abridor-de-metal-bailaora-epoxy\/"},"modified":"2025-07-25T19:14:09","modified_gmt":"2025-07-25T17:14:09","slug":"abridor-de-metal-bailarina-flamenco-epoxi","status":"publish","type":"product","link":"https:\/\/olemosaic.com\/pt-pt\/produto\/abridor-de-metal-bailarina-flamenco-epoxi\/","title":{"rendered":"Abridor de metal. Bailarina de Flamenco. Ep\u00f3xi."},"content":{"rendered":"<p>Este abridor met\u00e1lico, decorado com ilustra\u00e7\u00f5es de duas bailarinas de flamenco, \u00e9 uma magn\u00edfica representa\u00e7\u00e3o do vibrante folclore espanhol. Com um acabamento em ep\u00f3xi que real\u00e7a as cores intensas dos trajes, esta pe\u00e7a capta a ess\u00eancia da dan\u00e7a flamenca e da cultura espanhola. Uma bailarina, vestida com um vestido vermelho adornado com bolas brancas, irradia paix\u00e3o e energia, enquanto a outra, envolta em cores brilhantes e chamativas, reflete a arte e a alegria desta tradi\u00e7\u00e3o.<\/p>\n<p>Na parte superior, a inscri\u00e7\u00e3o &#8220;ESPA\u00d1A&#8221; n\u00e3o s\u00f3 acrescenta um toque distintivo ao design, como tamb\u00e9m enfatiza o seu valor como recorda\u00e7\u00e3o aut\u00eantica, ideal para quem deseja recordar a sua visita a Espanha. Este abridor n\u00e3o \u00e9 apenas funcional, mas tamb\u00e9m serve como um acess\u00f3rio decorativo vibrante, um ponto de conversa em qualquer casa.<\/p>\n<p>Na Ol\u00e9 Mosaic, a nossa miss\u00e3o \u00e9 proporcionar recorda\u00e7\u00f5es representativas, e este abridor de bailarinas \u00e9 uma op\u00e7\u00e3o perfeita para lojas de presentes tur\u00edsticos e como oferta para quem deseja levar um peda\u00e7o da cultura espanhola para casa. \u00c9 um presente que combina arte e utilidade, garantindo que cada utiliza\u00e7\u00e3o evoque a rica heran\u00e7a cultural de Espanha.<\/p>\n","protected":false},"excerpt":{"rendered":"<p>Abridor de metal decorado com ilustra\u00e7\u00f5es de duas bailarinas de flamenco, que representam a ess\u00eancia cultural de Espanha. Este atraente abridor apresenta um acabamento em ep\u00f3xi que real\u00e7a as cores vibrantes dos trajes: uma bailarina vestida de vermelho com bolas brancas e outra com cores brilhantes e chamativas. Na parte superior, tem inscrita a palavra &#8220;ESPA\u00d1A&#8221;, o que o torna uma recorda\u00e7\u00e3o ideal que combina funcionalidade e arte espanhola.<\/p>\n","protected":false},"featured_media":8695,"template":"","meta":{"_acf_changed":false},"product_brand":[],"product_cat":[801],"product_tag":[],"class_list":{"0":"post-27947","1":"product","2":"type-product","3":"status-publish","4":"has-post-thumbnail","6":"product_cat-abridores","7":"pa_motivo-dancarinos","9":"first","10":"instock","11":"shipping-taxable","12":"product-type-simple"},"acf":[],"_links":{"self":[{"href":"https:\/\/olemosaic.com\/pt-pt\/wp-json\/wp\/v2\/product\/27947","targetHints":{"allow":["GET"]}}],"collection":[{"href":"https:\/\/olemosaic.com\/pt-pt\/wp-json\/wp\/v2\/product"}],"about":[{"href":"https:\/\/olemosaic.com\/pt-pt\/wp-json\/wp\/v2\/types\/product"}],"wp:featuredmedia":[{"embeddable":true,"href":"https:\/\/olemosaic.com\/pt-pt\/wp-json\/wp\/v2\/media\/8695"}],"wp:attachment":[{"href":"https:\/\/olemosaic.com\/pt-pt\/wp-json\/wp\/v2\/media?parent=27947"}],"wp:term":[{"taxonomy":"product_brand","embeddable":true,"href":"https:\/\/olemosaic.com\/pt-pt\/wp-json\/wp\/v2\/product_brand?post=27947"},{"taxonomy":"product_cat","embeddable":true,"href":"https:\/\/olemosaic.com\/pt-pt\/wp-json\/wp\/v2\/product_cat?post=27947"},{"taxonomy":"product_tag","embeddable":true,"href":"https:\/\/olemosaic.com\/pt-pt\/wp-json\/wp\/v2\/product_tag?post=27947"}],"curies":[{"name":"wp","href":"https:\/\/api.w.org\/{rel}","templated":true}]}}