{"id":27946,"date":"2025-02-20T22:29:20","date_gmt":"2025-02-20T22:29:20","guid":{"rendered":"http:\/\/olemosaic.com\/producto\/abridor-de-metal-punt-de-trobada-barcelona-epoxy\/"},"modified":"2025-07-25T18:51:30","modified_gmt":"2025-07-25T16:51:30","slug":"abridor-de-metal-punt-de-trobada-barcelona-epoxi","status":"publish","type":"product","link":"https:\/\/olemosaic.com\/pt-pt\/produto\/abridor-de-metal-punt-de-trobada-barcelona-epoxi\/","title":{"rendered":"Abridor de metal. Punt de Trobada. Barcelona. Ep\u00f3xi."},"content":{"rendered":"<p>Este abridor met\u00e1lico, decorado com o emblem\u00e1tico &#8220;Punt de Trobada&#8221;, \u00e9 uma recorda\u00e7\u00e3o vibrante e funcional que capta a ess\u00eancia art\u00edstica de Barcelona. Com um design elaborado em resina ep\u00f3xi, este abridor n\u00e3o s\u00f3 se destaca pela sua utilidade, mas tamb\u00e9m pela sua est\u00e9tica colorida, que inclui tons vivos de vermelho, amarelo, azul e preto. A representa\u00e7\u00e3o do famoso mosaico, conhecido pelo seu dinamismo e contemporaneidade, \u00e9 complementada pela palavra &#8220;Barcelona&#8221; elegantemente integrada no design, criando uma liga\u00e7\u00e3o imediata com a cidade.<\/p>\n<p>Visualmente, o abridor apresenta uma composi\u00e7\u00e3o din\u00e2mica, com formas geom\u00e9tricas entrela\u00e7adas que evocam a obra do conceituado arquiteto Antoni Gaud\u00ed, famoso pelo seu estilo modernista singular. Os detalhes em cores brilhantes real\u00e7am o car\u00e1cter alegre e criativo da cidade, o que o torna uma recorda\u00e7\u00e3o excecional para os visitantes que desejem levar um peda\u00e7o da cultura barcelonesa.<\/p>\n<p>A Ol\u00e9 Mosaic orgulha-se de oferecer este abridor como parte da sua vasta gama de recorda\u00e7\u00f5es por grosso, ideais para lojas de presentes tur\u00edsticos que procuram produtos aut\u00eanticos e representativos. Este abridor met\u00e1lico enaltece a riqueza cultural de Barcelona e \u00e9 uma excelente op\u00e7\u00e3o para qualquer turista que deseje recordar a sua visita a esta cidade vibrante.<\/p>\n","protected":false},"excerpt":{"rendered":"<p>Abridor de metal decorado com uma representa\u00e7\u00e3o colorida do &#8220;Punt de Trobada&#8221;, o emblem\u00e1tico mosaico de Barcelona. Este produto apresenta um design em ep\u00f3xi que real\u00e7a as cores vivas vermelho, amarelo, azul e preto, dando vida a uma cena vibrante e contempor\u00e2nea. O texto &#8220;Barcelona&#8221; integra-se no design, convertendo este abridor numa recorda\u00e7\u00e3o funcional e atraente, ideal para recordar a ess\u00eancia art\u00edstica da cidade.<\/p>\n","protected":false},"featured_media":9313,"template":"","meta":{"_acf_changed":false},"product_brand":[],"product_cat":[801],"product_tag":[],"class_list":{"0":"post-27946","1":"product","2":"type-product","3":"status-publish","4":"has-post-thumbnail","6":"product_cat-abridores","7":"pa_ciudad-barcelona","8":"pa_motivo-punt-de-trobada","9":"pa_pais-espana","11":"first","12":"instock","13":"shipping-taxable","14":"product-type-simple"},"acf":[],"_links":{"self":[{"href":"https:\/\/olemosaic.com\/pt-pt\/wp-json\/wp\/v2\/product\/27946","targetHints":{"allow":["GET"]}}],"collection":[{"href":"https:\/\/olemosaic.com\/pt-pt\/wp-json\/wp\/v2\/product"}],"about":[{"href":"https:\/\/olemosaic.com\/pt-pt\/wp-json\/wp\/v2\/types\/product"}],"wp:featuredmedia":[{"embeddable":true,"href":"https:\/\/olemosaic.com\/pt-pt\/wp-json\/wp\/v2\/media\/9313"}],"wp:attachment":[{"href":"https:\/\/olemosaic.com\/pt-pt\/wp-json\/wp\/v2\/media?parent=27946"}],"wp:term":[{"taxonomy":"product_brand","embeddable":true,"href":"https:\/\/olemosaic.com\/pt-pt\/wp-json\/wp\/v2\/product_brand?post=27946"},{"taxonomy":"product_cat","embeddable":true,"href":"https:\/\/olemosaic.com\/pt-pt\/wp-json\/wp\/v2\/product_cat?post=27946"},{"taxonomy":"product_tag","embeddable":true,"href":"https:\/\/olemosaic.com\/pt-pt\/wp-json\/wp\/v2\/product_tag?post=27946"}],"curies":[{"name":"wp","href":"https:\/\/api.w.org\/{rel}","templated":true}]}}