{"id":27930,"date":"2025-02-20T23:29:19","date_gmt":"2025-02-20T22:29:19","guid":{"rendered":"http:\/\/olemosaic.com\/producto\/abridor-de-metal-bailaora-sevilla-epoxy-2\/"},"modified":"2025-07-25T18:39:08","modified_gmt":"2025-07-25T16:39:08","slug":"abridor-de-metal-bailarina-sevilha-epoxy-2","status":"publish","type":"product","link":"https:\/\/olemosaic.com\/pt-pt\/produto\/abridor-de-metal-bailarina-sevilha-epoxy-2\/","title":{"rendered":"Abridor de metal. Bailarina. Sevilha. Andaluzia. Epoxy."},"content":{"rendered":"<p>Este abridor met\u00e1lico, decorado com duas bailarinas de flamenco, \u00e9 o souvenir perfeito para capturar a vibrante ess\u00eancia de Sevilha. Com um design atraente, o abridor mostra as bailarinas trajadas com elegantes vestidos: uma usa um vestido vermelho com bolinhas brancas, enquanto a outra brilha com um traje multicolor que funde cores num padr\u00e3o audaz e din\u00e2mico. Os detalhes em resina ep\u00f3xi conferem um acabamento brilhante e sofisticado, real\u00e7ando a alegria e o movimento da dan\u00e7a flamenca, uma tradi\u00e7\u00e3o profundamente enraizada na cultura espanhola.<\/p>\n<p>Na parte superior do abridor destaca-se a palavra &#8220;SEVILLA&#8221;, tornando-o uma recorda\u00e7\u00e3o distintiva que reflete o folclore andaluz. Este abridor n\u00e3o \u00e9 apenas uma ferramenta funcional, mas tamb\u00e9m uma pe\u00e7a decorativa que evoca o esp\u00edrito festivo das feiras e celebra\u00e7\u00f5es sevilhanas. Como excelente souvenir, \u00e9 ideal para os amantes da cultura espanhola que desejem levar um peda\u00e7o da rica heran\u00e7a da Andaluzia.<\/p>\n<p>Na Ol\u00e9 Mosaic, somos grossistas de souvenirs, especializados em produtos que representam a autenticidade cultural de Espanha. Este abridor de bailarinas n\u00e3o s\u00f3 \u00e9 uma excelente recorda\u00e7\u00e3o de Sevilha, como tamb\u00e9m uma op\u00e7\u00e3o atraente para lojas de presentes tur\u00edsticos que desejem oferecer aos seus clientes produtos \u00fanicos e representativos da rica tradi\u00e7\u00e3o flamenca.<\/p>\n","protected":false},"excerpt":{"rendered":"<p>Abridor met\u00e1lico decorado com duas coloridas bailarinas de flamenco, que representam a ess\u00eancia vibrante de Sevilha. Este atraente abridor, com detalhes de epoxy, mostra as bailarinas com elegantes trajes: um vermelho com bolinhas brancas e outro multicolor, capturando o movimento e a tradi\u00e7\u00e3o da dan\u00e7a flamenca. Na parte superior destaca-se a palavra &#8220;SEVILLA&#8221;, tornando-o um souvenir distintivo que reflete o folclore andaluz. Ideal para os amantes da cultura espanhola.<\/p>\n","protected":false},"featured_media":8811,"template":"","meta":{"_acf_changed":false},"product_brand":[],"product_cat":[801],"product_tag":[],"class_list":{"0":"post-27930","1":"product","2":"type-product","3":"status-publish","4":"has-post-thumbnail","6":"product_cat-abridores","7":"pa_ciudad-sevilla","8":"pa_motivo-dancarinos","9":"pa_pais-espana","11":"first","12":"instock","13":"shipping-taxable","14":"product-type-simple"},"acf":[],"_links":{"self":[{"href":"https:\/\/olemosaic.com\/pt-pt\/wp-json\/wp\/v2\/product\/27930","targetHints":{"allow":["GET"]}}],"collection":[{"href":"https:\/\/olemosaic.com\/pt-pt\/wp-json\/wp\/v2\/product"}],"about":[{"href":"https:\/\/olemosaic.com\/pt-pt\/wp-json\/wp\/v2\/types\/product"}],"wp:featuredmedia":[{"embeddable":true,"href":"https:\/\/olemosaic.com\/pt-pt\/wp-json\/wp\/v2\/media\/8811"}],"wp:attachment":[{"href":"https:\/\/olemosaic.com\/pt-pt\/wp-json\/wp\/v2\/media?parent=27930"}],"wp:term":[{"taxonomy":"product_brand","embeddable":true,"href":"https:\/\/olemosaic.com\/pt-pt\/wp-json\/wp\/v2\/product_brand?post=27930"},{"taxonomy":"product_cat","embeddable":true,"href":"https:\/\/olemosaic.com\/pt-pt\/wp-json\/wp\/v2\/product_cat?post=27930"},{"taxonomy":"product_tag","embeddable":true,"href":"https:\/\/olemosaic.com\/pt-pt\/wp-json\/wp\/v2\/product_tag?post=27930"}],"curies":[{"name":"wp","href":"https:\/\/api.w.org\/{rel}","templated":true}]}}