{"id":27929,"date":"2025-02-20T22:29:19","date_gmt":"2025-02-20T22:29:19","guid":{"rendered":"http:\/\/olemosaic.com\/producto\/abridor-de-metal-bailaora-madrid-epoxy\/"},"modified":"2025-07-25T18:55:27","modified_gmt":"2025-07-25T16:55:27","slug":"abridor-de-metal-bailarina-madrid-epoxy","status":"publish","type":"product","link":"https:\/\/olemosaic.com\/pt-pt\/produto\/abridor-de-metal-bailarina-madrid-epoxy\/","title":{"rendered":"Abridor de metal. Bailarina. Madrid. Epoxy."},"content":{"rendered":"<p>Este abridor de metal, decorado com duas bailarinas de flamenco, \u00e9 uma aut\u00eantica homenagem \u00e0 rica cultura madrilena. Com um design vibrante e cheio de vida, destaca-se pelo seu acabamento em epoxy, que lhe confere uma textura suave e brilhante. Representa duas encantadoras bailarinas: uma vestida com um chamativo vestido vermelho de bolinhas brancas e a outra com um traje multicolor que reflete a energia e a paix\u00e3o do flamenco. Esta requintada representa\u00e7\u00e3o n\u00e3o s\u00f3 captura a ess\u00eancia da dan\u00e7a espanhola, como tamb\u00e9m serve como um atraente elemento decorativo para qualquer lar. Na parte superior do abridor, a palavra &#8220;MADRID&#8221; est\u00e1 elegantemente impressa, tornando-o uma recorda\u00e7\u00e3o encantadora e funcional que evoca a capital espanhola.<\/p>\n<p>Al\u00e9m de ser um acess\u00f3rio pr\u00e1tico, o abridor celebra a arte do flamenco, s\u00edmbolo do patrim\u00f3nio cultural espanhol. \u00c9 um souvenir ideal para turistas e visitantes que procuram levar um peda\u00e7o da vibrante cultura madrilena. Na Ol\u00e9 Mosaic distribu\u00edmos souvenirs de qualidade, e este abridor de metal \u00e9 uma excelente op\u00e7\u00e3o para lojas de presentes tur\u00edsticos que procuram oferecer produtos aut\u00eanticos e representativos. Como grossistas de souvenirs, garantimos a autenticidade e o valor cultural de cada pe\u00e7a que oferecemos, assegurando uma liga\u00e7\u00e3o duradoura com a tradi\u00e7\u00e3o espanhola.<\/p>\n","protected":false},"excerpt":{"rendered":"<p>Abridor met\u00e1lico decorado com duas bailarinas de flamenco, inspirado na cultura madrilena. Este abridor, com acabamento de epoxy, apresenta um design vibrante e colorido: uma bailarina usa um vestido vermelho com bolinhas brancas, enquanto a outra veste um traje multicolor, refletindo a energia do flamenco. Na parte superior do abridor, aparece a palavra &#8220;MADRID&#8221;, tornando-o uma recorda\u00e7\u00e3o encantadora e pr\u00e1tica.<\/p>\n","protected":false},"featured_media":8810,"template":"","meta":{"_acf_changed":false},"product_brand":[],"product_cat":[801],"product_tag":[],"class_list":{"0":"post-27929","1":"product","2":"type-product","3":"status-publish","4":"has-post-thumbnail","6":"product_cat-abridores","7":"pa_ciudad-madrid","8":"pa_motivo-dancarinos","9":"pa_pais-espana","11":"first","12":"instock","13":"shipping-taxable","14":"product-type-simple"},"acf":[],"_links":{"self":[{"href":"https:\/\/olemosaic.com\/pt-pt\/wp-json\/wp\/v2\/product\/27929","targetHints":{"allow":["GET"]}}],"collection":[{"href":"https:\/\/olemosaic.com\/pt-pt\/wp-json\/wp\/v2\/product"}],"about":[{"href":"https:\/\/olemosaic.com\/pt-pt\/wp-json\/wp\/v2\/types\/product"}],"wp:featuredmedia":[{"embeddable":true,"href":"https:\/\/olemosaic.com\/pt-pt\/wp-json\/wp\/v2\/media\/8810"}],"wp:attachment":[{"href":"https:\/\/olemosaic.com\/pt-pt\/wp-json\/wp\/v2\/media?parent=27929"}],"wp:term":[{"taxonomy":"product_brand","embeddable":true,"href":"https:\/\/olemosaic.com\/pt-pt\/wp-json\/wp\/v2\/product_brand?post=27929"},{"taxonomy":"product_cat","embeddable":true,"href":"https:\/\/olemosaic.com\/pt-pt\/wp-json\/wp\/v2\/product_cat?post=27929"},{"taxonomy":"product_tag","embeddable":true,"href":"https:\/\/olemosaic.com\/pt-pt\/wp-json\/wp\/v2\/product_tag?post=27929"}],"curies":[{"name":"wp","href":"https:\/\/api.w.org\/{rel}","templated":true}]}}