{"id":27928,"date":"2025-02-20T23:29:19","date_gmt":"2025-02-20T22:29:19","guid":{"rendered":"http:\/\/olemosaic.com\/producto\/abridor-de-metal-toro-sevilla-epoxy-2\/"},"modified":"2025-07-25T20:22:33","modified_gmt":"2025-07-25T18:22:33","slug":"abridor-de-metal-touro-sevilha-epoxy-2","status":"publish","type":"product","link":"https:\/\/olemosaic.com\/pt-pt\/produto\/abridor-de-metal-touro-sevilha-epoxy-2\/","title":{"rendered":"Abridor de metal. Touro. Sevilha. Flamenco. Epoxy."},"content":{"rendered":"<p>Este abridor met\u00e1lico, com um vibrante design de touro, \u00e9 uma recorda\u00e7\u00e3o \u00fanica que captura a ess\u00eancia de Sevilha, emblema cultural da Andaluzia. A pe\u00e7a est\u00e1 adornada com um colorido motivo de resina ep\u00f3xi, que surpreende com a sua representa\u00e7\u00e3o geom\u00e9trica do touro, utilizando uma paleta de vermelhos, verdes, azuis e amarelos que evocam a alegria e o dinamismo da tradi\u00e7\u00e3o espanhola. Na parte superior, o nome &#8220;SEVILLA&#8221; apresenta-se com um estilo claro, acrescentando um toque distintivo que real\u00e7a a proced\u00eancia do produto.<\/p>\n<p>Este pr\u00e1tico abridor n\u00e3o \u00e9 apenas um utens\u00edlio funcional para desfrutar das suas bebidas favoritas, mas tamb\u00e9m uma pequena obra de arte que presta homenagem \u00e0 simbologia do touro na cultura espanhola, especialmente na Andaluzia, onde as touradas s\u00e3o parte importante do folclore local. O design em ep\u00f3xi n\u00e3o s\u00f3 confere durabilidade, como tamb\u00e9m adiciona um brilho vibrante que o torna um excelente elemento decorativo para qualquer lar.<\/p>\n<p>Na Ol\u00e9 Mosaic, especializamo-nos na distribui\u00e7\u00e3o de souvenirs por grosso, e este abridor de touro \u00e9 uma op\u00e7\u00e3o ideal para lojas de presentes tur\u00edsticos que procuram produtos \u00fanicos e representativos da cultura andaluza. Oferecer ou adquirir este abridor \u00e9 levar um peda\u00e7o de Sevilha a cada brinde, uma recorda\u00e7\u00e3o aut\u00eantica que liga os turistas \u00e0 rica heran\u00e7a cultural desta cativante regi\u00e3o.<\/p>\n","protected":false},"excerpt":{"rendered":"<p>Abridor met\u00e1lico com um vibrante design de um touro, que representa a ess\u00eancia de Sevilha. Este pr\u00e1tico abridor est\u00e1 adornado com um colorido motivo em epoxy que mostra um touro de formas geom\u00e9tricas em tons de vermelho, verde, azul e amarelo. Com o nome &#8220;SEVILLA&#8221; impresso na parte superior, \u00e9 um souvenir ideal que combina funcionalidade e arte, perfeito para recordar a cultura andaluza em cada utiliza\u00e7\u00e3o.<\/p>\n","protected":false},"featured_media":7117,"template":"","meta":{"_acf_changed":false},"product_brand":[],"product_cat":[801],"product_tag":[516],"class_list":{"0":"post-27928","1":"product","2":"type-product","3":"status-publish","4":"has-post-thumbnail","6":"product_cat-abridores","7":"product_tag-animais","8":"pa_ciudad-sevilla","9":"pa_motivo-touros","10":"pa_pais-espana","12":"first","13":"instock","14":"shipping-taxable","15":"product-type-simple"},"acf":[],"_links":{"self":[{"href":"https:\/\/olemosaic.com\/pt-pt\/wp-json\/wp\/v2\/product\/27928","targetHints":{"allow":["GET"]}}],"collection":[{"href":"https:\/\/olemosaic.com\/pt-pt\/wp-json\/wp\/v2\/product"}],"about":[{"href":"https:\/\/olemosaic.com\/pt-pt\/wp-json\/wp\/v2\/types\/product"}],"wp:featuredmedia":[{"embeddable":true,"href":"https:\/\/olemosaic.com\/pt-pt\/wp-json\/wp\/v2\/media\/7117"}],"wp:attachment":[{"href":"https:\/\/olemosaic.com\/pt-pt\/wp-json\/wp\/v2\/media?parent=27928"}],"wp:term":[{"taxonomy":"product_brand","embeddable":true,"href":"https:\/\/olemosaic.com\/pt-pt\/wp-json\/wp\/v2\/product_brand?post=27928"},{"taxonomy":"product_cat","embeddable":true,"href":"https:\/\/olemosaic.com\/pt-pt\/wp-json\/wp\/v2\/product_cat?post=27928"},{"taxonomy":"product_tag","embeddable":true,"href":"https:\/\/olemosaic.com\/pt-pt\/wp-json\/wp\/v2\/product_tag?post=27928"}],"curies":[{"name":"wp","href":"https:\/\/api.w.org\/{rel}","templated":true}]}}