{"id":27926,"date":"2025-02-20T22:29:19","date_gmt":"2025-02-20T22:29:19","guid":{"rendered":"http:\/\/olemosaic.com\/producto\/abridor-de-metal-toro-epoxy\/"},"modified":"2025-07-25T18:36:52","modified_gmt":"2025-07-25T16:36:52","slug":"abridor-de-metal-touro-epoxy","status":"publish","type":"product","link":"https:\/\/olemosaic.com\/pt-pt\/produto\/abridor-de-metal-touro-epoxy\/","title":{"rendered":"Abridor de metal. Touro. Epoxy."},"content":{"rendered":"<p>Este abridor met\u00e1lico, com o seu vibrante design de touro, \u00e9 uma recorda\u00e7\u00e3o emblem\u00e1tica da rica cultura espanhola, ideal para quem procura um souvenir funcional e atraente. Elaborado com uma t\u00e9cnica de epoxy, o abridor apresenta uma ilustra\u00e7\u00e3o colorida do touro que evoca a arte moderna e o folclore de Espanha. As formas geom\u00e9tricas em tons de vermelho, azul, verde e amarelo entrela\u00e7am-se para formar uma composi\u00e7\u00e3o visual impactante que captura a ess\u00eancia da arte popular espanhola, evocando a paix\u00e3o e a for\u00e7a do s\u00edmbolo mais representativo do pa\u00eds.<\/p>\n<p>Na parte superior do abridor destaca-se a palavra &#8220;ESPA\u00d1A&#8221;, acrescentando um toque distintivo que liga os turistas \u00e0 sua experi\u00eancia na pen\u00ednsula. A mistura de cores vivas n\u00e3o s\u00f3 torna este abridor numa pe\u00e7a decorativa ideal, mas tamb\u00e9m num objeto de conversa para qualquer reuni\u00e3o social.<\/p>\n<p>A Ol\u00e9 Mosaic orgulha-se de oferecer este produto aut\u00eantico, o que o torna um excelente artigo para lojas de presentes tur\u00edsticos que procuram souvenirs memor\u00e1veis. Como grossista de souvenirs met\u00e1licos, garantimos qualidade e relev\u00e2ncia cultural em cada um dos nossos produtos, assegurando que cada artigo conte a hist\u00f3ria da sua origem e celebre a tradi\u00e7\u00e3o espanhola. Este abridor de touro \u00e9 uma escolha excecional, que conjuga funcionalidade e est\u00e9tica num \u00fanico produto.<\/p>\n","protected":false},"excerpt":{"rendered":"<p>Abridor met\u00e1lico com design vibrante de um touro em t\u00e9cnica de epoxy, inspirado na rica cultura espanhola. Este abridor apresenta uma ilustra\u00e7\u00e3o colorida do touro, com formas geom\u00e9tricas em tons de vermelho, azul, verde e amarelo que evocam a arte moderna e o folclore espanhol. Na parte superior, a palavra &#8220;ESPA\u00d1A&#8221; acrescenta um toque distintivo e atraente. Ideal como recorda\u00e7\u00e3o funcional e decorativa.<\/p>\n","protected":false},"featured_media":7113,"template":"","meta":{"_acf_changed":false},"product_brand":[],"product_cat":[801],"product_tag":[516],"class_list":{"0":"post-27926","1":"product","2":"type-product","3":"status-publish","4":"has-post-thumbnail","6":"product_cat-abridores","7":"product_tag-animais","8":"pa_motivo-touros","10":"first","11":"instock","12":"shipping-taxable","13":"product-type-simple"},"acf":[],"_links":{"self":[{"href":"https:\/\/olemosaic.com\/pt-pt\/wp-json\/wp\/v2\/product\/27926","targetHints":{"allow":["GET"]}}],"collection":[{"href":"https:\/\/olemosaic.com\/pt-pt\/wp-json\/wp\/v2\/product"}],"about":[{"href":"https:\/\/olemosaic.com\/pt-pt\/wp-json\/wp\/v2\/types\/product"}],"wp:featuredmedia":[{"embeddable":true,"href":"https:\/\/olemosaic.com\/pt-pt\/wp-json\/wp\/v2\/media\/7113"}],"wp:attachment":[{"href":"https:\/\/olemosaic.com\/pt-pt\/wp-json\/wp\/v2\/media?parent=27926"}],"wp:term":[{"taxonomy":"product_brand","embeddable":true,"href":"https:\/\/olemosaic.com\/pt-pt\/wp-json\/wp\/v2\/product_brand?post=27926"},{"taxonomy":"product_cat","embeddable":true,"href":"https:\/\/olemosaic.com\/pt-pt\/wp-json\/wp\/v2\/product_cat?post=27926"},{"taxonomy":"product_tag","embeddable":true,"href":"https:\/\/olemosaic.com\/pt-pt\/wp-json\/wp\/v2\/product_tag?post=27926"}],"curies":[{"name":"wp","href":"https:\/\/api.w.org\/{rel}","templated":true}]}}