{"id":27920,"date":"2025-02-20T23:29:19","date_gmt":"2025-02-20T22:29:19","guid":{"rendered":"http:\/\/olemosaic.com\/producto\/abridor-de-metal-toro-madrid-epoxy-3\/"},"modified":"2025-07-25T19:46:53","modified_gmt":"2025-07-25T17:46:53","slug":"abridor-de-metal-touro-madrid-epoxi-3","status":"publish","type":"product","link":"https:\/\/olemosaic.com\/pt-pt\/produto\/abridor-de-metal-touro-madrid-epoxi-3\/","title":{"rendered":"Abridor de metal. Touro. Madrid. Espanha. Ep\u00f3xi."},"content":{"rendered":"<p>Este abridor met\u00e1lico com forma de touro \u00e9 uma recorda\u00e7\u00e3o vibrante e colorida de Madrid, perfeito para quem procura souvenirs aut\u00eanticos que representem a rica cultura espanhola. Com um acabamento de ep\u00f3xi que real\u00e7a a sua chamativa paleta de cores, incluindo tons azuis, vermelhos, amarelos e verdes, este abridor combina funcionalidade com um design atraente que evoca o folclore espanhol. A cabe\u00e7a do touro, s\u00edmbolo ic\u00f3nico da tradi\u00e7\u00e3o taurina e do esp\u00edrito da pen\u00ednsula ib\u00e9rica, est\u00e1 engenhosamente integrada com o texto \u201cMADRID\u201d na parte superior, o que o torna um artigo tanto pr\u00e1tico como decorativo. O seu design em mosaico n\u00e3o s\u00f3 capta a aten\u00e7\u00e3o, como tamb\u00e9m oferece um valor est\u00e9tico, tornando-o uma excelente op\u00e7\u00e3o para os admiradores da arte popular espanhola. Este abridor n\u00e3o \u00e9 apenas um utens\u00edlio \u00fatil para abrir garrafas, mas tamb\u00e9m atua como um elemento para iniciar conversas em qualquer reuni\u00e3o, recordando aos turistas a vibrante vida da capital espanhola. Na Ol\u00e9 Mosaic, somos distribuidores de souvenirs de qualidade, o que torna este abridor de touro um excelente presente para lojas de presentes tur\u00edsticos que procuram artigos aut\u00eanticos de Madrid para os seus clientes.<\/p>\n","protected":false},"excerpt":{"rendered":"<p>Abridor de metal com forma de touro, que apresenta um design vibrante e colorido caracter\u00edstico de Madrid. Este artigo decorativo conta com um acabamento de ep\u00f3xi que real\u00e7a a sua chamativa paleta de cores, com tons azuis, vermelhos, amarelos e verdes que evocam o folclore espanhol. A cabe\u00e7a do touro, s\u00edmbolo ic\u00f3nico da cultura espanhola, integra-se com o texto \u00abMADRID\u00bb na parte superior, o que o torna o souvenir ou presente perfeito.<\/p>\n","protected":false},"featured_media":6536,"template":"","meta":{"_acf_changed":false},"product_brand":[],"product_cat":[801],"product_tag":[516],"class_list":{"0":"post-27920","1":"product","2":"type-product","3":"status-publish","4":"has-post-thumbnail","6":"product_cat-abridores","7":"product_tag-animais","8":"pa_ciudad-madrid","9":"pa_motivo-touros","10":"pa_pais-espana","12":"first","13":"instock","14":"shipping-taxable","15":"product-type-simple"},"acf":[],"_links":{"self":[{"href":"https:\/\/olemosaic.com\/pt-pt\/wp-json\/wp\/v2\/product\/27920","targetHints":{"allow":["GET"]}}],"collection":[{"href":"https:\/\/olemosaic.com\/pt-pt\/wp-json\/wp\/v2\/product"}],"about":[{"href":"https:\/\/olemosaic.com\/pt-pt\/wp-json\/wp\/v2\/types\/product"}],"wp:featuredmedia":[{"embeddable":true,"href":"https:\/\/olemosaic.com\/pt-pt\/wp-json\/wp\/v2\/media\/6536"}],"wp:attachment":[{"href":"https:\/\/olemosaic.com\/pt-pt\/wp-json\/wp\/v2\/media?parent=27920"}],"wp:term":[{"taxonomy":"product_brand","embeddable":true,"href":"https:\/\/olemosaic.com\/pt-pt\/wp-json\/wp\/v2\/product_brand?post=27920"},{"taxonomy":"product_cat","embeddable":true,"href":"https:\/\/olemosaic.com\/pt-pt\/wp-json\/wp\/v2\/product_cat?post=27920"},{"taxonomy":"product_tag","embeddable":true,"href":"https:\/\/olemosaic.com\/pt-pt\/wp-json\/wp\/v2\/product_tag?post=27920"}],"curies":[{"name":"wp","href":"https:\/\/api.w.org\/{rel}","templated":true}]}}