{"id":27919,"date":"2025-02-20T23:29:19","date_gmt":"2025-02-20T22:29:19","guid":{"rendered":"http:\/\/olemosaic.com\/producto\/abridor-de-metal-toro-barcelona-pintado-a-mano-azul\/"},"modified":"2025-07-25T18:39:36","modified_gmt":"2025-07-25T16:39:36","slug":"abridor-de-metal-touro-barcelona-pintado-a-mao-azul","status":"publish","type":"product","link":"https:\/\/olemosaic.com\/pt-pt\/produto\/abridor-de-metal-touro-barcelona-pintado-a-mao-azul\/","title":{"rendered":"Abridor de metal. Touro. Barcelona. Azul"},"content":{"rendered":"<p>Este abridor met\u00e1lico com forma de touro \u00e9 uma aut\u00eantica homenagem \u00e0 rica cultura taurina de Barcelona, ideal como recorda\u00e7\u00e3o ou presente. O seu design vibrante, pintado \u00e0 m\u00e3o, combina uma variedade de cores como azul, vermelho e verde, fazendo de cada pe\u00e7a uma obra \u00fanica que real\u00e7a a paix\u00e3o e a arte da regi\u00e3o. A parte superior do abridor apresenta a inscri\u00e7\u00e3o &#8220;Barcelona&#8221;, acrescentando um toque distintivo que evoca a identidade da cidade.<\/p>\n<p>A parte inferior do abridor est\u00e1 adornada com um mosaico que recorda as tradi\u00e7\u00f5es art\u00edsticas de Espanha, integrando elementos visuais que refletem a heran\u00e7a cultural catal\u00e3. Este abridor n\u00e3o \u00e9 apenas uma ferramenta pr\u00e1tica para abrir garrafas, mas tamb\u00e9m atua como uma pe\u00e7a decorativa que pode ser exibida em qualquer casa, servindo como uma recorda\u00e7\u00e3o significativa de uma visita a Barcelona.<\/p>\n<p>Na Ol\u00e9 Mosaic, especializamo-nos na distribui\u00e7\u00e3o por grosso de recorda\u00e7\u00f5es representativas, oferecendo produtos aut\u00eanticos e de alta qualidade que capturam a ess\u00eancia de cada regi\u00e3o. Este abridor de touro \u00e9 uma excelente op\u00e7\u00e3o para lojas de presentes tur\u00edsticos que desejem oferecer aos seus clientes um peda\u00e7o de cultura e tradi\u00e7\u00e3o em cada artigo.<\/p>\n","protected":false},"excerpt":{"rendered":"<p>Abridor met\u00e1lico com forma de touro e um design vibrante de design artesanal, pintado \u00e0 m\u00e3o. Este original abridor, com cores como o azul, o vermelho e o verde, representa a rica cultura taurina de Barcelona. A parte inferior do abridor est\u00e1 adornada com um mosaico que evoca a tradi\u00e7\u00e3o art\u00edstica da regi\u00e3o, enquanto a parte superior exibe a inscri\u00e7\u00e3o &#8220;Barcelona&#8221;, um toque distintivo e evocativo. Ideal como recorda\u00e7\u00e3o ou presente.<\/p>\n","protected":false},"featured_media":11188,"template":"","meta":{"_acf_changed":false},"product_brand":[],"product_cat":[801],"product_tag":[516],"class_list":{"0":"post-27919","1":"product","2":"type-product","3":"status-publish","4":"has-post-thumbnail","6":"product_cat-abridores","7":"product_tag-animais","8":"pa_ciudad-barcelona","9":"pa_motivo-touros","10":"pa_pais-espana","12":"first","13":"instock","14":"shipping-taxable","15":"product-type-simple"},"acf":[],"_links":{"self":[{"href":"https:\/\/olemosaic.com\/pt-pt\/wp-json\/wp\/v2\/product\/27919","targetHints":{"allow":["GET"]}}],"collection":[{"href":"https:\/\/olemosaic.com\/pt-pt\/wp-json\/wp\/v2\/product"}],"about":[{"href":"https:\/\/olemosaic.com\/pt-pt\/wp-json\/wp\/v2\/types\/product"}],"wp:featuredmedia":[{"embeddable":true,"href":"https:\/\/olemosaic.com\/pt-pt\/wp-json\/wp\/v2\/media\/11188"}],"wp:attachment":[{"href":"https:\/\/olemosaic.com\/pt-pt\/wp-json\/wp\/v2\/media?parent=27919"}],"wp:term":[{"taxonomy":"product_brand","embeddable":true,"href":"https:\/\/olemosaic.com\/pt-pt\/wp-json\/wp\/v2\/product_brand?post=27919"},{"taxonomy":"product_cat","embeddable":true,"href":"https:\/\/olemosaic.com\/pt-pt\/wp-json\/wp\/v2\/product_cat?post=27919"},{"taxonomy":"product_tag","embeddable":true,"href":"https:\/\/olemosaic.com\/pt-pt\/wp-json\/wp\/v2\/product_tag?post=27919"}],"curies":[{"name":"wp","href":"https:\/\/api.w.org\/{rel}","templated":true}]}}