{"id":27918,"date":"2025-02-20T23:29:18","date_gmt":"2025-02-20T22:29:18","guid":{"rendered":"http:\/\/olemosaic.com\/producto\/abridor-de-metal-salamandra-barcelona-pintado-a-mano-azul\/"},"modified":"2025-07-25T18:57:25","modified_gmt":"2025-07-25T16:57:25","slug":"abridor-de-metal-salamandra-barcelona-pintado-a-mao-azul","status":"publish","type":"product","link":"https:\/\/olemosaic.com\/pt-pt\/produto\/abridor-de-metal-salamandra-barcelona-pintado-a-mao-azul\/","title":{"rendered":"Abridor de metal. Salamandra. Barcelona. Azul"},"content":{"rendered":"<p>Este abridor met\u00e1lico com forma de salamandra \u00e9 uma vibrante homenagem \u00e0 diversidade cultural de Barcelona. Com um design pintado \u00e0 m\u00e3o numa explos\u00e3o de cores que inclui tons azuis, verdes e vermelhos, este acess\u00f3rio n\u00e3o \u00e9 apenas funcional, mas tamb\u00e9m uma pe\u00e7a decorativa cativante. A salamandra, s\u00edmbolo de criatividade e transforma\u00e7\u00e3o, evoca a famosa obra de Gaud\u00ed, cujas formas org\u00e2nicas e mosaicos coloridos enriquecem a arquitetura da cidade. No corpo da salamandra, a palavra &#8220;Barcelona&#8221; est\u00e1 elegantemente gravada, tornando este abridor uma recorda\u00e7\u00e3o ideal para quem deseja levar um pedacinho da Cidade Condal.<\/p>\n<p>A elabora\u00e7\u00e3o art\u00edstica e os detalhes em mosaico refletem o estilo \u00fanico que caracteriza as obras-primas de Gaud\u00ed, fazendo deste abridor um souvenir aut\u00eantico que celebra a riqueza cultural de Barcelona. \u00c9 um presente perfeito para turistas e amantes da cidade que procuram um produto que combine utilidade e est\u00e9tica.<\/p>\n<p>Na Ol\u00e9 Mosaic, como grossista de souvenirs de Barcelona, oferecemos esta pe\u00e7a excecional, ideal para lojas de presentes tur\u00edsticos que desejam oferecer produtos representativos e de qualidade. Este abridor de salamandra \u00e9 uma excelente adi\u00e7\u00e3o para aqueles que valorizam a autenticidade e a criatividade nos seus souvenirs de viagem.<\/p>\n","protected":false},"excerpt":{"rendered":"<p>Abridor met\u00e1lico com forma de salamandra, inspirado na diversidade cultural de Barcelona. Este colorido acess\u00f3rio, de design artesanal, pintado \u00e0 m\u00e3o, em tons de azul, verde e vermelho, apresenta um design vibrante com detalhes de mosaico que evocam a arquitetura de Gaud\u00ed. No corpo da salamandra est\u00e1 gravada a palavra &#8220;Barcelona&#8221;, o que o torna uma recorda\u00e7\u00e3o perfeita da cidade. Um artigo funcional e decorativo que cativar\u00e1 os amantes da cidade condal.<\/p>\n","protected":false},"featured_media":11190,"template":"","meta":{"_acf_changed":false},"product_brand":[],"product_cat":[801],"product_tag":[516],"class_list":{"0":"post-27918","1":"product","2":"type-product","3":"status-publish","4":"has-post-thumbnail","6":"product_cat-abridores","7":"product_tag-animais","8":"pa_ciudad-barcelona","9":"pa_motivo-salamandras","10":"pa_pais-espana","12":"first","13":"instock","14":"shipping-taxable","15":"product-type-simple"},"acf":[],"_links":{"self":[{"href":"https:\/\/olemosaic.com\/pt-pt\/wp-json\/wp\/v2\/product\/27918","targetHints":{"allow":["GET"]}}],"collection":[{"href":"https:\/\/olemosaic.com\/pt-pt\/wp-json\/wp\/v2\/product"}],"about":[{"href":"https:\/\/olemosaic.com\/pt-pt\/wp-json\/wp\/v2\/types\/product"}],"wp:featuredmedia":[{"embeddable":true,"href":"https:\/\/olemosaic.com\/pt-pt\/wp-json\/wp\/v2\/media\/11190"}],"wp:attachment":[{"href":"https:\/\/olemosaic.com\/pt-pt\/wp-json\/wp\/v2\/media?parent=27918"}],"wp:term":[{"taxonomy":"product_brand","embeddable":true,"href":"https:\/\/olemosaic.com\/pt-pt\/wp-json\/wp\/v2\/product_brand?post=27918"},{"taxonomy":"product_cat","embeddable":true,"href":"https:\/\/olemosaic.com\/pt-pt\/wp-json\/wp\/v2\/product_cat?post=27918"},{"taxonomy":"product_tag","embeddable":true,"href":"https:\/\/olemosaic.com\/pt-pt\/wp-json\/wp\/v2\/product_tag?post=27918"}],"curies":[{"name":"wp","href":"https:\/\/api.w.org\/{rel}","templated":true}]}}