{"id":27917,"date":"2025-02-20T22:29:18","date_gmt":"2025-02-20T22:29:18","guid":{"rendered":"http:\/\/olemosaic.com\/producto\/abridor-de-metal-bailaora-barcelona-epoxy\/"},"modified":"2025-07-25T18:36:53","modified_gmt":"2025-07-25T16:36:53","slug":"abridor-de-metal-bailaora-barcelona-epoxi","status":"publish","type":"product","link":"https:\/\/olemosaic.com\/pt-pt\/produto\/abridor-de-metal-bailaora-barcelona-epoxi\/","title":{"rendered":"Abridor de metal. Bailaora. Barcelona. Ep\u00f3xi."},"content":{"rendered":"<p>Este abridor met\u00e1lico com o design de uma bailaora \u00e9 uma pe\u00e7a \u00fanica que captura a ess\u00eancia da cultura flamenca de Barcelona, tornando-se um presente ideal para quem procura um souvenir representativo da cidade. Elaborado com um acabamento met\u00e1lico de alta qualidade, este abridor apresenta uma colorida representa\u00e7\u00e3o de uma bailaora em pleno baile, trajada com um vibrante vestido adornado com padr\u00f5es em tons vermelhos, verdes e azuis. Os detalhes de ep\u00f3xi que decoram a figura n\u00e3o s\u00f3 proporcionam um brilho excecional, como tamb\u00e9m real\u00e7am a riqueza das cores, tornando o design visualmente impactante e atraente.<\/p>\n<p>Sobre a bailaora destaca-se a palavra &#8220;Barcelona&#8221;, que refor\u00e7a a sua liga\u00e7\u00e3o com a cidade e a sua cultura. Este abridor n\u00e3o \u00e9 apenas um acess\u00f3rio funcional, mas tamb\u00e9m atua como uma recorda\u00e7\u00e3o nost\u00e1lgica e aut\u00eantica da tradi\u00e7\u00e3o flamenca que caracteriza Barcelona. \u00c9 um objeto que celebra a alegria e a vivacidade da arte flamenca, tornando-se uma excelente op\u00e7\u00e3o para os turistas que desejam levar um peda\u00e7o da hist\u00f3ria e da cultura catal\u00e3.<\/p>\n<p>Na Ol\u00e9 Mosaic, orgulhamo-nos de oferecer souvenirs de qualidade, e este abridor met\u00e1lico \u00e9 uma op\u00e7\u00e3o perfeita para lojas de presentes tur\u00edsticos que procuram produtos aut\u00eanticos e representativos. Com a sua combina\u00e7\u00e3o de design art\u00edstico e funcionalidade, este abridor destaca-se como um artigo essencial para aqueles que desejam recordar as suas f\u00e9rias em Barcelona de forma especial.<\/p>\n","protected":false},"excerpt":{"rendered":"<p>Abridor met\u00e1lico com o design de uma bailaora, inspirado na cultura flamenca de Barcelona. Este original abridor est\u00e1 decorado com elementos de ep\u00f3xi que lhe conferem um acabamento brilhante e apresenta uma colorida representa\u00e7\u00e3o de uma bailaora vestida com um traje cheio de vibrantes estampados em tons vermelhos, verdes e azuis. Sobre a figura, l\u00ea-se &#8220;Barcelona&#8221;, o que o torna um souvenir ideal para recordar a ess\u00eancia da cidade.<\/p>\n","protected":false},"featured_media":6335,"template":"","meta":{"_acf_changed":false},"product_brand":[],"product_cat":[801],"product_tag":[],"class_list":{"0":"post-27917","1":"product","2":"type-product","3":"status-publish","4":"has-post-thumbnail","6":"product_cat-abridores","7":"pa_ciudad-barcelona","8":"pa_motivo-dancarinos","9":"pa_pais-espana","11":"first","12":"instock","13":"shipping-taxable","14":"product-type-simple"},"acf":[],"_links":{"self":[{"href":"https:\/\/olemosaic.com\/pt-pt\/wp-json\/wp\/v2\/product\/27917","targetHints":{"allow":["GET"]}}],"collection":[{"href":"https:\/\/olemosaic.com\/pt-pt\/wp-json\/wp\/v2\/product"}],"about":[{"href":"https:\/\/olemosaic.com\/pt-pt\/wp-json\/wp\/v2\/types\/product"}],"wp:featuredmedia":[{"embeddable":true,"href":"https:\/\/olemosaic.com\/pt-pt\/wp-json\/wp\/v2\/media\/6335"}],"wp:attachment":[{"href":"https:\/\/olemosaic.com\/pt-pt\/wp-json\/wp\/v2\/media?parent=27917"}],"wp:term":[{"taxonomy":"product_brand","embeddable":true,"href":"https:\/\/olemosaic.com\/pt-pt\/wp-json\/wp\/v2\/product_brand?post=27917"},{"taxonomy":"product_cat","embeddable":true,"href":"https:\/\/olemosaic.com\/pt-pt\/wp-json\/wp\/v2\/product_cat?post=27917"},{"taxonomy":"product_tag","embeddable":true,"href":"https:\/\/olemosaic.com\/pt-pt\/wp-json\/wp\/v2\/product_tag?post=27917"}],"curies":[{"name":"wp","href":"https:\/\/api.w.org\/{rel}","templated":true}]}}