{"id":27916,"date":"2025-02-20T22:29:18","date_gmt":"2025-02-20T22:29:18","guid":{"rendered":"http:\/\/olemosaic.com\/producto\/abridor-de-metal-panoramica-barcelona-epoxy\/"},"modified":"2025-07-25T19:38:40","modified_gmt":"2025-07-25T17:38:40","slug":"abridor-de-metal-panoramica-barcelona-epoxi","status":"publish","type":"product","link":"https:\/\/olemosaic.com\/pt-pt\/produto\/abridor-de-metal-panoramica-barcelona-epoxi\/","title":{"rendered":"Abridor de metal. Panor\u00e2mica. Barcelona. Ep\u00f3xi."},"content":{"rendered":"<p>Este abridor met\u00e1lico com design panor\u00e2mico de Barcelona \u00e9 uma pe\u00e7a \u00fanica que combina funcionalidade e arte, ideal para recordar a sua visita a esta vibrante cidade. Elaborado com t\u00e9cnica de resina ep\u00f3xi, apresenta uma impressionante ilustra\u00e7\u00e3o que captura a ess\u00eancia modernista de Barcelona, destacando a Sagrada Fam\u00edlia com as suas majestosas torres que se elevam em dire\u00e7\u00e3o ao c\u00e9u, s\u00edmbolo da destacada obra de Antoni Gaud\u00ed. Ao seu lado, os coloridos mosaicos do Park G\u00fcell acrescentam um toque de alegria e criatividade, refletindo as cores e formas distintivas que caracterizam a obra do famoso arquiteto.<\/p>\n<p>Este abridor n\u00e3o \u00e9 apenas uma ferramenta pr\u00e1tica, mas tamb\u00e9m uma recorda\u00e7\u00e3o atraente de Barcelona que evoca a riqueza cultural e arquitet\u00f3nica da cidade. O seu design visualmente impactante torna-o um objeto decorativo perfeito para qualquer casa, enquanto a sua funcionalidade garante que ser\u00e1 utilizado com frequ\u00eancia. Na Ol\u00e9 Mosaic, oferecemos este caracter\u00edstico abridor como parte da nossa cole\u00e7\u00e3o de recorda\u00e7\u00f5es por grosso, proporcionando \u00e0s lojas de presentes tur\u00edsticos a oportunidade de oferecer produtos que realcem a autenticidade e o valor cultural de Barcelona. Um souvenir que, sem d\u00favida, encantar\u00e1 os amantes da cidade e da sua arte.<\/p>\n","protected":false},"excerpt":{"rendered":"<p>Abridor met\u00e1lico com design panor\u00e2mico de Barcelona, adornado com uma vibrante ilustra\u00e7\u00e3o em t\u00e9cnica de ep\u00f3xi. Este atraente abridor mostra a ic\u00f3nica Sagrada Fam\u00edlia junto aos coloridos mosaicos do Parque G\u00fcell, destacando as cores e formas distintivas da obra de Gaud\u00ed. Perfeito para os amantes de Barcelona, esta recorda\u00e7\u00e3o combina funcionalidade com um design art\u00edstico que captura a ess\u00eancia modernista da cidade.<\/p>\n","protected":false},"featured_media":7126,"template":"","meta":{"_acf_changed":false},"product_brand":[],"product_cat":[801],"product_tag":[],"class_list":{"0":"post-27916","1":"product","2":"type-product","3":"status-publish","4":"has-post-thumbnail","6":"product_cat-abridores","7":"pa_ciudad-barcelona","8":"pa_motivo-panoramas","9":"pa_pais-espana","11":"first","12":"instock","13":"shipping-taxable","14":"product-type-simple"},"acf":[],"_links":{"self":[{"href":"https:\/\/olemosaic.com\/pt-pt\/wp-json\/wp\/v2\/product\/27916","targetHints":{"allow":["GET"]}}],"collection":[{"href":"https:\/\/olemosaic.com\/pt-pt\/wp-json\/wp\/v2\/product"}],"about":[{"href":"https:\/\/olemosaic.com\/pt-pt\/wp-json\/wp\/v2\/types\/product"}],"wp:featuredmedia":[{"embeddable":true,"href":"https:\/\/olemosaic.com\/pt-pt\/wp-json\/wp\/v2\/media\/7126"}],"wp:attachment":[{"href":"https:\/\/olemosaic.com\/pt-pt\/wp-json\/wp\/v2\/media?parent=27916"}],"wp:term":[{"taxonomy":"product_brand","embeddable":true,"href":"https:\/\/olemosaic.com\/pt-pt\/wp-json\/wp\/v2\/product_brand?post=27916"},{"taxonomy":"product_cat","embeddable":true,"href":"https:\/\/olemosaic.com\/pt-pt\/wp-json\/wp\/v2\/product_cat?post=27916"},{"taxonomy":"product_tag","embeddable":true,"href":"https:\/\/olemosaic.com\/pt-pt\/wp-json\/wp\/v2\/product_tag?post=27916"}],"curies":[{"name":"wp","href":"https:\/\/api.w.org\/{rel}","templated":true}]}}