{"id":27915,"date":"2025-02-20T22:29:18","date_gmt":"2025-02-20T22:29:18","guid":{"rendered":"http:\/\/olemosaic.com\/producto\/abridor-de-metal-corazon-epoxy\/"},"modified":"2025-07-25T18:36:57","modified_gmt":"2025-07-25T16:36:57","slug":"abridor-de-metal-coracao-epoxi","status":"publish","type":"product","link":"https:\/\/olemosaic.com\/pt-pt\/produto\/abridor-de-metal-coracao-epoxi\/","title":{"rendered":"Abridor de metal. Cora\u00e7\u00e3o. Ep\u00f3xi."},"content":{"rendered":"<p>Este abridor met\u00e1lico com design em ep\u00f3xi apresenta um colorido cora\u00e7\u00e3o que presta homenagem \u00e0 vibrante cultura espanhola. A sua forma distintiva, destacada no centro, est\u00e1 adornada com um mosaico que combina deslumbrantes tons azuis, vermelhos, amarelos e verdes, evocando a tradi\u00e7\u00e3o art\u00edstica de obras ic\u00f3nicas, como as do c\u00e9lebre arquiteto Antoni Gaud\u00ed. Cada detalhe do mosaico \u00e9 meticulosamente desenhado, criando um efeito visual que captura a ess\u00eancia da arte modernista catal\u00e3 e convida a reviver momentos memor\u00e1veis em cada utiliza\u00e7\u00e3o.<\/p>\n<p>Fabricado em metal, este abridor n\u00e3o s\u00f3 \u00e9 pr\u00e1tico, como tamb\u00e9m confere um toque art\u00edstico e colorido a qualquer reuni\u00e3o ou celebra\u00e7\u00e3o. O seu design foi concebido para ser funcional sem sacrificar a est\u00e9tica, transformando uma tarefa quotidiana numa experi\u00eancia que reflete a calidez e criatividade espanholas. A parte inferior em forma de cora\u00e7\u00e3o simboliza o amor e a paix\u00e3o pela vida, caracter\u00edsticas intr\u00ednsecas da cultura espanhola.<\/p>\n<p>Como uma aut\u00eantica recorda\u00e7\u00e3o que representa a riqueza da arte e da tradi\u00e7\u00e3o de Espanha, este abridor \u00e9 uma excelente op\u00e7\u00e3o para turistas que procuram levar um peda\u00e7o da cultura local. Na Ol\u00e9 Mosaic, somos distribuidores de recorda\u00e7\u00f5es por grosso e oferecemos produtos \u00fanicos como este abridor de cora\u00e7\u00e3o, ideal para lojas que desejem oferecer artigos representativos que liguem \u00e0 hist\u00f3ria e ao folclore da regi\u00e3o. \u00c9 um presente ideal que combina funcionalidade e arte, perfeito para quem aprecia recorda\u00e7\u00f5es aut\u00eanticas de Espanha.<\/p>\n","protected":false},"excerpt":{"rendered":"<p>Abridor met\u00e1lico com design em ep\u00f3xi que apresenta um colorido cora\u00e7\u00e3o, inspirado na vibrante cultura espanhola. Este pr\u00e1tico abridor destaca-se pela sua distintiva forma central, decorada com um mosaico de tons azuis, vermelhos, amarelos e verdes, que evocam a tradi\u00e7\u00e3o art\u00edstica de obras como as de Gaud\u00ed. Ideal para acrescentar um toque art\u00edstico a qualquer reuni\u00e3o, combina funcionalidade com uma est\u00e9tica atraente.<\/p>\n","protected":false},"featured_media":8688,"template":"","meta":{"_acf_changed":false},"product_brand":[],"product_cat":[801],"product_tag":[],"class_list":{"0":"post-27915","1":"product","2":"type-product","3":"status-publish","4":"has-post-thumbnail","6":"product_cat-abridores","7":"pa_motivo-coracoes","9":"first","10":"instock","11":"shipping-taxable","12":"product-type-simple"},"acf":[],"_links":{"self":[{"href":"https:\/\/olemosaic.com\/pt-pt\/wp-json\/wp\/v2\/product\/27915","targetHints":{"allow":["GET"]}}],"collection":[{"href":"https:\/\/olemosaic.com\/pt-pt\/wp-json\/wp\/v2\/product"}],"about":[{"href":"https:\/\/olemosaic.com\/pt-pt\/wp-json\/wp\/v2\/types\/product"}],"wp:featuredmedia":[{"embeddable":true,"href":"https:\/\/olemosaic.com\/pt-pt\/wp-json\/wp\/v2\/media\/8688"}],"wp:attachment":[{"href":"https:\/\/olemosaic.com\/pt-pt\/wp-json\/wp\/v2\/media?parent=27915"}],"wp:term":[{"taxonomy":"product_brand","embeddable":true,"href":"https:\/\/olemosaic.com\/pt-pt\/wp-json\/wp\/v2\/product_brand?post=27915"},{"taxonomy":"product_cat","embeddable":true,"href":"https:\/\/olemosaic.com\/pt-pt\/wp-json\/wp\/v2\/product_cat?post=27915"},{"taxonomy":"product_tag","embeddable":true,"href":"https:\/\/olemosaic.com\/pt-pt\/wp-json\/wp\/v2\/product_tag?post=27915"}],"curies":[{"name":"wp","href":"https:\/\/api.w.org\/{rel}","templated":true}]}}