{"id":27914,"date":"2025-02-20T23:29:18","date_gmt":"2025-02-20T22:29:18","guid":{"rendered":"http:\/\/olemosaic.com\/producto\/abridor-de-metal-toro-madrid-epoxy-2\/"},"modified":"2025-07-25T18:39:32","modified_gmt":"2025-07-25T16:39:32","slug":"abridor-de-metal-touro-madrid-epoxi-2","status":"publish","type":"product","link":"https:\/\/olemosaic.com\/pt-pt\/produto\/abridor-de-metal-touro-madrid-epoxi-2\/","title":{"rendered":"Abridor de metal. Touro. Mosaico. Madrid. Ep\u00f3xi."},"content":{"rendered":"<p>Este abridor met\u00e1lico, com o design do ic\u00f3nico touro de Madrid, \u00e9 uma pe\u00e7a \u00fanica que funde funcionalidade e arte. A sua robusta estrutura de metal garante durabilidade, enquanto o touro, elaborado com uma colorida t\u00e9cnica de ep\u00f3xi, atrai o olhar ao simular um vibrante mosaico que evoca a festa e tradi\u00e7\u00e3o espanholas. O design art\u00edstico apresenta o touro numa explos\u00e3o de tons intensos \u2013 vermelho, azul, verde e amarelo \u2013, que evocam n\u00e3o s\u00f3 a cultura espanhola, mas tamb\u00e9m a emblem\u00e1tica figura do touro de lide, s\u00edmbolo de for\u00e7a e valentia.<\/p>\n<p>A parte superior do abridor inclui a palavra &#8220;MADRID&#8221;, acrescentando um toque extra de autenticidade e liga\u00e7\u00e3o com a capital. Este pr\u00e1tico acess\u00f3rio n\u00e3o s\u00f3 \u00e9 essencial para abrir garrafas, como tamb\u00e9m se torna num objeto decorativo que confere um toque art\u00edstico a qualquer lar, sendo uma recorda\u00e7\u00e3o indispens\u00e1vel para quem visita a cidade. Ideal para turistas que procuram recorda\u00e7\u00f5es representativas de Madrid, este abridor com forma de touro \u00e9 uma excelente op\u00e7\u00e3o para lojas de presentes tur\u00edsticos que desejem oferecer produtos de qualidade e com um forte v\u00ednculo cultural. Na Ol\u00e9 Mosaic, somos distribuidores de recorda\u00e7\u00f5es aut\u00eanticas e coloridas, perfeitas para satisfazer qualquer cliente em busca da ess\u00eancia de Espanha.<\/p>\n","protected":false},"excerpt":{"rendered":"<p>Abridor met\u00e1lico com o design do ic\u00f3nico touro de Madrid, decorado com uma colorida t\u00e9cnica de ep\u00f3xi que simula um mosaico vibrante. Este pr\u00e1tico abridor n\u00e3o s\u00f3 \u00e9 funcional, como tamb\u00e9m acrescenta um toque art\u00edstico a qualquer lar. A figura do touro destaca-se em tons intensos de vermelho, azul, verde e amarelo, evocando a rica cultura e tradi\u00e7\u00e3o de Espanha, o que o torna numa recorda\u00e7\u00e3o indispens\u00e1vel para os amantes da cidade.<\/p>\n","protected":false},"featured_media":7116,"template":"","meta":{"_acf_changed":false},"product_brand":[],"product_cat":[801],"product_tag":[516],"class_list":{"0":"post-27914","1":"product","2":"type-product","3":"status-publish","4":"has-post-thumbnail","6":"product_cat-abridores","7":"product_tag-animais","8":"pa_ciudad-madrid","9":"pa_motivo-touros","10":"pa_pais-espana","12":"first","13":"instock","14":"shipping-taxable","15":"product-type-simple"},"acf":[],"_links":{"self":[{"href":"https:\/\/olemosaic.com\/pt-pt\/wp-json\/wp\/v2\/product\/27914","targetHints":{"allow":["GET"]}}],"collection":[{"href":"https:\/\/olemosaic.com\/pt-pt\/wp-json\/wp\/v2\/product"}],"about":[{"href":"https:\/\/olemosaic.com\/pt-pt\/wp-json\/wp\/v2\/types\/product"}],"wp:featuredmedia":[{"embeddable":true,"href":"https:\/\/olemosaic.com\/pt-pt\/wp-json\/wp\/v2\/media\/7116"}],"wp:attachment":[{"href":"https:\/\/olemosaic.com\/pt-pt\/wp-json\/wp\/v2\/media?parent=27914"}],"wp:term":[{"taxonomy":"product_brand","embeddable":true,"href":"https:\/\/olemosaic.com\/pt-pt\/wp-json\/wp\/v2\/product_brand?post=27914"},{"taxonomy":"product_cat","embeddable":true,"href":"https:\/\/olemosaic.com\/pt-pt\/wp-json\/wp\/v2\/product_cat?post=27914"},{"taxonomy":"product_tag","embeddable":true,"href":"https:\/\/olemosaic.com\/pt-pt\/wp-json\/wp\/v2\/product_tag?post=27914"}],"curies":[{"name":"wp","href":"https:\/\/api.w.org\/{rel}","templated":true}]}}