{"id":27913,"date":"2025-02-20T22:29:18","date_gmt":"2025-02-20T22:29:18","guid":{"rendered":"http:\/\/olemosaic.com\/producto\/abridor-de-metal-gato-epoxy\/"},"modified":"2025-07-25T18:39:33","modified_gmt":"2025-07-25T16:39:33","slug":"abridor-de-metal-gato-epoxi","status":"publish","type":"product","link":"https:\/\/olemosaic.com\/pt-pt\/produto\/abridor-de-metal-gato-epoxi\/","title":{"rendered":"Abridor de metal. Gato. Ep\u00f3xi."},"content":{"rendered":"<p>Este abridor met\u00e1lico, com o seu design decorativo de gato, \u00e9 uma recorda\u00e7\u00e3o vibrante que captura a ess\u00eancia da arte do mosaico, t\u00e3o caracter\u00edstica de diversas regi\u00f5es espanholas. Fabricado em metal de alta qualidade, a sua superf\u00edcie est\u00e1 adornada com um design apelativo que apresenta um gato estilizado, elaborado com um acabamento de ep\u00f3xi que real\u00e7a o seu colorido, onde predominam os tons verdes, azuis, vermelhos e amarelos. A imagem do gato, com os seus grandes olhos expressivos e contornos fluidos, evoca a alegria e o esp\u00edrito l\u00fadico que frequentemente se associam \u00e0 vida quotidiana em Espanha.<\/p>\n<p>Este abridor n\u00e3o \u00e9 apenas uma ferramenta funcional para abrir garrafas, mas tamb\u00e9m uma pe\u00e7a decorativa que pode ser exibida em cozinhas ou como parte de un conjunto de utens\u00edlios. A sua est\u00e9tica singular torna-o num presente perfeito para os amantes de gatos e numa recorda\u00e7\u00e3o inesquec\u00edvel das visitas a Espanha, ideal para quem procura recorda\u00e7\u00f5es aut\u00eanticas e representativas da cultura local.<\/p>\n<p>Na Ol\u00e9 Mosaic dedicamo-nos \u00e0 distribui\u00e7\u00e3o de recorda\u00e7\u00f5es por grosso, oferecendo produtos que se baseiam na rica tradi\u00e7\u00e3o art\u00edstica espanhola. Este abridor com design de gato \u00e9 uma excelente escolha para lojas de presentes tur\u00edsticos, combinando funcionalidade e apelo visual. Como grossistas de recorda\u00e7\u00f5es, garantimos qualidade e autenticidade em cada produto, fazendo deste abridor uma op\u00e7\u00e3o ideal para recordar momentos especiais da sua visita a Espanha.<\/p>\n","protected":false},"excerpt":{"rendered":"<p>Abridor de metal decorado com um design vibrante de um gato, inspirado no estilo mosaico que caracteriza a arte de diversas regi\u00f5es espanholas. O abridor est\u00e1 revestido de ep\u00f3xi, o que real\u00e7a as suas cores brilhantes, com verdes, azuis, vermelhos e amarelos que criam uma imagem apelativa e alegre. Perfeito para os amantes de gatos e uma excelente recorda\u00e7\u00e3o para levar de Espanha.<\/p>\n","protected":false},"featured_media":7125,"template":"","meta":{"_acf_changed":false},"product_brand":[],"product_cat":[801],"product_tag":[516],"class_list":{"0":"post-27913","1":"product","2":"type-product","3":"status-publish","4":"has-post-thumbnail","6":"product_cat-abridores","7":"product_tag-animais","8":"pa_motivo-gatos","10":"first","11":"instock","12":"shipping-taxable","13":"product-type-simple"},"acf":[],"_links":{"self":[{"href":"https:\/\/olemosaic.com\/pt-pt\/wp-json\/wp\/v2\/product\/27913","targetHints":{"allow":["GET"]}}],"collection":[{"href":"https:\/\/olemosaic.com\/pt-pt\/wp-json\/wp\/v2\/product"}],"about":[{"href":"https:\/\/olemosaic.com\/pt-pt\/wp-json\/wp\/v2\/types\/product"}],"wp:featuredmedia":[{"embeddable":true,"href":"https:\/\/olemosaic.com\/pt-pt\/wp-json\/wp\/v2\/media\/7125"}],"wp:attachment":[{"href":"https:\/\/olemosaic.com\/pt-pt\/wp-json\/wp\/v2\/media?parent=27913"}],"wp:term":[{"taxonomy":"product_brand","embeddable":true,"href":"https:\/\/olemosaic.com\/pt-pt\/wp-json\/wp\/v2\/product_brand?post=27913"},{"taxonomy":"product_cat","embeddable":true,"href":"https:\/\/olemosaic.com\/pt-pt\/wp-json\/wp\/v2\/product_cat?post=27913"},{"taxonomy":"product_tag","embeddable":true,"href":"https:\/\/olemosaic.com\/pt-pt\/wp-json\/wp\/v2\/product_tag?post=27913"}],"curies":[{"name":"wp","href":"https:\/\/api.w.org\/{rel}","templated":true}]}}