{"id":27912,"date":"2025-02-20T22:29:18","date_gmt":"2025-02-20T22:29:18","guid":{"rendered":"http:\/\/olemosaic.com\/producto\/abridor-de-metal-bailaora-sevilla-epoxy\/"},"modified":"2025-07-25T18:35:43","modified_gmt":"2025-07-25T16:35:43","slug":"abridor-de-metal-bailarina-sevilha-epoxi","status":"publish","type":"product","link":"https:\/\/olemosaic.com\/pt-pt\/produto\/abridor-de-metal-bailarina-sevilha-epoxi\/","title":{"rendered":"Abridor de metal. Bailarina. Sevilha. Ep\u00f3xi."},"content":{"rendered":"<p>Este abridor met\u00e1lico, com o design de uma bailarina de flamenco, \u00e9 uma excelente recorda\u00e7\u00e3o de Sevilha que funde funcionalidade e arte numa s\u00f3 pe\u00e7a. Elaborado com metal de alta qualidade e acabado com uma atraente camada de ep\u00f3xi, destaca-se pela sua vibrante ilustra\u00e7\u00e3o de uma bailarina com um vestido de formas geom\u00e9tricas que evocam o colorido e a criatividade da arte andaluza. A figura, com o seu traje din\u00e2mico e cheio de cor, captura o movimento e a paix\u00e3o do flamenco, uma express\u00e3o cultural ic\u00f3nica da regi\u00e3o.<\/p>\n<p>Na parte superior do abridor, a palavra &#8220;SEVILLA&#8221; aparece em letras proeminentes, acrescentando um toque personalizado e aut\u00eantico que real\u00e7a o seu valor como recorda\u00e7\u00e3o. Este abridor n\u00e3o s\u00f3 \u00e9 \u00fatil para abrir garrafas, como tamb\u00e9m serve como um belo objeto decorativo que evoca a rica heran\u00e7a cultural de Sevilha. A bailarina, emblema do folclore local, representa o esp\u00edrito da cidade, convidando quem o possui a mergulhar na cultura andaluza.<\/p>\n<p>Na Ol\u00e9 Mosaic, especializamo-nos na distribui\u00e7\u00e3o de recorda\u00e7\u00f5es por grosso, e este abridor de bailarina de flamenco \u00e9 uma excelente op\u00e7\u00e3o para lojas de presentes tur\u00edsticos que procuram artigos que reflitam a ess\u00eancia de Sevilha. Esta recorda\u00e7\u00e3o \u00e9 ideal para turistas que procuram lembran\u00e7as aut\u00eanticas e funcionais, encapsulando a alegria e a arte de uma das cidades mais emblem\u00e1ticas de Espanha.<\/p>\n","protected":false},"excerpt":{"rendered":"<p>Abridor met\u00e1lico com o design de uma bailarina de flamenco, inspirado na cultura sevilhana. Este atraente abridor, fabricado em metal e acabado com uma camada de ep\u00f3xi, representa uma bailarina com um vestido cheio de cor e formas geom\u00e9tricas, que evocam a arte andaluza. Na parte superior, destaca-se a palavra &#8220;SEVILLA&#8221; em letras proeminentes, o que torna este artigo numa recorda\u00e7\u00e3o perfeita e funcional que celebra o vibrante folclore sevilhano.<\/p>\n","protected":false},"featured_media":6501,"template":"","meta":{"_acf_changed":false},"product_brand":[],"product_cat":[801],"product_tag":[],"class_list":{"0":"post-27912","1":"product","2":"type-product","3":"status-publish","4":"has-post-thumbnail","6":"product_cat-abridores","7":"pa_ciudad-sevilla","8":"pa_motivo-dancarinos","9":"pa_pais-espana","11":"first","12":"instock","13":"shipping-taxable","14":"product-type-simple"},"acf":[],"_links":{"self":[{"href":"https:\/\/olemosaic.com\/pt-pt\/wp-json\/wp\/v2\/product\/27912","targetHints":{"allow":["GET"]}}],"collection":[{"href":"https:\/\/olemosaic.com\/pt-pt\/wp-json\/wp\/v2\/product"}],"about":[{"href":"https:\/\/olemosaic.com\/pt-pt\/wp-json\/wp\/v2\/types\/product"}],"wp:featuredmedia":[{"embeddable":true,"href":"https:\/\/olemosaic.com\/pt-pt\/wp-json\/wp\/v2\/media\/6501"}],"wp:attachment":[{"href":"https:\/\/olemosaic.com\/pt-pt\/wp-json\/wp\/v2\/media?parent=27912"}],"wp:term":[{"taxonomy":"product_brand","embeddable":true,"href":"https:\/\/olemosaic.com\/pt-pt\/wp-json\/wp\/v2\/product_brand?post=27912"},{"taxonomy":"product_cat","embeddable":true,"href":"https:\/\/olemosaic.com\/pt-pt\/wp-json\/wp\/v2\/product_cat?post=27912"},{"taxonomy":"product_tag","embeddable":true,"href":"https:\/\/olemosaic.com\/pt-pt\/wp-json\/wp\/v2\/product_tag?post=27912"}],"curies":[{"name":"wp","href":"https:\/\/api.w.org\/{rel}","templated":true}]}}