{"id":27890,"date":"2025-02-20T22:29:17","date_gmt":"2025-02-20T22:29:17","guid":{"rendered":"http:\/\/olemosaic.com\/producto\/abridor-de-metal-toro-sevilla-epoxy\/"},"modified":"2025-07-25T19:24:11","modified_gmt":"2025-07-25T17:24:11","slug":"abridor-de-metal-touro-sevilha-epoxi","status":"publish","type":"product","link":"https:\/\/olemosaic.com\/pt-pt\/produto\/abridor-de-metal-touro-sevilha-epoxi\/","title":{"rendered":"Abridor de metal. Touro. Sevilha. Ep\u00f3xi."},"content":{"rendered":"<p>Este abridor met\u00e1lico com design de touros \u00e9 uma aut\u00eantica homenagem \u00e0 rica cultura sevilhana. Elaborado com esmero, o seu vibrante acabamento em ep\u00f3xi destaca-se pela representa\u00e7\u00e3o de dois touros em cores chamativas, que evocam a tradi\u00e7\u00e3o andaluza com um cativante estilo mosaico. A parte superior do abridor apresenta a inscri\u00e7\u00e3o &#8220;Sevilha&#8221;, adicionando um toque personalizado que refor\u00e7a a sua identidade cultural. N\u00e3o \u00e9 apenas uma ferramenta pr\u00e1tica para abrir garrafas, mas tamb\u00e9m funciona como uma atraente recorda\u00e7\u00e3o emblem\u00e1tica que captura a ess\u00eancia do esp\u00edrito andaluz.<\/p>\n<p>Visualmente, o abridor destaca-se pelo seu design colorido e din\u00e2mico, onde cada tom narra uma parte da hist\u00f3ria taurina de Sevilha, cidade famosa pelas suas touradas e festivais vibrantes. Os detalhes art\u00edsticos do mosaico oferecem uma fus\u00e3o perfeita entre tradi\u00e7\u00e3o e modernidade, tornando-o o presente ideal para turistas que procuram levar um pedacinho de Sevilha. Al\u00e9m disso, a sua funcionalidade di\u00e1ria garante que esta recorda\u00e7\u00e3o n\u00e3o termine no fundo de uma gaveta, mas que se torne uma lembran\u00e7a pr\u00e1tica que os utilizadores desfrutar\u00e3o em casa. Na Ol\u00e9 Mosaic, somos o seu distribuidor de recorda\u00e7\u00f5es por grosso e oferecemos produtos aut\u00eanticos como este abridor de touros, ideal para lojas de presentes tur\u00edsticos que valorizam a qualidade e a tradi\u00e7\u00e3o nos seus cat\u00e1logos.<\/p>\n","protected":false},"excerpt":{"rendered":"<p>Abridor met\u00e1lico com design de touros inspirado na cultura sevilhana. Este atraente abridor apresenta um vibrante acabamento em ep\u00f3xi, onde dois touros s\u00e3o mostrados com cores chamativas, destacando um estilo mosaico que evoca a arte e a tradi\u00e7\u00e3o da Andaluzia. A parte superior inclui a inscri\u00e7\u00e3o &#8220;Sevilha&#8221;, conferindo um toque pessoal e distintivo. Ideal como recorda\u00e7\u00e3o ou para uso di\u00e1rio, combina funcionalidade com um design \u00fanico e cultural.<\/p>\n","protected":false},"featured_media":8813,"template":"","meta":{"_acf_changed":false},"product_brand":[],"product_cat":[801],"product_tag":[516],"class_list":{"0":"post-27890","1":"product","2":"type-product","3":"status-publish","4":"has-post-thumbnail","6":"product_cat-abridores","7":"product_tag-animais","8":"pa_ciudad-sevilla","9":"pa_motivo-touros","10":"pa_pais-espana","12":"first","13":"instock","14":"shipping-taxable","15":"product-type-simple"},"acf":[],"_links":{"self":[{"href":"https:\/\/olemosaic.com\/pt-pt\/wp-json\/wp\/v2\/product\/27890","targetHints":{"allow":["GET"]}}],"collection":[{"href":"https:\/\/olemosaic.com\/pt-pt\/wp-json\/wp\/v2\/product"}],"about":[{"href":"https:\/\/olemosaic.com\/pt-pt\/wp-json\/wp\/v2\/types\/product"}],"wp:featuredmedia":[{"embeddable":true,"href":"https:\/\/olemosaic.com\/pt-pt\/wp-json\/wp\/v2\/media\/8813"}],"wp:attachment":[{"href":"https:\/\/olemosaic.com\/pt-pt\/wp-json\/wp\/v2\/media?parent=27890"}],"wp:term":[{"taxonomy":"product_brand","embeddable":true,"href":"https:\/\/olemosaic.com\/pt-pt\/wp-json\/wp\/v2\/product_brand?post=27890"},{"taxonomy":"product_cat","embeddable":true,"href":"https:\/\/olemosaic.com\/pt-pt\/wp-json\/wp\/v2\/product_cat?post=27890"},{"taxonomy":"product_tag","embeddable":true,"href":"https:\/\/olemosaic.com\/pt-pt\/wp-json\/wp\/v2\/product_tag?post=27890"}],"curies":[{"name":"wp","href":"https:\/\/api.w.org\/{rel}","templated":true}]}}