{"id":27889,"date":"2025-02-20T22:29:17","date_gmt":"2025-02-20T22:29:17","guid":{"rendered":"http:\/\/olemosaic.com\/producto\/abridor-de-metal-toro-barcelona-epoxy\/"},"modified":"2025-07-25T19:28:29","modified_gmt":"2025-07-25T17:28:29","slug":"abridor-de-metal-touro-barcelona-epoxi","status":"publish","type":"product","link":"https:\/\/olemosaic.com\/pt-pt\/produto\/abridor-de-metal-touro-barcelona-epoxi\/","title":{"rendered":"Abridor de metal. Touro. Barcelona. Ep\u00f3xi."},"content":{"rendered":"<p>Este abridor met\u00e1lico com design de touro \u00e9 uma recorda\u00e7\u00e3o vibrante e representativa da cultura espanhola, perfeito para quem procura uma liga\u00e7\u00e3o aut\u00eantica com as suas tradi\u00e7\u00f5es. Inspirado na emblem\u00e1tica figura do touro, este produto destaca-se pelo seu elaborado estilo de mosaico, que exibe uma explos\u00e3o de cores intensas, como azuis, vermelhos, amarelos e verdes, real\u00e7ados por um engenhoso acabamento em ep\u00f3xi que proporciona um brilho atraente e contempor\u00e2neo. Na parte superior do abridor, a palavra &#8220;Barcelona&#8221; adiciona um toque de identidade \u00fanica que real\u00e7a a sua origem.<\/p>\n<p>O design n\u00e3o s\u00f3 celebra a cultura taurina espanhola, parte integrante da sua heran\u00e7a durante s\u00e9culos, como tamb\u00e9m reflete a modernidade e a arte contempor\u00e2nea que caracteriza Barcelona. Este abridor \u00e9 ideal para os amantes da gastronomia que desfrutam de um bom vinho ou cerveja, tornando-o um acess\u00f3rio funcional para qualquer festa ou reuni\u00e3o. Na Ol\u00e9 Mosaic, oferecemos este abridor de touro como parte da nossa exclusiva cole\u00e7\u00e3o de recorda\u00e7\u00f5es, garantindo autenticidade e qualidade em cada pe\u00e7a. \u00c9 uma excelente op\u00e7\u00e3o para lojas de presentes tur\u00edsticos que procuram artigos distintivos e culturais, transformando cada compra numa recorda\u00e7\u00e3o memor\u00e1vel de Barcelona.<\/p>\n","protected":false},"excerpt":{"rendered":"<p>Abridor met\u00e1lico com design de touro, inspirado na cultura espanhola e representado num vibrante estilo de mosaico. Este produto apresenta um engenhoso acabamento em ep\u00f3xi que real\u00e7a as intensas cores da sua cabe\u00e7a, com tons azuis, vermelhos, amarelos e verdes, criando uma est\u00e9tica atraente e contempor\u00e2nea. Na parte superior, a palavra &#8220;Barcelona&#8221; est\u00e1 elegantemente gravada, tornando este abridor numa recorda\u00e7\u00e3o distintiva da cidade. Ideal para os amantes da gastronomia e da cultura espanhola.<\/p>\n","protected":false},"featured_media":6332,"template":"","meta":{"_acf_changed":false},"product_brand":[],"product_cat":[801],"product_tag":[516],"class_list":{"0":"post-27889","1":"product","2":"type-product","3":"status-publish","4":"has-post-thumbnail","6":"product_cat-abridores","7":"product_tag-animais","8":"pa_ciudad-barcelona","9":"pa_motivo-touros","10":"pa_pais-espana","12":"first","13":"instock","14":"shipping-taxable","15":"product-type-simple"},"acf":[],"_links":{"self":[{"href":"https:\/\/olemosaic.com\/pt-pt\/wp-json\/wp\/v2\/product\/27889","targetHints":{"allow":["GET"]}}],"collection":[{"href":"https:\/\/olemosaic.com\/pt-pt\/wp-json\/wp\/v2\/product"}],"about":[{"href":"https:\/\/olemosaic.com\/pt-pt\/wp-json\/wp\/v2\/types\/product"}],"wp:featuredmedia":[{"embeddable":true,"href":"https:\/\/olemosaic.com\/pt-pt\/wp-json\/wp\/v2\/media\/6332"}],"wp:attachment":[{"href":"https:\/\/olemosaic.com\/pt-pt\/wp-json\/wp\/v2\/media?parent=27889"}],"wp:term":[{"taxonomy":"product_brand","embeddable":true,"href":"https:\/\/olemosaic.com\/pt-pt\/wp-json\/wp\/v2\/product_brand?post=27889"},{"taxonomy":"product_cat","embeddable":true,"href":"https:\/\/olemosaic.com\/pt-pt\/wp-json\/wp\/v2\/product_cat?post=27889"},{"taxonomy":"product_tag","embeddable":true,"href":"https:\/\/olemosaic.com\/pt-pt\/wp-json\/wp\/v2\/product_tag?post=27889"}],"curies":[{"name":"wp","href":"https:\/\/api.w.org\/{rel}","templated":true}]}}