{"id":27888,"date":"2025-02-20T22:29:17","date_gmt":"2025-02-20T22:29:17","guid":{"rendered":"http:\/\/olemosaic.com\/producto\/abridor-de-metal-toro-madrid-epoxy-rojo\/"},"modified":"2025-07-25T20:22:16","modified_gmt":"2025-07-25T18:22:16","slug":"abridor-de-metal-touro-madrid-epoxi-vermelho","status":"publish","type":"product","link":"https:\/\/olemosaic.com\/pt-pt\/produto\/abridor-de-metal-touro-madrid-epoxi-vermelho\/","title":{"rendered":"Abridor de metal. Touro. Madrid. Ep\u00f3xi. Vermelho"},"content":{"rendered":"<p>Este abridor met\u00e1lico com design de touro \u00e9 um aut\u00eantico s\u00edmbolo da cultura e da tradi\u00e7\u00e3o madrilenas. Com uma elegante forma que funde funcionalidade e arte, esta recorda\u00e7\u00e3o apresenta uma colorida figura de touro, decorada com um vibrante acabamento em ep\u00f3xi que real\u00e7a os tons vermelhos e amarelos, evocando a for\u00e7a e o significado do touro na tauromaquia espanhola. A silhueta do touro, estilizada com um design de mosaico, confere um toque moderno, transformando este objeto quotidiano numa pe\u00e7a de conversa fascinante e numa recorda\u00e7\u00e3o visual das ra\u00edzes culturais da cidade.<\/p>\n<p>O abridor n\u00e3o \u00e9 apenas pr\u00e1tico, mas tamb\u00e9m representa um v\u00ednculo profundo com a tradi\u00e7\u00e3o madrilena, sendo um presente ideal para quem deseja levar um pedacinho de Espanha. Ao abrir uma garrafa, os utilizadores recordar\u00e3o a vivacidade das festas tradicionais e a paix\u00e3o que rodeia a emblem\u00e1tica figura do touro.<\/p>\n<p>Na Ol\u00e9 Mosaic, especializamo-nos na distribui\u00e7\u00e3o de recorda\u00e7\u00f5es por grosso, e este abridor de touro \u00e9 uma op\u00e7\u00e3o perfeita para lojas de presentes tur\u00edsticos que procuram produtos aut\u00eanticos e de qualidade. A sua relev\u00e2ncia cultural e est\u00e9tica tornam-no numa excelente recorda\u00e7\u00e3o de Madrid, ideal para os turistas que procuram lembran\u00e7as representativas e significativas da sua visita.<\/p>\n","protected":false},"excerpt":{"rendered":"<p>Abridor met\u00e1lico com design de touro, que representa a cultura e a tradi\u00e7\u00e3o madrilena. Este original abridor est\u00e1 decorado com um vibrante acabamento ep\u00f3xi em tons vermelhos e amarelos, evocando a for\u00e7a e o simbolismo do touro na tauromaquia espanhola. A figura do touro est\u00e1 estilizada com um design de mosaico que lhe confere um toque moderno e art\u00edstico. Perfeito como recorda\u00e7\u00e3o ou presente, combina funcionalidade e um apelo visual distintivo.<\/p>\n","protected":false},"featured_media":7120,"template":"","meta":{"_acf_changed":false},"product_brand":[],"product_cat":[801],"product_tag":[516],"class_list":{"0":"post-27888","1":"product","2":"type-product","3":"status-publish","4":"has-post-thumbnail","6":"product_cat-abridores","7":"product_tag-animais","8":"pa_ciudad-madrid","9":"pa_motivo-touros","10":"pa_pais-espana","12":"first","13":"instock","14":"shipping-taxable","15":"product-type-simple"},"acf":[],"_links":{"self":[{"href":"https:\/\/olemosaic.com\/pt-pt\/wp-json\/wp\/v2\/product\/27888","targetHints":{"allow":["GET"]}}],"collection":[{"href":"https:\/\/olemosaic.com\/pt-pt\/wp-json\/wp\/v2\/product"}],"about":[{"href":"https:\/\/olemosaic.com\/pt-pt\/wp-json\/wp\/v2\/types\/product"}],"wp:featuredmedia":[{"embeddable":true,"href":"https:\/\/olemosaic.com\/pt-pt\/wp-json\/wp\/v2\/media\/7120"}],"wp:attachment":[{"href":"https:\/\/olemosaic.com\/pt-pt\/wp-json\/wp\/v2\/media?parent=27888"}],"wp:term":[{"taxonomy":"product_brand","embeddable":true,"href":"https:\/\/olemosaic.com\/pt-pt\/wp-json\/wp\/v2\/product_brand?post=27888"},{"taxonomy":"product_cat","embeddable":true,"href":"https:\/\/olemosaic.com\/pt-pt\/wp-json\/wp\/v2\/product_cat?post=27888"},{"taxonomy":"product_tag","embeddable":true,"href":"https:\/\/olemosaic.com\/pt-pt\/wp-json\/wp\/v2\/product_tag?post=27888"}],"curies":[{"name":"wp","href":"https:\/\/api.w.org\/{rel}","templated":true}]}}