{"id":27887,"date":"2025-02-20T23:29:17","date_gmt":"2025-02-20T22:29:17","guid":{"rendered":"http:\/\/olemosaic.com\/producto\/abridor-de-metal-salamandra-epoxy-2\/"},"modified":"2025-07-25T18:39:08","modified_gmt":"2025-07-25T16:39:08","slug":"abridor-de-metal-salamandra-epoxi-2","status":"publish","type":"product","link":"https:\/\/olemosaic.com\/pt-pt\/produto\/abridor-de-metal-salamandra-epoxi-2\/","title":{"rendered":"Abridor de metal. Salamandra. Barcelona. Catalunha. Ep\u00f3xi."},"content":{"rendered":"<p>Este abridor met\u00e1lico com design de salamandra \u00e9 uma pe\u00e7a \u00fanica que combina funcionalidade e arte, um reflexo da rica biodiversidade espanhola. Com a sua vibrante decora\u00e7\u00e3o em ep\u00f3xi, este abridor \u00e9 uma homenagem \u00e0 colorida fauna da regi\u00e3o, apresentando um cativante mosaico de azuis, verdes, amarelos e vermelhos. A forma de salamandra, com as suas linhas estilizadas e detalhes meticulosamente elaborados, evoca a liga\u00e7\u00e3o de Espanha com a natureza e o simbolismo que estes animais representam no seu folclore.<\/p>\n<p>O abridor n\u00e3o \u00e9 apenas pr\u00e1tico para abrir garrafas, mas tamb\u00e9m se torna uma recorda\u00e7\u00e3o atraente, ideal para quem procura uma lembran\u00e7a aut\u00eantica e representativa da sua visita. O seu design l\u00fadico e colorido destaca-se em qualquer cole\u00e7\u00e3o e \u00e9 perfeito para os amantes da cultura e da natureza. Este artigo encapsula a ess\u00eancia das recorda\u00e7\u00f5es artesanais, oferecendo aos turistas uma forma de levar um peda\u00e7o da rica tradi\u00e7\u00e3o espanhola para casa.<\/p>\n<p>Na Ol\u00e9 Mosaic, somos distribuidores de recorda\u00e7\u00f5es por grosso, e este abridor de salamandra \u00e9 uma excelente op\u00e7\u00e3o para lojas de presentes tur\u00edsticos que procuram artigos distintivos e cheios de vida. Como grossistas, garantimos a qualidade e autenticidade dos nossos produtos, oferecendo recorda\u00e7\u00f5es que celebram a ess\u00eancia cultural de Espanha.<\/p>\n","protected":false},"excerpt":{"rendered":"<p>Abridor de metal com design de salamandra decorada com ep\u00f3xi, que representa a colorida fauna da regi\u00e3o. Este pr\u00e1tico abridor combina funcionalidade e arte, com um vibrante mosaico de azuis, verdes, amarelos e vermelhos em forma de salamandra. Os detalhes cuidadosamente elaborados real\u00e7am o seu car\u00e1cter l\u00fadico, tornando-o numa recorda\u00e7\u00e3o atraente inspirada na rica biodiversidade espanhola, ideal para qualquer amante da natureza e da cultura.<\/p>\n","protected":false},"featured_media":6467,"template":"","meta":{"_acf_changed":false},"product_brand":[],"product_cat":[801],"product_tag":[516],"class_list":{"0":"post-27887","1":"product","2":"type-product","3":"status-publish","4":"has-post-thumbnail","6":"product_cat-abridores","7":"product_tag-animais","8":"pa_motivo-salamandras","10":"first","11":"instock","12":"shipping-taxable","13":"product-type-simple"},"acf":[],"_links":{"self":[{"href":"https:\/\/olemosaic.com\/pt-pt\/wp-json\/wp\/v2\/product\/27887","targetHints":{"allow":["GET"]}}],"collection":[{"href":"https:\/\/olemosaic.com\/pt-pt\/wp-json\/wp\/v2\/product"}],"about":[{"href":"https:\/\/olemosaic.com\/pt-pt\/wp-json\/wp\/v2\/types\/product"}],"wp:featuredmedia":[{"embeddable":true,"href":"https:\/\/olemosaic.com\/pt-pt\/wp-json\/wp\/v2\/media\/6467"}],"wp:attachment":[{"href":"https:\/\/olemosaic.com\/pt-pt\/wp-json\/wp\/v2\/media?parent=27887"}],"wp:term":[{"taxonomy":"product_brand","embeddable":true,"href":"https:\/\/olemosaic.com\/pt-pt\/wp-json\/wp\/v2\/product_brand?post=27887"},{"taxonomy":"product_cat","embeddable":true,"href":"https:\/\/olemosaic.com\/pt-pt\/wp-json\/wp\/v2\/product_cat?post=27887"},{"taxonomy":"product_tag","embeddable":true,"href":"https:\/\/olemosaic.com\/pt-pt\/wp-json\/wp\/v2\/product_tag?post=27887"}],"curies":[{"name":"wp","href":"https:\/\/api.w.org\/{rel}","templated":true}]}}