{"id":27886,"date":"2025-02-20T22:29:17","date_gmt":"2025-02-20T22:29:17","guid":{"rendered":"http:\/\/olemosaic.com\/producto\/abridor-de-metal-salamandra-barcelona-epoxy\/"},"modified":"2025-07-25T18:59:51","modified_gmt":"2025-07-25T16:59:51","slug":"abridor-de-metal-salamandra-barcelona-epoxi","status":"publish","type":"product","link":"https:\/\/olemosaic.com\/pt-pt\/produto\/abridor-de-metal-salamandra-barcelona-epoxi\/","title":{"rendered":"Abridor de metal. Salamandra. Barcelona. Ep\u00f3xi."},"content":{"rendered":"<p>Este abridor met\u00e1lico com design de salamandra \u00e9 uma recorda\u00e7\u00e3o vibrante e funcional que encapsula a ess\u00eancia de Barcelona. Com uma requintada decora\u00e7\u00e3o de coloridos mosaicos de resina ep\u00f3xi, este abridor n\u00e3o \u00e9 apenas uma ferramenta pr\u00e1tica para abrir garrafas, mas tamb\u00e9m uma obra de arte que adiciona um toque de alegria a qualquer casa. A salamandra, representada numa mistura din\u00e2mica de tons azuis, verdes, amarelos e vermelhos, simboliza a vivacidade e a criatividade da cidade condal. A inclus\u00e3o do texto \u201cBarcelona\u201d recorda-nos a liga\u00e7\u00e3o cultural com a capital catal\u00e3, sendo este abridor uma excelente recorda\u00e7\u00e3o da sua rica heran\u00e7a art\u00edstica.<\/p>\n<p>Cada detalhe deste abridor real\u00e7a a influ\u00eancia do famoso arquiteto Antoni Gaud\u00ed no design urbano de Barcelona, onde os mosaicos s\u00e3o uma marca distintiva da sua obra. Esta recorda\u00e7\u00e3o \u00e9 ideal para turistas que procuram levar para casa um peda\u00e7o da cultura barcelonesa. Na Ol\u00e9 Mosaic orgulhamo-nos de oferecer produtos aut\u00eanticos e representativos, sendo este abridor met\u00e1lico uma excelente op\u00e7\u00e3o para lojas de presentes tur\u00edsticos que desejem oferecer artigos de qualidade e com um forte v\u00ednculo cultural. Como grossistas de recorda\u00e7\u00f5es de Barcelona, garantimos a autenticidade e o design \u00fanico em cada pe\u00e7a que distribu\u00edmos.<\/p>\n","protected":false},"excerpt":{"rendered":"<p>Abridor met\u00e1lico com design de salamandra decorada com coloridos mosaicos, inspirado na vibrante cultura barcelonesa. Al\u00e9m de ser uma ferramenta funcional, este abridor apresenta um design atraente em resina ep\u00f3xi, onde a salamandra mostra uma variedade de tons azuis, verdes, amarelos e vermelhos, simbolizando a alegria da cidade. Integrado com o texto &#8220;Barcelona&#8221;, \u00e9 uma recorda\u00e7\u00e3o perfeita para rememorar a sua visita.<\/p>\n","protected":false},"featured_media":6470,"template":"","meta":{"_acf_changed":false},"product_brand":[],"product_cat":[801],"product_tag":[516],"class_list":{"0":"post-27886","1":"product","2":"type-product","3":"status-publish","4":"has-post-thumbnail","6":"product_cat-abridores","7":"product_tag-animais","8":"pa_ciudad-barcelona","9":"pa_motivo-salamandras","10":"pa_pais-espana","12":"first","13":"instock","14":"shipping-taxable","15":"product-type-simple"},"acf":[],"_links":{"self":[{"href":"https:\/\/olemosaic.com\/pt-pt\/wp-json\/wp\/v2\/product\/27886","targetHints":{"allow":["GET"]}}],"collection":[{"href":"https:\/\/olemosaic.com\/pt-pt\/wp-json\/wp\/v2\/product"}],"about":[{"href":"https:\/\/olemosaic.com\/pt-pt\/wp-json\/wp\/v2\/types\/product"}],"wp:featuredmedia":[{"embeddable":true,"href":"https:\/\/olemosaic.com\/pt-pt\/wp-json\/wp\/v2\/media\/6470"}],"wp:attachment":[{"href":"https:\/\/olemosaic.com\/pt-pt\/wp-json\/wp\/v2\/media?parent=27886"}],"wp:term":[{"taxonomy":"product_brand","embeddable":true,"href":"https:\/\/olemosaic.com\/pt-pt\/wp-json\/wp\/v2\/product_brand?post=27886"},{"taxonomy":"product_cat","embeddable":true,"href":"https:\/\/olemosaic.com\/pt-pt\/wp-json\/wp\/v2\/product_cat?post=27886"},{"taxonomy":"product_tag","embeddable":true,"href":"https:\/\/olemosaic.com\/pt-pt\/wp-json\/wp\/v2\/product_tag?post=27886"}],"curies":[{"name":"wp","href":"https:\/\/api.w.org\/{rel}","templated":true}]}}