{"id":27885,"date":"2025-02-20T22:29:17","date_gmt":"2025-02-20T22:29:17","guid":{"rendered":"http:\/\/olemosaic.com\/producto\/abridor-de-metal-salamandra-epoxy\/"},"modified":"2025-07-25T18:39:09","modified_gmt":"2025-07-25T16:39:09","slug":"abridor-de-metal-salamandra-epoxi","status":"publish","type":"product","link":"https:\/\/olemosaic.com\/pt-pt\/produto\/abridor-de-metal-salamandra-epoxi\/","title":{"rendered":"Abridor de metal. Salamandra. Ep\u00f3xi."},"content":{"rendered":"<p>Este abridor met\u00e1lico com design de salamandra \u00e9 um souvenir aut\u00eantico e vibrante, ideal para abrir garrafas com um toque especial e com estilo espanhol. Elaborado em material ep\u00f3xi, o seu design apresenta uma colorida salamandra que se destaca pelo seu mosaico de tons azuis, verdes, amarelos e vermelhos, evocando as cores e a energia da arte espanhola. No centro, a palavra \u00abESPANHA\u00bb integra-se subtilmente, reafirmando o seu car\u00e1ter tur\u00edstico e tornando-o uma recorda\u00e7\u00e3o ideal para quem visita o pa\u00eds. Com um design engenhoso que combina funcionalidade e apelo visual, este abridor \u00e9 perfeito n\u00e3o s\u00f3 para o uso di\u00e1rio, mas tamb\u00e9m como pe\u00e7a decorativa que captar\u00e1 a aten\u00e7\u00e3o dos amantes da cultura ib\u00e9rica e colecionadores de souvenirs. A salamandra, s\u00edmbolo de renova\u00e7\u00e3o e transforma\u00e7\u00e3o em diversas culturas, acrescenta um significado cultural adicional, ligando este souvenir \u00e0s tradi\u00e7\u00f5es espanholas. Na Ol\u00e9 Mosaic, somos distribuidores de souvenirs por grosso, oferecendo produtos como este abridor met\u00e1lico com um toque art\u00edstico, ideal para lojas de recorda\u00e7\u00f5es tur\u00edsticas que procuram oferecer aos seus clientes recorda\u00e7\u00f5es aut\u00eanticas e significativas de Espanha.<\/p>\n","protected":false},"excerpt":{"rendered":"<p>Abridor met\u00e1lico com design de salamandra, elaborado em resina ep\u00f3xi, ideal para abrir garrafas com estilo. Apresenta uma colorida e vibrante representa\u00e7\u00e3o de uma salamandra, adornada com um mosaico de tons azuis, verdes, amarelos e vermelhos, que evoca a arte espanhola. No centro, a palavra &#8220;ESPANHA&#8221; refor\u00e7a o seu car\u00e1ter tur\u00edstico. Este original abridor \u00e9 tanto funcional como decorativo, perfeito para colecionadores e amantes da cultura ib\u00e9rica.<\/p>\n","protected":false},"featured_media":6477,"template":"","meta":{"_acf_changed":false},"product_brand":[],"product_cat":[801],"product_tag":[516],"class_list":{"0":"post-27885","1":"product","2":"type-product","3":"status-publish","4":"has-post-thumbnail","6":"product_cat-abridores","7":"product_tag-animais","8":"pa_motivo-salamandras","10":"first","11":"instock","12":"shipping-taxable","13":"product-type-simple"},"acf":[],"_links":{"self":[{"href":"https:\/\/olemosaic.com\/pt-pt\/wp-json\/wp\/v2\/product\/27885","targetHints":{"allow":["GET"]}}],"collection":[{"href":"https:\/\/olemosaic.com\/pt-pt\/wp-json\/wp\/v2\/product"}],"about":[{"href":"https:\/\/olemosaic.com\/pt-pt\/wp-json\/wp\/v2\/types\/product"}],"wp:featuredmedia":[{"embeddable":true,"href":"https:\/\/olemosaic.com\/pt-pt\/wp-json\/wp\/v2\/media\/6477"}],"wp:attachment":[{"href":"https:\/\/olemosaic.com\/pt-pt\/wp-json\/wp\/v2\/media?parent=27885"}],"wp:term":[{"taxonomy":"product_brand","embeddable":true,"href":"https:\/\/olemosaic.com\/pt-pt\/wp-json\/wp\/v2\/product_brand?post=27885"},{"taxonomy":"product_cat","embeddable":true,"href":"https:\/\/olemosaic.com\/pt-pt\/wp-json\/wp\/v2\/product_cat?post=27885"},{"taxonomy":"product_tag","embeddable":true,"href":"https:\/\/olemosaic.com\/pt-pt\/wp-json\/wp\/v2\/product_tag?post=27885"}],"curies":[{"name":"wp","href":"https:\/\/api.w.org\/{rel}","templated":true}]}}