{"id":27884,"date":"2025-02-20T23:29:17","date_gmt":"2025-02-20T22:29:17","guid":{"rendered":"http:\/\/olemosaic.com\/producto\/abridor-de-metal-salamandra-epoxy-verde\/"},"modified":"2025-07-25T19:49:14","modified_gmt":"2025-07-25T17:49:14","slug":"abridor-de-metal-salamandra-epoxi-verde","status":"publish","type":"product","link":"https:\/\/olemosaic.com\/pt-pt\/produto\/abridor-de-metal-salamandra-epoxi-verde\/","title":{"rendered":"Abridor de metal. Salamandra. Ep\u00f3xi. Verde"},"content":{"rendered":"<p>Este abridor met\u00e1lico com design de salamandra \u00e9 um magn\u00edfico exemplo do artesanato espanhol, ideal para quem procura um souvenir aut\u00eantico que combine funcionalidade e est\u00e9tica. Com um acabamento em vibrantes tons verdes e azuis, este abridor, realizado atrav\u00e9s da t\u00e9cnica do ep\u00f3xi, captura a ess\u00eancia dos mosaicos da cer\u00e2mica espanhola, refletindo a riqueza cultural do Mediterr\u00e2neo. A ilustra\u00e7\u00e3o da salamandra, s\u00edmbolo de transforma\u00e7\u00e3o e adaptabilidade, est\u00e1 meticulosamente detalhada, mostrando as suas patas e cauda num design din\u00e2mico que evoca a vida e o movimento.<\/p>\n<p>Cada pe\u00e7a n\u00e3o \u00e9 apenas um utens\u00edlio pr\u00e1tico para abrir garrafas, mas tamb\u00e9m um elemento decorativo que pode real\u00e7ar qualquer cozinha ou espa\u00e7o. O seu design colorido e art\u00edstico atrai a aten\u00e7\u00e3o, o que o torna um excelente presente para quem aprecia a natureza e a cultura local. Este abridor \u00e9 o souvenir perfeito para os turistas que desejam levar um peda\u00e7o da rica heran\u00e7a espanhola, reafirmando a sua autenticidade e relev\u00e2ncia cultural.<\/p>\n<p>Na Ol\u00e9 Mosaic, como grossista de souvenirs, oferecemos pe\u00e7as \u00fanicas como este abridor de salamandra, que certamente captar\u00e3o o interesse dos clientes de lojas de recorda\u00e7\u00f5es tur\u00edsticas. Com cada compra, n\u00e3o s\u00f3 oferecem um produto de qualidade, mas tamb\u00e9m um relato da tradi\u00e7\u00e3o e da arte espanhola.<\/p>\n","protected":false},"excerpt":{"rendered":"<p>Abridor met\u00e1lico com design de salamandra em tons verdes e azuis. Este produto, elaborado com resina ep\u00f3xi, apresenta um acabamento colorido que imita um mosaico, evocando a decora\u00e7\u00e3o t\u00edpica da cer\u00e2mica espanhola. A salamandra, que simboliza a transforma\u00e7\u00e3o e a adaptabilidade, est\u00e1 representada com grande detalhe, mostrando as suas patas e cauda num design din\u00e2mico. Ideal para os amantes da natureza e da cultura mediterr\u00e2nea, este abridor \u00e9 funcional e decorativo ao mesmo tempo.<\/p>\n","protected":false},"featured_media":8690,"template":"","meta":{"_acf_changed":false},"product_brand":[],"product_cat":[801],"product_tag":[516],"class_list":{"0":"post-27884","1":"product","2":"type-product","3":"status-publish","4":"has-post-thumbnail","6":"product_cat-abridores","7":"product_tag-animais","8":"pa_motivo-salamandras","10":"first","11":"instock","12":"shipping-taxable","13":"product-type-simple"},"acf":[],"_links":{"self":[{"href":"https:\/\/olemosaic.com\/pt-pt\/wp-json\/wp\/v2\/product\/27884","targetHints":{"allow":["GET"]}}],"collection":[{"href":"https:\/\/olemosaic.com\/pt-pt\/wp-json\/wp\/v2\/product"}],"about":[{"href":"https:\/\/olemosaic.com\/pt-pt\/wp-json\/wp\/v2\/types\/product"}],"wp:featuredmedia":[{"embeddable":true,"href":"https:\/\/olemosaic.com\/pt-pt\/wp-json\/wp\/v2\/media\/8690"}],"wp:attachment":[{"href":"https:\/\/olemosaic.com\/pt-pt\/wp-json\/wp\/v2\/media?parent=27884"}],"wp:term":[{"taxonomy":"product_brand","embeddable":true,"href":"https:\/\/olemosaic.com\/pt-pt\/wp-json\/wp\/v2\/product_brand?post=27884"},{"taxonomy":"product_cat","embeddable":true,"href":"https:\/\/olemosaic.com\/pt-pt\/wp-json\/wp\/v2\/product_cat?post=27884"},{"taxonomy":"product_tag","embeddable":true,"href":"https:\/\/olemosaic.com\/pt-pt\/wp-json\/wp\/v2\/product_tag?post=27884"}],"curies":[{"name":"wp","href":"https:\/\/api.w.org\/{rel}","templated":true}]}}