{"id":27883,"date":"2025-02-20T22:29:17","date_gmt":"2025-02-20T22:29:17","guid":{"rendered":"http:\/\/olemosaic.com\/producto\/abridor-de-metal-guitarra-sevilla-epoxy\/"},"modified":"2025-07-25T18:51:45","modified_gmt":"2025-07-25T16:51:45","slug":"abridor-de-metal-guitarra-sevilha-epoxi","status":"publish","type":"product","link":"https:\/\/olemosaic.com\/pt-pt\/produto\/abridor-de-metal-guitarra-sevilha-epoxi\/","title":{"rendered":"Abridor de metal. Guitarra. Sevilha. Ep\u00f3xi."},"content":{"rendered":"<p>Este abridor met\u00e1lico com design de guitarra \u00e9 uma aut\u00eantica homenagem \u00e0 vibrante cultura de Sevilha, onde a m\u00fasica e a arte se entrela\u00e7am em cada canto. Com um acabamento em ep\u00f3xi, este elegante abridor apresenta uma representa\u00e7\u00e3o visual de uma guitarra decorada com um estilo de mosaico que evoca a rica tradi\u00e7\u00e3o art\u00edstica da cidade. As cores vivas e brilhantes convidam \u00e0 alegria, enquanto o design inclui flores vermelhas que simbolizam a paix\u00e3o andaluza e um chap\u00e9u t\u00edpico, que refor\u00e7a a liga\u00e7\u00e3o com o traje tradicional dos m\u00fasicos flamencos.<\/p>\n<p>Ideal para adicionar um toque art\u00edstico e funcional a qualquer casa ou celebra\u00e7\u00e3o, este abridor n\u00e3o \u00e9 apenas uma ferramenta pr\u00e1tica, mas tamb\u00e9m uma pe\u00e7a decorativa que celebra a ess\u00eancia do flamenco e a vida em Sevilha. A guitarra, \u00edcone da m\u00fasica espanhola, torna-se o centro das aten\u00e7\u00f5es, recordando a quem a utiliza a alegria de uma festa andaluza ou um ser\u00e3o com amigos.<\/p>\n<p>Na Ol\u00e9 Mosaic, especializamo-nos na distribui\u00e7\u00e3o de souvenirs por grosso, e este abridor \u00e9 uma op\u00e7\u00e3o perfeita para lojas de recorda\u00e7\u00f5es tur\u00edsticas que procuram oferecer produtos aut\u00eanticos e de alta qualidade aos seus clientes. Ao incorporar este abridor de guitarra na sua oferta, proporcionar\u00e1 aos turistas uma recorda\u00e7\u00e3o inesquec\u00edvel da sua visita a Sevilha, combinando funcionalidade e arte num \u00fanico objeto.<\/p>\n","protected":false},"excerpt":{"rendered":"<p>Abridor met\u00e1lico com design de guitarra inspirado na cultura sevilhana. Este elegante abridor apresenta um acabamento em ep\u00f3xi, mostrando uma guitarra decorada com cores vivas ao estilo de um mosaico. Completam a imagem flores vermelhas e um chap\u00e9u t\u00edpico andaluz, simbolizando a alegria e a tradi\u00e7\u00e3o de Sevilha. Ideal para adicionar um toque art\u00edstico e funcional a qualquer casa ou celebra\u00e7\u00e3o.<\/p>\n","protected":false},"featured_media":8809,"template":"","meta":{"_acf_changed":false},"product_brand":[],"product_cat":[801],"product_tag":[],"class_list":{"0":"post-27883","1":"product","2":"type-product","3":"status-publish","4":"has-post-thumbnail","6":"product_cat-abridores","7":"pa_ciudad-sevilla","8":"pa_motivo-guitarras","9":"pa_pais-espana","11":"first","12":"instock","13":"shipping-taxable","14":"product-type-simple"},"acf":[],"_links":{"self":[{"href":"https:\/\/olemosaic.com\/pt-pt\/wp-json\/wp\/v2\/product\/27883","targetHints":{"allow":["GET"]}}],"collection":[{"href":"https:\/\/olemosaic.com\/pt-pt\/wp-json\/wp\/v2\/product"}],"about":[{"href":"https:\/\/olemosaic.com\/pt-pt\/wp-json\/wp\/v2\/types\/product"}],"wp:featuredmedia":[{"embeddable":true,"href":"https:\/\/olemosaic.com\/pt-pt\/wp-json\/wp\/v2\/media\/8809"}],"wp:attachment":[{"href":"https:\/\/olemosaic.com\/pt-pt\/wp-json\/wp\/v2\/media?parent=27883"}],"wp:term":[{"taxonomy":"product_brand","embeddable":true,"href":"https:\/\/olemosaic.com\/pt-pt\/wp-json\/wp\/v2\/product_brand?post=27883"},{"taxonomy":"product_cat","embeddable":true,"href":"https:\/\/olemosaic.com\/pt-pt\/wp-json\/wp\/v2\/product_cat?post=27883"},{"taxonomy":"product_tag","embeddable":true,"href":"https:\/\/olemosaic.com\/pt-pt\/wp-json\/wp\/v2\/product_tag?post=27883"}],"curies":[{"name":"wp","href":"https:\/\/api.w.org\/{rel}","templated":true}]}}