{"id":27882,"date":"2025-02-20T22:29:16","date_gmt":"2025-02-20T22:29:16","guid":{"rendered":"http:\/\/olemosaic.com\/producto\/abridor-de-metal-guitarra-madrid-epoxy\/"},"modified":"2025-07-25T18:46:42","modified_gmt":"2025-07-25T16:46:42","slug":"abridor-de-metal-guitarra-madrid-epoxi","status":"publish","type":"product","link":"https:\/\/olemosaic.com\/pt-pt\/produto\/abridor-de-metal-guitarra-madrid-epoxi\/","title":{"rendered":"Abridor de metal. Guitarra. Madrid. Ep\u00f3xi."},"content":{"rendered":"<p>Este abridor met\u00e1lico com design de guitarra \u00e9 um acess\u00f3rio pr\u00e1tico e vibrante que captura a ess\u00eancia da rica cultura musical madrilena. Com uma espetacular ilustra\u00e7\u00e3o em t\u00e9cnica de ep\u00f3xi, apresenta uma guitarra estilizada em tons quentes de vermelho e laranja, evocando a paix\u00e3o e a emo\u00e7\u00e3o da m\u00fasica espanhola. A guitarra, adornada com um elegante chap\u00e9u cordob\u00eas preto, simboliza a liga\u00e7\u00e3o com o folclore madrileno, enquanto as flores vermelhas que a rodeiam real\u00e7am a beleza e o colorido caracter\u00edsticos da regi\u00e3o. Na parte superior, a palavra &#8220;MADRID&#8221; acrescenta um toque distintivo que o torna um aut\u00eantico souvenir da capital espanhola.<\/p>\n<p>Este abridor n\u00e3o \u00e9 apenas funcional, mas tamb\u00e9m atua como uma recorda\u00e7\u00e3o representativa de Madrid, perfeito para os turistas que procuram levar algo aut\u00eantico e memor\u00e1vel da sua visita. Na Ol\u00e9 Mosaic, oferecemos produtos de alta qualidade por grosso que refletem a tradi\u00e7\u00e3o e a arte de Espanha. Com este abridor de guitarra, as lojas de recorda\u00e7\u00f5es tur\u00edsticas podem oferecer aos seus clientes um artigo \u00fanico que combina design e significado cultural, tornando-o uma excelente op\u00e7\u00e3o dentro da sele\u00e7\u00e3o de souvenirs de Madrid. Como grossista de souvenirs, garantimos a autenticidade e o apelo de cada produto, ideal para atrair os visitantes em busca de experi\u00eancias \u00fanicas.<\/p>\n","protected":false},"excerpt":{"rendered":"<p>Abridor met\u00e1lico com design de guitarra, inspirado na rica cultura musical madrilena. Este pr\u00e1tico acess\u00f3rio apresenta uma espetacular ilustra\u00e7\u00e3o em t\u00e9cnica de ep\u00f3xi, destacando uma guitarra de mosaico em tonalidades quentes de vermelho e laranja, adornada com um elegante chap\u00e9u cordob\u00eas e flores vermelhas. A palavra &#8220;MADRID&#8221; na parte superior acrescenta um toque distintivo, tornando este abridor uma recorda\u00e7\u00e3o vibrante e memor\u00e1vel.<\/p>\n","protected":false},"featured_media":8808,"template":"","meta":{"_acf_changed":false},"product_brand":[],"product_cat":[801],"product_tag":[],"class_list":{"0":"post-27882","1":"product","2":"type-product","3":"status-publish","4":"has-post-thumbnail","6":"product_cat-abridores","7":"pa_ciudad-madrid","8":"pa_motivo-guitarras","9":"pa_pais-espana","11":"first","12":"instock","13":"shipping-taxable","14":"product-type-simple"},"acf":[],"_links":{"self":[{"href":"https:\/\/olemosaic.com\/pt-pt\/wp-json\/wp\/v2\/product\/27882","targetHints":{"allow":["GET"]}}],"collection":[{"href":"https:\/\/olemosaic.com\/pt-pt\/wp-json\/wp\/v2\/product"}],"about":[{"href":"https:\/\/olemosaic.com\/pt-pt\/wp-json\/wp\/v2\/types\/product"}],"wp:featuredmedia":[{"embeddable":true,"href":"https:\/\/olemosaic.com\/pt-pt\/wp-json\/wp\/v2\/media\/8808"}],"wp:attachment":[{"href":"https:\/\/olemosaic.com\/pt-pt\/wp-json\/wp\/v2\/media?parent=27882"}],"wp:term":[{"taxonomy":"product_brand","embeddable":true,"href":"https:\/\/olemosaic.com\/pt-pt\/wp-json\/wp\/v2\/product_brand?post=27882"},{"taxonomy":"product_cat","embeddable":true,"href":"https:\/\/olemosaic.com\/pt-pt\/wp-json\/wp\/v2\/product_cat?post=27882"},{"taxonomy":"product_tag","embeddable":true,"href":"https:\/\/olemosaic.com\/pt-pt\/wp-json\/wp\/v2\/product_tag?post=27882"}],"curies":[{"name":"wp","href":"https:\/\/api.w.org\/{rel}","templated":true}]}}