{"id":27881,"date":"2025-02-20T22:29:16","date_gmt":"2025-02-20T22:29:16","guid":{"rendered":"http:\/\/olemosaic.com\/producto\/abridor-de-metal-guitarra-epoxy\/"},"modified":"2025-07-25T19:05:09","modified_gmt":"2025-07-25T17:05:09","slug":"abridor-de-metal-guitarra-epoxi","status":"publish","type":"product","link":"https:\/\/olemosaic.com\/pt-pt\/produto\/abridor-de-metal-guitarra-epoxi\/","title":{"rendered":"Abridor de metal. Guitarra. Ep\u00f3xi."},"content":{"rendered":"<p>Este abridor met\u00e1lico com forma de guitarra \u00e9 a recorda\u00e7\u00e3o perfeita para quem deseja levar um pouco da rica cultura espanhola. Ideal para os amantes da m\u00fasica e da arte, este abridor destaca-se pelo seu brilhante revestimento de ep\u00f3xi, que real\u00e7a um cativante mosaico de cores quentes. A guitarra, belamente decorada, parece ganhar vida sobre um vibrante fundo de rosas vermelhas e um chap\u00e9u preto, evocando a ess\u00eancia do flamenco e a tradi\u00e7\u00e3o musical que s\u00e3o a alma de Espanha. Com um design que funde arte e funcionalidade, este abridor n\u00e3o \u00e9 apenas \u00fatil, mas tamb\u00e9m um aut\u00eantico tributo \u00e0 cultura espanhola. Os detalhes intrincados da decora\u00e7\u00e3o e as tonalidades vivas garantem que cada pe\u00e7a seja \u00fanica, tornando-a uma excelente recorda\u00e7\u00e3o de visitas a cidades ic\u00f3nicas onde a m\u00fasica e a dan\u00e7a fazem parte do dia a dia. Na Ol\u00e9 Mosaic, especializamo-nos em oferecer recorda\u00e7\u00f5es aut\u00eanticas que capturam a ess\u00eancia da tradi\u00e7\u00e3o espanhola. Este abridor de guitarra n\u00e3o \u00e9 apenas um artigo atrativo para lojas de recorda\u00e7\u00f5es tur\u00edsticas, mas tamb\u00e9m uma maravilhosa op\u00e7\u00e3o para quem procura produtos que reflitam a autenticidade e o patrim\u00f3nio musical de Espanha.<\/p>\n","protected":false},"excerpt":{"rendered":"<p>Abridor met\u00e1lico com design de guitarra, adornado com um vibrante fundo floral e um chap\u00e9u. Este produto, revestido com resina ep\u00f3xi, apresenta um colorido mosaico que real\u00e7a a beleza da cultura espanhola. A guitarra, decorada com tons quentes, \u00e9 complementada por rosas vermelhas e um chap\u00e9u preto, evocando a ess\u00eancia do flamenco e a tradi\u00e7\u00e3o musical. Ideal para os amantes da m\u00fasica e da arte espanhola.<\/p>\n","protected":false},"featured_media":8687,"template":"","meta":{"_acf_changed":false},"product_brand":[],"product_cat":[801],"product_tag":[],"class_list":{"0":"post-27881","1":"product","2":"type-product","3":"status-publish","4":"has-post-thumbnail","6":"product_cat-abridores","7":"pa_motivo-guitarras","9":"first","10":"instock","11":"shipping-taxable","12":"product-type-simple"},"acf":[],"_links":{"self":[{"href":"https:\/\/olemosaic.com\/pt-pt\/wp-json\/wp\/v2\/product\/27881","targetHints":{"allow":["GET"]}}],"collection":[{"href":"https:\/\/olemosaic.com\/pt-pt\/wp-json\/wp\/v2\/product"}],"about":[{"href":"https:\/\/olemosaic.com\/pt-pt\/wp-json\/wp\/v2\/types\/product"}],"wp:featuredmedia":[{"embeddable":true,"href":"https:\/\/olemosaic.com\/pt-pt\/wp-json\/wp\/v2\/media\/8687"}],"wp:attachment":[{"href":"https:\/\/olemosaic.com\/pt-pt\/wp-json\/wp\/v2\/media?parent=27881"}],"wp:term":[{"taxonomy":"product_brand","embeddable":true,"href":"https:\/\/olemosaic.com\/pt-pt\/wp-json\/wp\/v2\/product_brand?post=27881"},{"taxonomy":"product_cat","embeddable":true,"href":"https:\/\/olemosaic.com\/pt-pt\/wp-json\/wp\/v2\/product_cat?post=27881"},{"taxonomy":"product_tag","embeddable":true,"href":"https:\/\/olemosaic.com\/pt-pt\/wp-json\/wp\/v2\/product_tag?post=27881"}],"curies":[{"name":"wp","href":"https:\/\/api.w.org\/{rel}","templated":true}]}}