{"id":27859,"date":"2025-02-20T23:29:16","date_gmt":"2025-02-20T22:29:16","guid":{"rendered":"http:\/\/olemosaic.com\/producto\/mug-de-ceramica-punt-de-trobada-barcelona-blanco-95-cm\/"},"modified":"2025-07-25T18:47:55","modified_gmt":"2025-07-25T16:47:55","slug":"caneca-de-ceramica-punt-de-trobada-barcelona-branco-9-5-cm","status":"publish","type":"product","link":"https:\/\/olemosaic.com\/pt-pt\/produto\/caneca-de-ceramica-punt-de-trobada-barcelona-branco-9-5-cm\/","title":{"rendered":"Caneca de cer\u00e2mica. Punt de trobada. Barcelona. Branco. 9,5 cm."},"content":{"rendered":"<p>Esta caneca de cer\u00e2mica, inspirada na emblem\u00e1tica obra &#8220;Punt de Trobada&#8221; de Joan Mir\u00f3, \u00e9 uma recorda\u00e7\u00e3o exclusiva de Barcelona que funde arte e funcionalidade. Com o seu elegante acabamento branco, esta caneca destaca-se pelos seus vibrantes mosaicos em azul, verde, vermelho e preto, que evocam a ess\u00eancia art\u00edstica e din\u00e2mica da cidade condal. Com 9,5 cm de altura, a sua forma \u00e9 ideal para desfrutar das suas bebidas favoritas, seja caf\u00e9, ch\u00e1 ou chocolate quente.<\/p>\n<p>O design art\u00edstico, que presta homenagem ao reconhecido surrealista Mir\u00f3, apresenta uma s\u00e9rie de formas abstratas que convidam \u00e0 reflex\u00e3o e estimulam a imagina\u00e7\u00e3o, transformando cada gole numa experi\u00eancia visual. A asa da caneca, engenhosamente desenhada em forma de p\u00e1ssaro, acrescenta um toque distintivo e \u00fanico ao objeto, real\u00e7ando o seu car\u00e1cter como pe\u00e7a de cole\u00e7\u00e3o. Esta caneca n\u00e3o \u00e9 apenas um presente perfeito para os amantes da arte, mas tamb\u00e9m uma maravilhosa recorda\u00e7\u00e3o da rica cultura catal\u00e3.<\/p>\n<p>Na Ol\u00e9 Mosaic, especializamo-nos na distribui\u00e7\u00e3o de recorda\u00e7\u00f5es por grosso, e esta caneca \u00e9 uma op\u00e7\u00e3o ideal para lojas de presentes tur\u00edsticos que procuram artigos aut\u00eanticos e culturais de Barcelona. Com o seu design exclusivo e a sua relev\u00e2ncia art\u00edstica, torna-se num presente imprescind\u00edvel para quem deseja levar um peda\u00e7o da criatividade e da cor da cidade.<\/p>\n","protected":false},"excerpt":{"rendered":"<p>Caneca de cer\u00e2mica com um design art\u00edstico inspirado na obra &#8220;Punt de Trobada&#8221; de Joan Mir\u00f3, figura de destaque do surrealismo. Com um acabamento branco, esta caneca apresenta coloridos mosaicos em tons de azul, verde, vermelho e preto que evocam a vibrante ess\u00eancia de Barcelona. A sua asa, em forma de p\u00e1ssaro, acrescenta um toque distintivo. Ideal para os amantes da arte que procuram desfrutar de uma experi\u00eancia visual e funcional enquanto tomam as suas bebidas.<\/p>\n","protected":false},"featured_media":9137,"template":"","meta":{"_acf_changed":false},"product_brand":[],"product_cat":[726],"product_tag":[515],"class_list":{"0":"post-27859","1":"product","2":"type-product","3":"status-publish","4":"has-post-thumbnail","6":"product_cat-mugs","7":"product_tag-ceramica","8":"pa_ciudad-barcelona","9":"pa_motivo-punt-de-trobada","10":"pa_pais-espana","12":"first","13":"instock","14":"shipping-taxable","15":"product-type-simple"},"acf":[],"_links":{"self":[{"href":"https:\/\/olemosaic.com\/pt-pt\/wp-json\/wp\/v2\/product\/27859","targetHints":{"allow":["GET"]}}],"collection":[{"href":"https:\/\/olemosaic.com\/pt-pt\/wp-json\/wp\/v2\/product"}],"about":[{"href":"https:\/\/olemosaic.com\/pt-pt\/wp-json\/wp\/v2\/types\/product"}],"wp:featuredmedia":[{"embeddable":true,"href":"https:\/\/olemosaic.com\/pt-pt\/wp-json\/wp\/v2\/media\/9137"}],"wp:attachment":[{"href":"https:\/\/olemosaic.com\/pt-pt\/wp-json\/wp\/v2\/media?parent=27859"}],"wp:term":[{"taxonomy":"product_brand","embeddable":true,"href":"https:\/\/olemosaic.com\/pt-pt\/wp-json\/wp\/v2\/product_brand?post=27859"},{"taxonomy":"product_cat","embeddable":true,"href":"https:\/\/olemosaic.com\/pt-pt\/wp-json\/wp\/v2\/product_cat?post=27859"},{"taxonomy":"product_tag","embeddable":true,"href":"https:\/\/olemosaic.com\/pt-pt\/wp-json\/wp\/v2\/product_tag?post=27859"}],"curies":[{"name":"wp","href":"https:\/\/api.w.org\/{rel}","templated":true}]}}