{"id":27858,"date":"2025-02-20T22:29:16","date_gmt":"2025-02-20T22:29:16","guid":{"rendered":"http:\/\/olemosaic.com\/producto\/taza-de-ceramica-flores-blanco\/"},"modified":"2025-07-26T00:03:44","modified_gmt":"2025-07-25T22:03:44","slug":"chavena-de-ceramica-flores-branco","status":"publish","type":"product","link":"https:\/\/olemosaic.com\/pt-pt\/produto\/chavena-de-ceramica-flores-branco\/","title":{"rendered":"Ch\u00e1vena de cer\u00e2mica. Flores. Branco."},"content":{"rendered":"<p>Esta ch\u00e1vena de cer\u00e2mica, decorada com um vibrante design floral, \u00e9 uma excelente amostra da rica tradi\u00e7\u00e3o artesanal espanhola. Com um fundo branco que serve de tela, o design capta a ess\u00eancia dos mosaicos t\u00edpicos da regi\u00e3o, exibindo um exuberante padr\u00e3o em tons de vermelho, amarelo, azul e verde. As cores vivas e contrastadas criam um efeito visual cativante que certamente atrair\u00e1 quem procura uma recorda\u00e7\u00e3o aut\u00eantica que encerre a beleza do folclore espanhol.<\/p>\n<p>A asa da ch\u00e1vena apresenta um detalhe distintivo que simula um design org\u00e2nico, acrescentando um toque art\u00edstico que real\u00e7a a sua funcionalidade. Cada gole nesta ch\u00e1vena n\u00e3o s\u00f3 convida a desfrutar de uma bebida quente, mas tamb\u00e9m a mergulhar na cultura mediterr\u00e2nica. Esta pe\u00e7a \u00e9 uma recorda\u00e7\u00e3o di\u00e1ria do esplendor visual que caracteriza o artesanato da regi\u00e3o, o que a torna num presente perfeito para turistas e amantes da cultura.<\/p>\n<p>Na Ol\u00e9 Mosaic, especializamo-nos na distribui\u00e7\u00e3o de recorda\u00e7\u00f5es aut\u00eanticas por grosso, oferecendo esta ch\u00e1vena de cer\u00e2mica como uma op\u00e7\u00e3o ideal para lojas de presentes tur\u00edsticos que desejem proporcionar aos seus clientes uma recorda\u00e7\u00e3o significativa da sua visita a Espanha. Este artigo n\u00e3o s\u00f3 se destaca pela sua qualidade, mas tamb\u00e9m pela sua liga\u00e7\u00e3o cultural, tornando-se num presente que celebra a tradi\u00e7\u00e3o e o artesanato locais. Com esta ch\u00e1vena, cada cliente poder\u00e1 levar um peda\u00e7o de Espanha, perfeito para aqueles que procuram recorda\u00e7\u00f5es que contem hist\u00f3rias e evoquem mem\u00f3rias.<\/p>\n","protected":false},"excerpt":{"rendered":"<p>Ch\u00e1vena de cer\u00e2mica decorada com um design floral vibrante inspirado nos mosaicos tradicionais da regi\u00e3o. A pe\u00e7a apresenta um fundo branco com um colorido padr\u00e3o que inclui tons de vermelho, amarelo, azul e verde, criando um atraente efeito visual. Com um detalhe distintivo na asa que simula um design org\u00e2nico, esta ch\u00e1vena n\u00e3o \u00e9 apenas funcional, mas tamb\u00e9m uma pe\u00e7a art\u00edstica que evoca a beleza do folclore espanhol.<\/p>\n","protected":false},"featured_media":8919,"template":"","meta":{"_acf_changed":false},"product_brand":[],"product_cat":[833],"product_tag":[515],"class_list":{"0":"post-27858","1":"product","2":"type-product","3":"status-publish","4":"has-post-thumbnail","6":"product_cat-canecas","7":"product_tag-ceramica","8":"pa_motivo-flores","10":"first","11":"instock","12":"shipping-taxable","13":"product-type-simple"},"acf":[],"_links":{"self":[{"href":"https:\/\/olemosaic.com\/pt-pt\/wp-json\/wp\/v2\/product\/27858","targetHints":{"allow":["GET"]}}],"collection":[{"href":"https:\/\/olemosaic.com\/pt-pt\/wp-json\/wp\/v2\/product"}],"about":[{"href":"https:\/\/olemosaic.com\/pt-pt\/wp-json\/wp\/v2\/types\/product"}],"wp:featuredmedia":[{"embeddable":true,"href":"https:\/\/olemosaic.com\/pt-pt\/wp-json\/wp\/v2\/media\/8919"}],"wp:attachment":[{"href":"https:\/\/olemosaic.com\/pt-pt\/wp-json\/wp\/v2\/media?parent=27858"}],"wp:term":[{"taxonomy":"product_brand","embeddable":true,"href":"https:\/\/olemosaic.com\/pt-pt\/wp-json\/wp\/v2\/product_brand?post=27858"},{"taxonomy":"product_cat","embeddable":true,"href":"https:\/\/olemosaic.com\/pt-pt\/wp-json\/wp\/v2\/product_cat?post=27858"},{"taxonomy":"product_tag","embeddable":true,"href":"https:\/\/olemosaic.com\/pt-pt\/wp-json\/wp\/v2\/product_tag?post=27858"}],"curies":[{"name":"wp","href":"https:\/\/api.w.org\/{rel}","templated":true}]}}