{"id":27857,"date":"2025-02-20T23:29:16","date_gmt":"2025-02-20T22:29:16","guid":{"rendered":"http:\/\/olemosaic.com\/producto\/taza-de-ceramica-punt-de-trobada-barcelona-blanco\/"},"modified":"2025-07-25T20:43:06","modified_gmt":"2025-07-25T18:43:06","slug":"chavena-de-ceramica-punt-de-trobada-barcelona-branco","status":"publish","type":"product","link":"https:\/\/olemosaic.com\/pt-pt\/produto\/chavena-de-ceramica-punt-de-trobada-barcelona-branco\/","title":{"rendered":"Ch\u00e1vena de cer\u00e2mica. Punt de trobada. Barcelona. Branco."},"content":{"rendered":"<p>Esta ch\u00e1vena de cer\u00e2mica com efeito pintado \u00e0 m\u00e3o, inspirada no famoso mosaico do &#8220;Punt de Trobada&#8221; de Barcelona, \u00e9 um requintado exemplo do legado art\u00edstico que caracteriza a capital catal\u00e3. O seu design vibrante e colorido apresenta uma combina\u00e7\u00e3o de formas abstratas que evocam a genialidade dos artistas modernistas, com tons de azul, vermelho, amarelo e preto sobre um fundo branco brilhante. Esta pe\u00e7a n\u00e3o \u00e9 apenas visualmente atraente, mas tamb\u00e9m se destaca pela sua elegante asa, esculpida em forma de ave, que acrescenta um toque de originalidade e dinamismo ao objeto. O interior vermelho complementa perfeitamente o exterior, conferindo calor e energia.<\/p>\n<p>Este souvenir de Barcelona capta a ess\u00eancia do modernismo catal\u00e3o, tornando-o numa recorda\u00e7\u00e3o ideal para quem deseja levar um pedacinho da cultura local. Ao escolher esta ch\u00e1vena, os turistas n\u00e3o s\u00f3 adquirem um objeto funcional para desfrutar das suas bebidas, mas tamb\u00e9m uma pe\u00e7a art\u00edstica que evoca a rica tradi\u00e7\u00e3o de mosaicos da regi\u00e3o, famosa pela sua arquitetura singular e obras-primas. Na Ol\u00e9 Mosaic, o nosso compromisso como grossista de souvenirs \u00e9 oferecer produtos \u00fanicos que realcem a autenticidade e o valor cultural de cada canto de Espanha. Esta ch\u00e1vena de cer\u00e2mica \u00e9 uma excelente op\u00e7\u00e3o para lojas de presentes tur\u00edsticos que desejem oferecer produtos que conservem e celebrem a identidade catal\u00e3.<\/p>\n","protected":false},"excerpt":{"rendered":"<p>Ch\u00e1vena de cer\u00e2mica com design artesanal, pintada \u00e0 m\u00e3o, inspirada no famoso mosaico do &#8220;Punt de Trobada&#8221; de Barcelona. Com um design colorido que inclui formas abstratas em tons de azul, vermelho, amarelo e preto sobre um fundo branco, esta ch\u00e1vena destaca-se pela sua elegante asa em forma de ave. O interior vermelho real\u00e7a o seu car\u00e1cter vibrante e art\u00edstico, tornando-a num souvenir perfeito que capta a ess\u00eancia do modernismo catal\u00e3o.<\/p>\n","protected":false},"featured_media":9138,"template":"","meta":{"_acf_changed":false},"product_brand":[],"product_cat":[833],"product_tag":[515],"class_list":{"0":"post-27857","1":"product","2":"type-product","3":"status-publish","4":"has-post-thumbnail","6":"product_cat-canecas","7":"product_tag-ceramica","8":"pa_ciudad-barcelona","9":"pa_motivo-punt-de-trobada","10":"pa_pais-espana","12":"first","13":"instock","14":"shipping-taxable","15":"product-type-simple"},"acf":[],"_links":{"self":[{"href":"https:\/\/olemosaic.com\/pt-pt\/wp-json\/wp\/v2\/product\/27857","targetHints":{"allow":["GET"]}}],"collection":[{"href":"https:\/\/olemosaic.com\/pt-pt\/wp-json\/wp\/v2\/product"}],"about":[{"href":"https:\/\/olemosaic.com\/pt-pt\/wp-json\/wp\/v2\/types\/product"}],"wp:featuredmedia":[{"embeddable":true,"href":"https:\/\/olemosaic.com\/pt-pt\/wp-json\/wp\/v2\/media\/9138"}],"wp:attachment":[{"href":"https:\/\/olemosaic.com\/pt-pt\/wp-json\/wp\/v2\/media?parent=27857"}],"wp:term":[{"taxonomy":"product_brand","embeddable":true,"href":"https:\/\/olemosaic.com\/pt-pt\/wp-json\/wp\/v2\/product_brand?post=27857"},{"taxonomy":"product_cat","embeddable":true,"href":"https:\/\/olemosaic.com\/pt-pt\/wp-json\/wp\/v2\/product_cat?post=27857"},{"taxonomy":"product_tag","embeddable":true,"href":"https:\/\/olemosaic.com\/pt-pt\/wp-json\/wp\/v2\/product_tag?post=27857"}],"curies":[{"name":"wp","href":"https:\/\/api.w.org\/{rel}","templated":true}]}}