{"id":27856,"date":"2025-02-20T22:29:16","date_gmt":"2025-02-20T22:29:16","guid":{"rendered":"http:\/\/olemosaic.com\/producto\/taza-de-ceramica-panoramica-barcelona-beige-verde\/"},"modified":"2025-07-25T21:28:15","modified_gmt":"2025-07-25T19:28:15","slug":"chavena-de-ceramica-panoramica-barcelona-bege-verde","status":"publish","type":"product","link":"https:\/\/olemosaic.com\/pt-pt\/produto\/chavena-de-ceramica-panoramica-barcelona-bege-verde\/","title":{"rendered":"Ch\u00e1vena de cer\u00e2mica. Panor\u00e2mica. Barcelona. Bege \/ verde."},"content":{"rendered":"<p>Esta ch\u00e1vena de cer\u00e2mica panor\u00e2mica de Barcelona \u00e9 uma recorda\u00e7\u00e3o excecional que capta a ess\u00eancia visual e cultural desta vibrante cidade. Com um design em tons de bege e verde, a ch\u00e1vena destaca uma impressionante ilustra\u00e7\u00e3o que inclui a famosa arquitetura do Park G\u00fcell, obra-prima de Antoni Gaud\u00ed. Os coloridos mosaicos e elementos emblem\u00e1ticos, como a serpente de cer\u00e2mica e as estruturas onduladas, est\u00e3o representados com um estilo alegre e apelativo, oferecendo um toque art\u00edstico \u00e0 beleza de Barcelona.<\/p>\n<p>A ch\u00e1vena \u00e9 complementada por uma colher num atraente tom verde, criando um conjunto harmonioso e funcional para desfrutar das suas bebidas favoritas. Todo o produto vem apresentado numa elegante caixa decorativa, que n\u00e3o s\u00f3 protege a ch\u00e1vena, mas tamb\u00e9m a torna numa op\u00e7\u00e3o perfeita para presente, encapsulando o esp\u00edrito da cidade num \u00fanico pacote.<\/p>\n<p>Este souvenir \u00e9 uma escolha ideal para quem procura levar um peda\u00e7o de Barcelona, permitindo aos turistas recordar a sua experi\u00eancia nesta ic\u00f3nica metr\u00f3pole espanhola. Na Ol\u00e9 Mosaic, como distribuidores de souvenirs por grosso, oferecemos produtos aut\u00eanticos que refletem a riqueza cultural das regi\u00f5es, assegurando que cada artigo seja, al\u00e9m de uma pe\u00e7a decorativa, um testemunho da heran\u00e7a da cidade. Com esta ch\u00e1vena de cer\u00e2mica de Barcelona, os seus clientes encontrar\u00e3o uma recorda\u00e7\u00e3o \u00fanica que real\u00e7a a beleza e a singularidade do destino.<\/p>\n","protected":false},"excerpt":{"rendered":"<p>Ch\u00e1vena de cer\u00e2mica com um design panor\u00e2mico de Barcelona em tons de bege e verde. Este produto apresenta uma vibrante ilustra\u00e7\u00e3o que inclui a famosa arquitetura do Park G\u00fcell, destacando os seus coloridos mosaicos e elementos emblem\u00e1ticos. A ch\u00e1vena vem acompanhada de uma colher num atraente tom verde, tudo apresentado numa elegante caixa decorativa. Ideal para desfrutar das suas bebidas favoritas enquanto celebra a beleza de Barcelona.<\/p>\n","protected":false},"featured_media":9208,"template":"","meta":{"_acf_changed":false},"product_brand":[],"product_cat":[833],"product_tag":[515],"class_list":{"0":"post-27856","1":"product","2":"type-product","3":"status-publish","4":"has-post-thumbnail","6":"product_cat-canecas","7":"product_tag-ceramica","8":"pa_ciudad-barcelona","9":"pa_motivo-panoramas","10":"pa_pais-espana","12":"first","13":"instock","14":"shipping-taxable","15":"product-type-simple"},"acf":[],"_links":{"self":[{"href":"https:\/\/olemosaic.com\/pt-pt\/wp-json\/wp\/v2\/product\/27856","targetHints":{"allow":["GET"]}}],"collection":[{"href":"https:\/\/olemosaic.com\/pt-pt\/wp-json\/wp\/v2\/product"}],"about":[{"href":"https:\/\/olemosaic.com\/pt-pt\/wp-json\/wp\/v2\/types\/product"}],"wp:featuredmedia":[{"embeddable":true,"href":"https:\/\/olemosaic.com\/pt-pt\/wp-json\/wp\/v2\/media\/9208"}],"wp:attachment":[{"href":"https:\/\/olemosaic.com\/pt-pt\/wp-json\/wp\/v2\/media?parent=27856"}],"wp:term":[{"taxonomy":"product_brand","embeddable":true,"href":"https:\/\/olemosaic.com\/pt-pt\/wp-json\/wp\/v2\/product_brand?post=27856"},{"taxonomy":"product_cat","embeddable":true,"href":"https:\/\/olemosaic.com\/pt-pt\/wp-json\/wp\/v2\/product_cat?post=27856"},{"taxonomy":"product_tag","embeddable":true,"href":"https:\/\/olemosaic.com\/pt-pt\/wp-json\/wp\/v2\/product_tag?post=27856"}],"curies":[{"name":"wp","href":"https:\/\/api.w.org\/{rel}","templated":true}]}}