{"id":27850,"date":"2025-02-20T23:29:15","date_gmt":"2025-02-20T22:29:15","guid":{"rendered":"http:\/\/olemosaic.com\/producto\/taza-de-ceramica-panoramica-barcelona-beige-3\/"},"modified":"2025-07-25T20:27:46","modified_gmt":"2025-07-25T18:27:46","slug":"chavena-de-ceramica-panoramica-barcelona-bege-3","status":"publish","type":"product","link":"https:\/\/olemosaic.com\/pt-pt\/produto\/chavena-de-ceramica-panoramica-barcelona-bege-3\/","title":{"rendered":"Ch\u00e1vena de cer\u00e2mica. Panor\u00e2mica. Parque G\u00fcell. Barcelona. Bege."},"content":{"rendered":"<p>Esta ch\u00e1vena de cer\u00e2mica panor\u00e2mica de Barcelona \u00e9 um souvenir exclusivo que capta a ess\u00eancia art\u00edstica da cidade. Apresentada num elegante estojo de cart\u00e3o, esta colorida ch\u00e1vena bege destaca-se pela sua vibrante ilustra\u00e7\u00e3o do emblem\u00e1tico mosaico do Parque G\u00fcell, um legado do genial arquiteto Antoni Gaud\u00ed. A representa\u00e7\u00e3o inclui detalhes arquitet\u00f3nicos ic\u00f3nicos que evocam a beleza \u00fanica da arquitetura modernista catal\u00e3. Com uma capacidade ideal para desfrutar das suas bebidas favoritas, esta ch\u00e1vena acrescenta um toque de arte e cultura \u00e0 sua mesa di\u00e1ria.<\/p>\n<p>A colher azul que acompanha a ch\u00e1vena complementa a experi\u00eancia, oferecendo um detalhe adicional tanto funcional como est\u00e9tico. Este souvenir n\u00e3o \u00e9 apenas uma excelente op\u00e7\u00e3o para os turistas que procuram uma recorda\u00e7\u00e3o representativa da sua visita a Barcelona, mas tamb\u00e9m um presente perfeito para aqueles que desejam levar um peda\u00e7o desta vibrante cidade para casa. Na Ol\u00e9 Mosaic, como grossistas de souvenirs, asseguramos que os nossos produtos oferecem autenticidade e relev\u00e2ncia cultural. Esta ch\u00e1vena de cer\u00e2mica \u00e9 uma pe\u00e7a indispens\u00e1vel para as lojas de presentes tur\u00edsticos que querem oferecer aos seus clientes aut\u00eanticas joias de Barcelona.<\/p>\n","protected":false},"excerpt":{"rendered":"<p>Ch\u00e1vena de cer\u00e2mica com um design panor\u00e2mico de Barcelona, apresentada num elegante estojo de cart\u00e3o. Esta colorida ch\u00e1vena bege destaca-se pela ilustra\u00e7\u00e3o que representa o famoso mosaico do Parque G\u00fcell, incluindo detalhes arquitet\u00f3nicos emblem\u00e1ticos da cidade. Completa-se com uma colher azul, e \u00e9 perfeita para desfrutar das suas bebidas favoritas, ao mesmo tempo que acrescenta um toque art\u00edstico e cultural \u00e0 sua mesa. Ideal como recorda\u00e7\u00e3o ou presente.<\/p>\n","protected":false},"featured_media":9211,"template":"","meta":{"_acf_changed":false},"product_brand":[],"product_cat":[833],"product_tag":[515],"class_list":{"0":"post-27850","1":"product","2":"type-product","3":"status-publish","4":"has-post-thumbnail","6":"product_cat-canecas","7":"product_tag-ceramica","8":"pa_ciudad-barcelona","9":"pa_motivo-panoramas","10":"pa_pais-espana","12":"first","13":"instock","14":"shipping-taxable","15":"product-type-simple"},"acf":[],"_links":{"self":[{"href":"https:\/\/olemosaic.com\/pt-pt\/wp-json\/wp\/v2\/product\/27850","targetHints":{"allow":["GET"]}}],"collection":[{"href":"https:\/\/olemosaic.com\/pt-pt\/wp-json\/wp\/v2\/product"}],"about":[{"href":"https:\/\/olemosaic.com\/pt-pt\/wp-json\/wp\/v2\/types\/product"}],"wp:featuredmedia":[{"embeddable":true,"href":"https:\/\/olemosaic.com\/pt-pt\/wp-json\/wp\/v2\/media\/9211"}],"wp:attachment":[{"href":"https:\/\/olemosaic.com\/pt-pt\/wp-json\/wp\/v2\/media?parent=27850"}],"wp:term":[{"taxonomy":"product_brand","embeddable":true,"href":"https:\/\/olemosaic.com\/pt-pt\/wp-json\/wp\/v2\/product_brand?post=27850"},{"taxonomy":"product_cat","embeddable":true,"href":"https:\/\/olemosaic.com\/pt-pt\/wp-json\/wp\/v2\/product_cat?post=27850"},{"taxonomy":"product_tag","embeddable":true,"href":"https:\/\/olemosaic.com\/pt-pt\/wp-json\/wp\/v2\/product_tag?post=27850"}],"curies":[{"name":"wp","href":"https:\/\/api.w.org\/{rel}","templated":true}]}}