{"id":27849,"date":"2025-02-20T22:29:15","date_gmt":"2025-02-20T22:29:15","guid":{"rendered":"http:\/\/olemosaic.com\/producto\/taza-de-ceramica-bailaora-madrid-beige\/"},"modified":"2025-07-25T18:44:42","modified_gmt":"2025-07-25T16:44:42","slug":"chavena-de-ceramica-bailaora-madrid-bege-pt-pt","status":"publish","type":"product","link":"https:\/\/olemosaic.com\/pt-pt\/produto\/chavena-de-ceramica-bailaora-madrid-bege-pt-pt\/","title":{"rendered":"Ch\u00e1vena de cer\u00e2mica. Bailaora. Madrid. Bege."},"content":{"rendered":"<p>Esta ch\u00e1vena de cer\u00e2mica, inspirada na arte flamenca, \u00e9 uma recorda\u00e7\u00e3o imprescind\u00edvel que evoca a vibrante cultura madrilena. Com um design cativante, destaca-se a elegante figura de uma bailaora vestida com um deslumbrante vestido vermelho com folhos, que simboliza a paix\u00e3o e a arte do flamenco. O tom bege da ch\u00e1vena proporciona um fundo quente que real\u00e7a a intensidade dos detalhes brancos do vestido e o colorido texto &#8220;MADRID&#8221;, captando a ess\u00eancia do cora\u00e7\u00e3o de Espanha.<\/p>\n<p>Al\u00e9m disso, a ilustra\u00e7\u00e3o de um cravo, outro emblema da cultura espanhola, acrescenta um toque distintivo que enfatiza a riqueza das tradi\u00e7\u00f5es do pa\u00eds. Esta ch\u00e1vena conta com uma asa ergon\u00f3mica que garante conforto ao beber e vem acompanhada de uma colher a condizer, o que a torna n\u00e3o apenas um objeto decorativo, mas tamb\u00e9m uma pe\u00e7a funcional e pr\u00e1tica para desfrutar das suas bebidas favoritas.<\/p>\n<p>Na Ol\u00e9 Mosaic, especializamo-nos na distribui\u00e7\u00e3o de recorda\u00e7\u00f5es de qualidade e este produto \u00e9 uma excelente op\u00e7\u00e3o para os turistas que procuram levar para casa uma recorda\u00e7\u00e3o aut\u00eantica de Madrid. Ao incorporar a tradi\u00e7\u00e3o do flamenco num formato quotidiano, esta ch\u00e1vena oferece uma liga\u00e7\u00e3o cultural \u00fanica e \u00e9 ideal para lojas de presentes tur\u00edsticos que desejem oferecer artigos representativos e art\u00edsticos.<\/p>\n","protected":false},"excerpt":{"rendered":"<p>Ch\u00e1vena de cer\u00e2mica com um design inspirado na arte flamenca, que representa uma elegante bailaora com um vestido vermelho de folhos e detalhes brancos. Esta ch\u00e1vena, de cor bege, incorpora um texto colorido com a palavra &#8220;MADRID&#8221; e a ilustra\u00e7\u00e3o de um cravo, s\u00edmbolo da cultura espanhola. Com uma asa ergon\u00f3mica e uma colher a condizer, \u00e9 o souvenir perfeito que combina funcionalidade e tradi\u00e7\u00e3o. Ideal para desfrutar das suas bebidas favoritas com um toque art\u00edstico.<\/p>\n","protected":false},"featured_media":6906,"template":"","meta":{"_acf_changed":false},"product_brand":[],"product_cat":[833],"product_tag":[515],"class_list":{"0":"post-27849","1":"product","2":"type-product","3":"status-publish","4":"has-post-thumbnail","6":"product_cat-canecas","7":"product_tag-ceramica","8":"pa_ciudad-madrid","9":"pa_motivo-dancarinos","10":"pa_pais-espana","12":"first","13":"instock","14":"shipping-taxable","15":"product-type-simple"},"acf":[],"_links":{"self":[{"href":"https:\/\/olemosaic.com\/pt-pt\/wp-json\/wp\/v2\/product\/27849","targetHints":{"allow":["GET"]}}],"collection":[{"href":"https:\/\/olemosaic.com\/pt-pt\/wp-json\/wp\/v2\/product"}],"about":[{"href":"https:\/\/olemosaic.com\/pt-pt\/wp-json\/wp\/v2\/types\/product"}],"wp:featuredmedia":[{"embeddable":true,"href":"https:\/\/olemosaic.com\/pt-pt\/wp-json\/wp\/v2\/media\/6906"}],"wp:attachment":[{"href":"https:\/\/olemosaic.com\/pt-pt\/wp-json\/wp\/v2\/media?parent=27849"}],"wp:term":[{"taxonomy":"product_brand","embeddable":true,"href":"https:\/\/olemosaic.com\/pt-pt\/wp-json\/wp\/v2\/product_brand?post=27849"},{"taxonomy":"product_cat","embeddable":true,"href":"https:\/\/olemosaic.com\/pt-pt\/wp-json\/wp\/v2\/product_cat?post=27849"},{"taxonomy":"product_tag","embeddable":true,"href":"https:\/\/olemosaic.com\/pt-pt\/wp-json\/wp\/v2\/product_tag?post=27849"}],"curies":[{"name":"wp","href":"https:\/\/api.w.org\/{rel}","templated":true}]}}