{"id":27848,"date":"2025-02-20T22:29:15","date_gmt":"2025-02-20T22:29:15","guid":{"rendered":"http:\/\/olemosaic.com\/producto\/taza-de-ceramica-patio-blanco\/"},"modified":"2025-07-25T18:49:43","modified_gmt":"2025-07-25T16:49:43","slug":"chavena-de-ceramica-patio-branco","status":"publish","type":"product","link":"https:\/\/olemosaic.com\/pt-pt\/produto\/chavena-de-ceramica-patio-branco\/","title":{"rendered":"Ch\u00e1vena de cer\u00e2mica. P\u00e1tio. Branco."},"content":{"rendered":"<p>Esta ch\u00e1vena de cer\u00e2mica \u00e9 um souvenir excecional, decorada com um design vibrante que evoca a ess\u00eancia de um aut\u00eantico p\u00e1tio andaluz. A sua cor branca brilhante real\u00e7a os exuberantes detalhes em vermelho e verde, que retratam uma rica variedade de flores e plantas em vasos que adornam a cena, bem como um candeeiro cl\u00e1ssico que lhe confere um toque aut\u00f3ctone e encantador. Numa das suas faces, aprecia-se uma representa\u00e7\u00e3o art\u00edstica de uma personagem t\u00edpica andaluza, imersa na beleza do seu ambiente.<\/p>\n<p>O interior da ch\u00e1vena \u00e9 de uma atraente cor vermelha, criando um contraste encantador que torna esta pe\u00e7a n\u00e3o apenas um objeto funcional, mas tamb\u00e9m um elemento decorativo que trar\u00e1 um ar nost\u00e1lgico a qualquer cozinha. Este souvenir capta a cultura espanhola com a sua representa\u00e7\u00e3o dos p\u00e1tios andaluzes, espa\u00e7os de conviv\u00eancia e beleza, s\u00edmbolos da tradi\u00e7\u00e3o do sul de Espanha.<\/p>\n<p>Na Ol\u00e9 Mosaic, orgulhamo-nos de oferecer souvenirs aut\u00eanticos que refletem a riqueza cultural e art\u00edstica de Espanha. Esta ch\u00e1vena de cer\u00e2mica \u00e9 uma excelente op\u00e7\u00e3o para lojas de presentes tur\u00edsticos que procuram produtos de qualidade que apaixonem os visitantes. Como grossistas especializados em souvenirs, garantimos que cada pe\u00e7a \u00e9, al\u00e9m de uma recorda\u00e7\u00e3o, uma experi\u00eancia, ideal para quem deseja levar consigo um peda\u00e7o da magia da Andaluzia.<\/p>\n","protected":false},"excerpt":{"rendered":"<p>Ch\u00e1vena de cer\u00e2mica decorada com um design vibrante de um p\u00e1tio andaluz, ideal para desfrutar das suas bebidas favoritas. O branco real\u00e7a os exuberantes detalhes em vermelho e verde, como as flores e plantas em vasos, juntamente com o cl\u00e1ssico candeeiro que lhe d\u00e1 um toque aut\u00f3ctone. Al\u00e9m disso, o interior da ch\u00e1vena \u00e9 de uma atraente cor vermelha, criando um contraste encantador. Um souvenir perfeito que capta a ess\u00eancia da cultura espanhola.<\/p>\n","protected":false},"featured_media":8406,"template":"","meta":{"_acf_changed":false},"product_brand":[],"product_cat":[833],"product_tag":[515],"class_list":{"0":"post-27848","1":"product","2":"type-product","3":"status-publish","4":"has-post-thumbnail","6":"product_cat-canecas","7":"product_tag-ceramica","8":"pa_motivo-patios","10":"first","11":"instock","12":"shipping-taxable","13":"product-type-simple"},"acf":[],"_links":{"self":[{"href":"https:\/\/olemosaic.com\/pt-pt\/wp-json\/wp\/v2\/product\/27848","targetHints":{"allow":["GET"]}}],"collection":[{"href":"https:\/\/olemosaic.com\/pt-pt\/wp-json\/wp\/v2\/product"}],"about":[{"href":"https:\/\/olemosaic.com\/pt-pt\/wp-json\/wp\/v2\/types\/product"}],"wp:featuredmedia":[{"embeddable":true,"href":"https:\/\/olemosaic.com\/pt-pt\/wp-json\/wp\/v2\/media\/8406"}],"wp:attachment":[{"href":"https:\/\/olemosaic.com\/pt-pt\/wp-json\/wp\/v2\/media?parent=27848"}],"wp:term":[{"taxonomy":"product_brand","embeddable":true,"href":"https:\/\/olemosaic.com\/pt-pt\/wp-json\/wp\/v2\/product_brand?post=27848"},{"taxonomy":"product_cat","embeddable":true,"href":"https:\/\/olemosaic.com\/pt-pt\/wp-json\/wp\/v2\/product_cat?post=27848"},{"taxonomy":"product_tag","embeddable":true,"href":"https:\/\/olemosaic.com\/pt-pt\/wp-json\/wp\/v2\/product_tag?post=27848"}],"curies":[{"name":"wp","href":"https:\/\/api.w.org\/{rel}","templated":true}]}}