{"id":27847,"date":"2025-02-20T23:29:15","date_gmt":"2025-02-20T22:29:15","guid":{"rendered":"http:\/\/olemosaic.com\/producto\/mug-de-ceramica-salamandra-beige-2\/"},"modified":"2025-07-25T18:47:55","modified_gmt":"2025-07-25T16:47:55","slug":"caneca-de-ceramica-salamandra-bege-2","status":"publish","type":"product","link":"https:\/\/olemosaic.com\/pt-pt\/produto\/caneca-de-ceramica-salamandra-bege-2\/","title":{"rendered":"Caneca de cer\u00e2mica. Salamandra. Bege."},"content":{"rendered":"<p>Esta caneca de cer\u00e2mica bege, adornada com vibrantes salamandras em mosaico, \u00e9 uma aut\u00eantica amostra da arte espanhola. Elaborada com um acabamento pintado \u00e0 m\u00e3o, esta pe\u00e7a \u00fanica destaca-se pelo seu design cheio de vida, onde encantadoras salamandras de cores brilhantes se entrela\u00e7am com flores chamativas, criando um efeito visual espl\u00eandido. O interior da caneca, pintado de um vermelho intenso, contrasta maravilhosamente com o exterior, real\u00e7ando ainda mais o seu atrativo. Numa das suas laterais, a palavra &#8220;ESPANHA&#8221; est\u00e1 inscrita com um design l\u00fadico, tornando esta caneca na recorda\u00e7\u00e3o ideal para quem valoriza a cultura espanhola.<\/p>\n<p>Este souvenir n\u00e3o s\u00f3 \u00e9 funcional, como tamb\u00e9m capta a ess\u00eancia da biodiversidade e da riqueza cultural de Espanha, evocando imagens de mosaicos tradicionais e o vibrante folclore do pa\u00eds. Atrair\u00e1 turistas que procuram um peda\u00e7o aut\u00eantico de Espanha para levar para casa. Na Ol\u00e9 Mosaic, dedicamo-nos \u00e0 distribui\u00e7\u00e3o de souvenirs por grosso, e esta caneca \u00e9 a escolha perfeita para lojas de presentes tur\u00edsticos que procuram oferecer produtos que reflitam a cultura e o artesanato espanh\u00f3is. Com esta bela caneca de salamandras, transforme cada ch\u00e1vena de caf\u00e9 ou ch\u00e1 numa experi\u00eancia cultural e fa\u00e7a de cada gole uma recorda\u00e7\u00e3o memor\u00e1vel.<\/p>\n","protected":false},"excerpt":{"rendered":"<p>Caneca de cer\u00e2mica bege adornada com vibrantes salamandras em mosaico. Esta pe\u00e7a \u00fanica apresenta um design artesanal, pintado \u00e0 m\u00e3o, que capta a ess\u00eancia da arte espanhola, com salamandras de cores brilhantes e flores chamativas. O interior da caneca \u00e9 de um vermelho intenso, criando um contraste muito atrativo. Numa lateral, a palavra &#8220;ESPANHA&#8221; torna-a num souvenir ideal para os amantes da cultura.<\/p>\n","protected":false},"featured_media":6724,"template":"","meta":{"_acf_changed":false},"product_brand":[],"product_cat":[726],"product_tag":[516,515],"class_list":{"0":"post-27847","1":"product","2":"type-product","3":"status-publish","4":"has-post-thumbnail","6":"product_cat-mugs","7":"product_tag-animais","8":"product_tag-ceramica","9":"pa_motivo-salamandras","11":"first","12":"instock","13":"shipping-taxable","14":"product-type-simple"},"acf":[],"_links":{"self":[{"href":"https:\/\/olemosaic.com\/pt-pt\/wp-json\/wp\/v2\/product\/27847","targetHints":{"allow":["GET"]}}],"collection":[{"href":"https:\/\/olemosaic.com\/pt-pt\/wp-json\/wp\/v2\/product"}],"about":[{"href":"https:\/\/olemosaic.com\/pt-pt\/wp-json\/wp\/v2\/types\/product"}],"wp:featuredmedia":[{"embeddable":true,"href":"https:\/\/olemosaic.com\/pt-pt\/wp-json\/wp\/v2\/media\/6724"}],"wp:attachment":[{"href":"https:\/\/olemosaic.com\/pt-pt\/wp-json\/wp\/v2\/media?parent=27847"}],"wp:term":[{"taxonomy":"product_brand","embeddable":true,"href":"https:\/\/olemosaic.com\/pt-pt\/wp-json\/wp\/v2\/product_brand?post=27847"},{"taxonomy":"product_cat","embeddable":true,"href":"https:\/\/olemosaic.com\/pt-pt\/wp-json\/wp\/v2\/product_cat?post=27847"},{"taxonomy":"product_tag","embeddable":true,"href":"https:\/\/olemosaic.com\/pt-pt\/wp-json\/wp\/v2\/product_tag?post=27847"}],"curies":[{"name":"wp","href":"https:\/\/api.w.org\/{rel}","templated":true}]}}