{"id":27846,"date":"2025-02-20T22:29:15","date_gmt":"2025-02-20T22:29:15","guid":{"rendered":"http:\/\/olemosaic.com\/producto\/taza-de-ceramica-la-alhambra-granada-beige\/"},"modified":"2025-07-25T18:33:48","modified_gmt":"2025-07-25T16:33:48","slug":"chavena-de-ceramica-alhambra-granada-bege","status":"publish","type":"product","link":"https:\/\/olemosaic.com\/pt-pt\/produto\/chavena-de-ceramica-alhambra-granada-bege\/","title":{"rendered":"Ch\u00e1vena de cer\u00e2mica. Alhambra. Granada. Bege."},"content":{"rendered":"<p>Esta ch\u00e1vena de cer\u00e2mica decorativa, inspirada no Alhambra de Granada, \u00e9 uma recorda\u00e7\u00e3o imprescind\u00edvel que capta a ess\u00eancia de um dos monumentos mais emblem\u00e1ticos de Espanha. Com um acabamento elegante em tons de bege, esta colorida ch\u00e1vena apresenta ilustra\u00e7\u00f5es vibrantes do ic\u00f3nico pal\u00e1cio e dos seus belos jardins, rodeados por uma profus\u00e3o de detalhes azuis e motivos geom\u00e9tricos na base que evocam o estilo art\u00edstico da arquitetura nazari. A ch\u00e1vena inclui uma colher a condizer, numa cor que complementa a parte superior, acrescentando um toque de funcionalidade e estilo.<\/p>\n<p>Cada gole das suas bebidas favoritas ir\u00e1 recordar-lhe a majestosidade do Alhambra, um s\u00edmbolo do patrim\u00f3nio cultural andaluz, e a sua rica hist\u00f3ria que atrai turistas de todo o mundo. Este elemento decorativo n\u00e3o \u00e9 apenas um utens\u00edlio, mas uma aut\u00eantica representa\u00e7\u00e3o da cultura granadina que se torna o presente ideal para quem procura levar consigo um peda\u00e7o da sua beleza. Na Ol\u00e9 Mosaic, especializamo-nos na distribui\u00e7\u00e3o de recorda\u00e7\u00f5es por grosso, garantindo que esta ch\u00e1vena de cer\u00e2mica decorativa seja uma op\u00e7\u00e3o perfeita para lojas de presentes tur\u00edsticos que valorizam a qualidade e o design \u00fanico. Ofere\u00e7a aos seus clientes uma recorda\u00e7\u00e3o memor\u00e1vel de Granada com este requintado souvenir que reflete a arte e a tradi\u00e7\u00e3o da regi\u00e3o.<\/p>\n","protected":false},"excerpt":{"rendered":"<p>Ch\u00e1vena de cer\u00e2mica decorativa inspirada no Alhambra de Granada, com um acabamento elegante em tons de bege. Esta colorida ch\u00e1vena apresenta ilustra\u00e7\u00f5es vibrantes do ic\u00f3nico pal\u00e1cio e dos seus jardins, com detalhes em azul e motivos geom\u00e9tricos na base. Inclui uma colher a condizer, da mesma cor que a parte superior, que lhe confere funcionalidade e estilo. Perfeita para desfrutar das suas bebidas favoritas enquanto recorda a beleza de um dos monumentos mais emblem\u00e1ticos de Espanha.<\/p>\n","protected":false},"featured_media":7011,"template":"","meta":{"_acf_changed":false},"product_brand":[],"product_cat":[833],"product_tag":[515],"class_list":{"0":"post-27846","1":"product","2":"type-product","3":"status-publish","4":"has-post-thumbnail","6":"product_cat-canecas","7":"product_tag-ceramica","8":"pa_ciudad-granada","9":"pa_motivo-a-alhambra","10":"pa_pais-espana","12":"first","13":"instock","14":"shipping-taxable","15":"product-type-simple"},"acf":[],"_links":{"self":[{"href":"https:\/\/olemosaic.com\/pt-pt\/wp-json\/wp\/v2\/product\/27846","targetHints":{"allow":["GET"]}}],"collection":[{"href":"https:\/\/olemosaic.com\/pt-pt\/wp-json\/wp\/v2\/product"}],"about":[{"href":"https:\/\/olemosaic.com\/pt-pt\/wp-json\/wp\/v2\/types\/product"}],"wp:featuredmedia":[{"embeddable":true,"href":"https:\/\/olemosaic.com\/pt-pt\/wp-json\/wp\/v2\/media\/7011"}],"wp:attachment":[{"href":"https:\/\/olemosaic.com\/pt-pt\/wp-json\/wp\/v2\/media?parent=27846"}],"wp:term":[{"taxonomy":"product_brand","embeddable":true,"href":"https:\/\/olemosaic.com\/pt-pt\/wp-json\/wp\/v2\/product_brand?post=27846"},{"taxonomy":"product_cat","embeddable":true,"href":"https:\/\/olemosaic.com\/pt-pt\/wp-json\/wp\/v2\/product_cat?post=27846"},{"taxonomy":"product_tag","embeddable":true,"href":"https:\/\/olemosaic.com\/pt-pt\/wp-json\/wp\/v2\/product_tag?post=27846"}],"curies":[{"name":"wp","href":"https:\/\/api.w.org\/{rel}","templated":true}]}}