{"id":27839,"date":"2025-02-20T22:29:14","date_gmt":"2025-02-20T22:29:14","guid":{"rendered":"http:\/\/olemosaic.com\/producto\/taza-de-ceramica-patio-madrid-blanco\/"},"modified":"2025-07-25T18:53:28","modified_gmt":"2025-07-25T16:53:28","slug":"chavena-de-ceramica-patio-madrid-branco","status":"publish","type":"product","link":"https:\/\/olemosaic.com\/pt-pt\/produto\/chavena-de-ceramica-patio-madrid-branco\/","title":{"rendered":"Ch\u00e1vena de cer\u00e2mica. P\u00e1tio. Madrid. Branco."},"content":{"rendered":"<p>Esta ch\u00e1vena de cer\u00e2mica decorada transporta-o para um encantador p\u00e1tio madrileno, captando a ess\u00eancia da capital espanhola em cada detalhe. O seu design vibrante apresenta motivos de flores vermelhas e verdes que adornam o exterior, criando uma atmosfera alegre e acolhedora. A janela com grades de ferro destaca-se sobre o fundo de pedra branca, evocando a arquitetura t\u00edpica de Madrid. Os vasos coloridos, repletos de ger\u00e2nios, acrescentam um toque local que presta homenagem \u00e0 rica cultura floral da cidade.<\/p>\n<p>O interior da ch\u00e1vena, num atraente tom vermelho, complementa a est\u00e9tica exterior, levando o esp\u00edrito festivo de Madrid a cada gole. Esta ch\u00e1vena n\u00e3o \u00e9 apenas ideal para desfrutar das suas bebidas favoritas, mas tamb\u00e9m atua como uma recorda\u00e7\u00e3o representativa de um lugar cheio de hist\u00f3ria e vida.<\/p>\n<p>Na Ol\u00e9 Mosaic oferecemos esta ch\u00e1vena de cer\u00e2mica como uma excelente recorda\u00e7\u00e3o de Madrid que reflete a autenticidade e a arte local. \u00c9 uma op\u00e7\u00e3o perfeita para lojas de presentes tur\u00edsticos que procuram produtos que liguem \u00e0 cultura e \u00e0 alegria de Espanha. Como distribuidores de recorda\u00e7\u00f5es por grosso, garantimos que cada pe\u00e7a \u00e9 um reflexo da heran\u00e7a cultural da regi\u00e3o.<\/p>\n","protected":false},"excerpt":{"rendered":"<p>Ch\u00e1vena de cer\u00e2mica decorada com um design vibrante que evoca um encantador p\u00e1tio madrileno. Apresenta motivos de flores vermelhas e verdes, uma janela com grades de ferro e vasos coloridos, sobre um fundo de pedra branca, refletindo o esp\u00edrito alegre da cidade. O interior da ch\u00e1vena \u00e9 de um atraente tom vermelho, que complementa a est\u00e9tica geral. Ideal para desfrutar das suas bebidas favoritas enquanto se transporta para a ess\u00eancia de Madrid.<\/p>\n","protected":false},"featured_media":7965,"template":"","meta":{"_acf_changed":false},"product_brand":[],"product_cat":[833],"product_tag":[515],"class_list":{"0":"post-27839","1":"product","2":"type-product","3":"status-publish","4":"has-post-thumbnail","6":"product_cat-canecas","7":"product_tag-ceramica","8":"pa_ciudad-madrid","9":"pa_motivo-patios","10":"pa_pais-espana","12":"first","13":"instock","14":"shipping-taxable","15":"product-type-simple"},"acf":[],"_links":{"self":[{"href":"https:\/\/olemosaic.com\/pt-pt\/wp-json\/wp\/v2\/product\/27839","targetHints":{"allow":["GET"]}}],"collection":[{"href":"https:\/\/olemosaic.com\/pt-pt\/wp-json\/wp\/v2\/product"}],"about":[{"href":"https:\/\/olemosaic.com\/pt-pt\/wp-json\/wp\/v2\/types\/product"}],"wp:featuredmedia":[{"embeddable":true,"href":"https:\/\/olemosaic.com\/pt-pt\/wp-json\/wp\/v2\/media\/7965"}],"wp:attachment":[{"href":"https:\/\/olemosaic.com\/pt-pt\/wp-json\/wp\/v2\/media?parent=27839"}],"wp:term":[{"taxonomy":"product_brand","embeddable":true,"href":"https:\/\/olemosaic.com\/pt-pt\/wp-json\/wp\/v2\/product_brand?post=27839"},{"taxonomy":"product_cat","embeddable":true,"href":"https:\/\/olemosaic.com\/pt-pt\/wp-json\/wp\/v2\/product_cat?post=27839"},{"taxonomy":"product_tag","embeddable":true,"href":"https:\/\/olemosaic.com\/pt-pt\/wp-json\/wp\/v2\/product_tag?post=27839"}],"curies":[{"name":"wp","href":"https:\/\/api.w.org\/{rel}","templated":true}]}}