{"id":27838,"date":"2025-02-20T23:29:14","date_gmt":"2025-02-20T22:29:14","guid":{"rendered":"http:\/\/olemosaic.com\/producto\/taza-de-ceramica-salamandra-y-flores-barcelona-blanco\/"},"modified":"2025-07-25T19:09:35","modified_gmt":"2025-07-25T17:09:35","slug":"chavena-de-ceramica-salamandra-e-flores-barcelona-branco","status":"publish","type":"product","link":"https:\/\/olemosaic.com\/pt-pt\/produto\/chavena-de-ceramica-salamandra-e-flores-barcelona-branco\/","title":{"rendered":"Ch\u00e1vena de cer\u00e2mica. Salamandra e flores. Barcelona. Branco."},"content":{"rendered":"<p>Esta ch\u00e1vena de cer\u00e2mica decorada apresenta um design vibrante de salamandra e flores, inspirado no famoso trencad\u00eds de Barcelona, uma t\u00e9cnica ic\u00f3nica que celebra a diversidade arquitet\u00f3nica da cidade. A ch\u00e1vena, de um branco luminoso, destaca-se pelo seu alegre interior vermelho, que proporciona um contraste visual atraente. No exterior, uma colorida salamandra de mosaico em tons de vermelho, azul e amarelo desdobra-se com eleg\u00e2ncia, rodeada por uma variedade de alegres flores cer\u00e2micas que evocam o ambiente festivo dos jardins barceloneses.<\/p>\n<p>O acabamento pintado \u00e0 m\u00e3o da ch\u00e1vena garante que cada pe\u00e7a seja \u00fanica, tornando-a uma recorda\u00e7\u00e3o aut\u00eantica e representativa de Barcelona. Este produto n\u00e3o \u00e9 apenas funcional, mas ergue-se como um s\u00edmbolo da rica heran\u00e7a art\u00edstica da regi\u00e3o e da criatividade que caracteriza os seus habitantes. Ideal para turistas que procuram recorda\u00e7\u00f5es de Barcelona que captem a ess\u00eancia da cidade, esta ch\u00e1vena \u00e9 um excelente presente para quem deseja levar um peda\u00e7o da cultura catal\u00e3 para casa. Na Ol\u00e9 Mosaic, como distribuidores de recorda\u00e7\u00f5es por grosso, oferecemos produtos aut\u00eanticos como esta ch\u00e1vena de cer\u00e2mica decorada, perfeita para lojas de presentes tur\u00edsticos que procuram artesanato de qualidade e relev\u00e2ncia cultural.<\/p>\n","protected":false},"excerpt":{"rendered":"<p>Ch\u00e1vena de cer\u00e2mica decorada com um design vibrante de salamandra e flores, inspirada no famoso trencad\u00eds barcelon\u00eas. Esta ch\u00e1vena branca, com detalhes em vermelho, apresenta uma colorida salamandra de mosaico em tons de vermelho, azul e amarelo, rodeada de alegres flores de cer\u00e2mica. O seu acabamento de design artesanal, pintado \u00e0 m\u00e3o, confere-lhe um toque \u00fanico, tornando-a uma recorda\u00e7\u00e3o perfeita que evoca a ess\u00eancia art\u00edstica da Cidade Condal.<\/p>\n","protected":false},"featured_media":8068,"template":"","meta":{"_acf_changed":false},"product_brand":[],"product_cat":[833],"product_tag":[516,515],"class_list":{"0":"post-27838","1":"product","2":"type-product","3":"status-publish","4":"has-post-thumbnail","6":"product_cat-canecas","7":"product_tag-animais","8":"product_tag-ceramica","9":"pa_ciudad-barcelona","10":"pa_motivo-salamandras","11":"pa_pais-espana","13":"first","14":"instock","15":"shipping-taxable","16":"product-type-simple"},"acf":[],"_links":{"self":[{"href":"https:\/\/olemosaic.com\/pt-pt\/wp-json\/wp\/v2\/product\/27838","targetHints":{"allow":["GET"]}}],"collection":[{"href":"https:\/\/olemosaic.com\/pt-pt\/wp-json\/wp\/v2\/product"}],"about":[{"href":"https:\/\/olemosaic.com\/pt-pt\/wp-json\/wp\/v2\/types\/product"}],"wp:featuredmedia":[{"embeddable":true,"href":"https:\/\/olemosaic.com\/pt-pt\/wp-json\/wp\/v2\/media\/8068"}],"wp:attachment":[{"href":"https:\/\/olemosaic.com\/pt-pt\/wp-json\/wp\/v2\/media?parent=27838"}],"wp:term":[{"taxonomy":"product_brand","embeddable":true,"href":"https:\/\/olemosaic.com\/pt-pt\/wp-json\/wp\/v2\/product_brand?post=27838"},{"taxonomy":"product_cat","embeddable":true,"href":"https:\/\/olemosaic.com\/pt-pt\/wp-json\/wp\/v2\/product_cat?post=27838"},{"taxonomy":"product_tag","embeddable":true,"href":"https:\/\/olemosaic.com\/pt-pt\/wp-json\/wp\/v2\/product_tag?post=27838"}],"curies":[{"name":"wp","href":"https:\/\/api.w.org\/{rel}","templated":true}]}}