{"id":27837,"date":"2025-02-20T23:29:14","date_gmt":"2025-02-20T22:29:14","guid":{"rendered":"http:\/\/olemosaic.com\/producto\/mug-de-ceramica-barcelona-beige\/"},"modified":"2025-07-25T19:39:46","modified_gmt":"2025-07-25T17:39:46","slug":"caneca-de-ceramica-barcelona-bege","status":"publish","type":"product","link":"https:\/\/olemosaic.com\/pt-pt\/produto\/caneca-de-ceramica-barcelona-bege\/","title":{"rendered":"Caneca de cer\u00e2mica. Barcelona. Bege."},"content":{"rendered":"<p>Esta caneca de cer\u00e2mica decorada \u00e9 uma homenagem vibrante \u00e0 ic\u00f3nica cidade de Barcelona, perfeita para quem deseja levar consigo um pedacinho da cultura catal\u00e3. O seu design apresenta um mosaico colorido inspirado nas famosas obras de Antoni Gaud\u00ed, destacando-se em tonalidades brilhantes que evocam a beleza da arquitetura modernista da cidade. A caneca, de uma elegante cor bege, exibe a palavra &#8220;Barcelona&#8221; em letras alegres, acrescentando um toque festivo \u00e0 sua est\u00e9tica.<\/p>\n<p>A embalagem sofisticada torna esta caneca um presente ideal, e a colher azul brilhante que a acompanha complementa o seu estilo contempor\u00e2neo, tornando-a uma pe\u00e7a pr\u00e1tica e agrad\u00e1vel para o uso di\u00e1rio. Seja para desfrutar de um caf\u00e9, um ch\u00e1 ou qualquer outra bebida, esta caneca n\u00e3o \u00e9 apenas funcional, mas tamb\u00e9m serve como um lembrete constante das maravilhas que Barcelona oferece.<\/p>\n<p>Na Ol\u00e9 Mosaic, especializamo-nos na distribui\u00e7\u00e3o de recorda\u00e7\u00f5es de cer\u00e2mica e outros produtos representativos de Espanha. Esta caneca \u00e9 uma excelente recorda\u00e7\u00e3o para turistas e um artigo de destaque para lojas de presentes que procurem oferecer recorda\u00e7\u00f5es aut\u00eanticas de Barcelona. Com a sua liga\u00e7\u00e3o cultural e o seu design atraente, \u00e9 uma op\u00e7\u00e3o perfeita para quem deseja recordar as suas visitas ou oferecer uma parte da cultura espanhola aos seus entes queridos.<\/p>\n","protected":false},"excerpt":{"rendered":"<p>Caneca de cer\u00e2mica decorada com um design vibrante inspirado em Barcelona, apresentada numa embalagem elegante. Exibe um mosaico colorido que evoca a famosa obra de Gaud\u00ed, juntamente com o texto &#8220;Barcelona&#8221; em letras alegres. A caneca inclui uma colher azul brilhante, que complementa o seu estilo contempor\u00e2neo. Perfeita para desfrutar das suas bebidas favoritas enquanto recorda a beleza da cidade condal. Ideal como recorda\u00e7\u00e3o ou presente especial para os amantes da cultura espanhola.<\/p>\n","protected":false},"featured_media":9210,"template":"","meta":{"_acf_changed":false},"product_brand":[],"product_cat":[726],"product_tag":[515],"class_list":{"0":"post-27837","1":"product","2":"type-product","3":"status-publish","4":"has-post-thumbnail","6":"product_cat-mugs","7":"product_tag-ceramica","8":"pa_ciudad-barcelona","9":"pa_pais-espana","11":"first","12":"instock","13":"shipping-taxable","14":"product-type-simple"},"acf":[],"_links":{"self":[{"href":"https:\/\/olemosaic.com\/pt-pt\/wp-json\/wp\/v2\/product\/27837","targetHints":{"allow":["GET"]}}],"collection":[{"href":"https:\/\/olemosaic.com\/pt-pt\/wp-json\/wp\/v2\/product"}],"about":[{"href":"https:\/\/olemosaic.com\/pt-pt\/wp-json\/wp\/v2\/types\/product"}],"wp:featuredmedia":[{"embeddable":true,"href":"https:\/\/olemosaic.com\/pt-pt\/wp-json\/wp\/v2\/media\/9210"}],"wp:attachment":[{"href":"https:\/\/olemosaic.com\/pt-pt\/wp-json\/wp\/v2\/media?parent=27837"}],"wp:term":[{"taxonomy":"product_brand","embeddable":true,"href":"https:\/\/olemosaic.com\/pt-pt\/wp-json\/wp\/v2\/product_brand?post=27837"},{"taxonomy":"product_cat","embeddable":true,"href":"https:\/\/olemosaic.com\/pt-pt\/wp-json\/wp\/v2\/product_cat?post=27837"},{"taxonomy":"product_tag","embeddable":true,"href":"https:\/\/olemosaic.com\/pt-pt\/wp-json\/wp\/v2\/product_tag?post=27837"}],"curies":[{"name":"wp","href":"https:\/\/api.w.org\/{rel}","templated":true}]}}