{"id":27820,"date":"2025-02-20T22:29:14","date_gmt":"2025-02-20T22:29:14","guid":{"rendered":"http:\/\/olemosaic.com\/producto\/taza-de-ceramica-bailaora-sevilla-beige-2\/"},"modified":"2025-07-25T18:48:34","modified_gmt":"2025-07-25T16:48:34","slug":"chavena-de-ceramica-bailarina-sevilha-bege-2","status":"publish","type":"product","link":"https:\/\/olemosaic.com\/pt-pt\/produto\/chavena-de-ceramica-bailarina-sevilha-bege-2\/","title":{"rendered":"Ch\u00e1vena de cer\u00e2mica. Bailarina. Sevilha. Bege."},"content":{"rendered":"<p>Esta ch\u00e1vena de cer\u00e2mica, decorada com uma encantadora ilustra\u00e7\u00e3o de uma bailarina de flamenco, \u00e9 uma aut\u00eantica homenagem \u00e0 vibrante cultura de Sevilha. O seu design atraente mostra a bailarina com um traje colorido que se destaca pelos seus folhos e pela fluidez do seu movimento, rodeada de exuberantes flores vermelhas que simbolizam a paix\u00e3o desta tradi\u00e7\u00e3o andaluza. A ch\u00e1vena, de uma elegante cor bege, apresenta a palavra &#8220;SEVILLA&#8221; escrita com um estilo chamativo que refor\u00e7a a sua liga\u00e7\u00e3o com a cidade, enquanto na parte inferior se destacam motivos de folhos que evocam a est\u00e9tica flamenca.<\/p>\n<p>Esta recorda\u00e7\u00e3o n\u00e3o \u00e9 apenas funcional, mas tamb\u00e9m representa um peda\u00e7o da rica heran\u00e7a cultural sevilhana. Perfeita para desfrutar das suas bebidas favoritas, cada gole permitir\u00e1 aos utilizadores mergulharem na ess\u00eancia andaluza, evocando a m\u00fasica e a arte flamenca que caracteriza esta regi\u00e3o. Na Ol\u00e9 Mosaic, dedicamo-nos \u00e0 distribui\u00e7\u00e3o de recorda\u00e7\u00f5es por grosso, oferecendo produtos aut\u00eanticos que capturam a identidade cultural espanhola. Esta ch\u00e1vena de cer\u00e2mica \u00e9 uma excelente op\u00e7\u00e3o para lojas de presentes tur\u00edsticos que procuram recorda\u00e7\u00f5es representativas de Sevilha, garantindo uma lembran\u00e7a de qualidade e autenticidade que ressoa com a hist\u00f3ria e a tradi\u00e7\u00e3o da cidade.<\/p>\n","protected":false},"excerpt":{"rendered":"<p>Ch\u00e1vena de cer\u00e2mica decorada com uma ilustra\u00e7\u00e3o vibrante de uma bailarina de flamenco, inspirada na rica cultura de Sevilha. Este design atraente mostra a bailarina vestida com um traje colorido, rodeada de flores vermelhas e motivos de folhos na parte inferior. A ch\u00e1vena, de cor bege, real\u00e7a a palavra &#8220;SEVILLA&#8221; com uma tipografia chamativa, complementada por um elegante cravo. Ideal para desfrutar das suas bebidas favoritas com um toque andaluz.<\/p>\n","protected":false},"featured_media":6898,"template":"","meta":{"_acf_changed":false},"product_brand":[],"product_cat":[833],"product_tag":[515],"class_list":{"0":"post-27820","1":"product","2":"type-product","3":"status-publish","4":"has-post-thumbnail","6":"product_cat-canecas","7":"product_tag-ceramica","8":"pa_ciudad-sevilla","9":"pa_motivo-dancarinos","10":"pa_pais-espana","12":"first","13":"instock","14":"shipping-taxable","15":"product-type-simple"},"acf":[],"_links":{"self":[{"href":"https:\/\/olemosaic.com\/pt-pt\/wp-json\/wp\/v2\/product\/27820","targetHints":{"allow":["GET"]}}],"collection":[{"href":"https:\/\/olemosaic.com\/pt-pt\/wp-json\/wp\/v2\/product"}],"about":[{"href":"https:\/\/olemosaic.com\/pt-pt\/wp-json\/wp\/v2\/types\/product"}],"wp:featuredmedia":[{"embeddable":true,"href":"https:\/\/olemosaic.com\/pt-pt\/wp-json\/wp\/v2\/media\/6898"}],"wp:attachment":[{"href":"https:\/\/olemosaic.com\/pt-pt\/wp-json\/wp\/v2\/media?parent=27820"}],"wp:term":[{"taxonomy":"product_brand","embeddable":true,"href":"https:\/\/olemosaic.com\/pt-pt\/wp-json\/wp\/v2\/product_brand?post=27820"},{"taxonomy":"product_cat","embeddable":true,"href":"https:\/\/olemosaic.com\/pt-pt\/wp-json\/wp\/v2\/product_cat?post=27820"},{"taxonomy":"product_tag","embeddable":true,"href":"https:\/\/olemosaic.com\/pt-pt\/wp-json\/wp\/v2\/product_tag?post=27820"}],"curies":[{"name":"wp","href":"https:\/\/api.w.org\/{rel}","templated":true}]}}