{"id":27819,"date":"2025-02-20T23:29:14","date_gmt":"2025-02-20T22:29:14","guid":{"rendered":"http:\/\/olemosaic.com\/producto\/taza-de-ceramica-toros-blanco-2\/"},"modified":"2025-07-25T18:48:35","modified_gmt":"2025-07-25T16:48:35","slug":"chavena-de-ceramica-touros-branco-2","status":"publish","type":"product","link":"https:\/\/olemosaic.com\/pt-pt\/produto\/chavena-de-ceramica-touros-branco-2\/","title":{"rendered":"Ch\u00e1vena de cer\u00e2mica. Touros. Espanha. Branco."},"content":{"rendered":"<p>Esta ch\u00e1vena de cer\u00e2mica, decorada com um motivo vibrante de um touro, \u00e9 uma recorda\u00e7\u00e3o emblem\u00e1tica que evoca a rica tradi\u00e7\u00e3o espanhola. Com um design inspirado na arte do trencad\u00eds, esta pe\u00e7a apresenta uma impressionante paleta de cores: verdes, vermelhos, azuis e amarelos que contrastam maravilhosamente com o fundo branco e os detalhes vermelhos da parte superior. A figura central do touro, s\u00edmbolo da cultura espanhola, est\u00e1 rodeada de flores elegantes e um sol radiante, o que refor\u00e7a a sua liga\u00e7\u00e3o com a vitalidade das tradi\u00e7\u00f5es ib\u00e9ricas e as festividades que giram em torno da tauromaquia.<\/p>\n<p>Esta ch\u00e1vena n\u00e3o \u00e9 apenas um recipiente ideal para desfrutar das suas bebidas favoritas, tanto quentes como frias, mas tamb\u00e9m funciona como um lembrete tang\u00edvel da beleza da arte e da hist\u00f3ria de Espanha. Cada gole \u00e9 uma celebra\u00e7\u00e3o da cultura espanhola, transformando os momentos quotidianos em experi\u00eancias cheias de sabor e cor. Na Ol\u00e9 Mosaic, orgulhamo-nos de oferecer produtos aut\u00eanticos e de qualidade, e esta ch\u00e1vena de touro \u00e9 uma excelente op\u00e7\u00e3o para os turistas que procuram recorda\u00e7\u00f5es representativas da sua viagem. Como distribuidores de recorda\u00e7\u00f5es por grosso, os nossos produtos destacam-se pela sua originalidade e arte, fazendo desta ch\u00e1vena de cer\u00e2mica uma adi\u00e7\u00e3o valiosa para qualquer loja de presentes tur\u00edsticos que valorize o artesanato e a tradi\u00e7\u00e3o.<\/p>\n","protected":false},"excerpt":{"rendered":"<p>Ch\u00e1vena de cer\u00e2mica decorada com um motivo vibrante de um touro que evoca a tradi\u00e7\u00e3o espanhola. Este design, inspirado na arte do trencad\u00eds, apresenta uma rica paleta de cores: verdes, vermelhos, azuis e amarelos, que contrastam com o fundo branco e se complementam com detalhes vermelhos na parte superior. Rodeado de flores e um sol radiante, este elegante recipiente \u00e9 ideal para os amantes da cultura espanhola. Perfeita para desfrutar das suas bebidas favoritas.<\/p>\n","protected":false},"featured_media":8524,"template":"","meta":{"_acf_changed":false},"product_brand":[],"product_cat":[833],"product_tag":[516,515],"class_list":{"0":"post-27819","1":"product","2":"type-product","3":"status-publish","4":"has-post-thumbnail","6":"product_cat-canecas","7":"product_tag-animais","8":"product_tag-ceramica","9":"pa_motivo-touros","11":"first","12":"instock","13":"shipping-taxable","14":"product-type-simple"},"acf":[],"_links":{"self":[{"href":"https:\/\/olemosaic.com\/pt-pt\/wp-json\/wp\/v2\/product\/27819","targetHints":{"allow":["GET"]}}],"collection":[{"href":"https:\/\/olemosaic.com\/pt-pt\/wp-json\/wp\/v2\/product"}],"about":[{"href":"https:\/\/olemosaic.com\/pt-pt\/wp-json\/wp\/v2\/types\/product"}],"wp:featuredmedia":[{"embeddable":true,"href":"https:\/\/olemosaic.com\/pt-pt\/wp-json\/wp\/v2\/media\/8524"}],"wp:attachment":[{"href":"https:\/\/olemosaic.com\/pt-pt\/wp-json\/wp\/v2\/media?parent=27819"}],"wp:term":[{"taxonomy":"product_brand","embeddable":true,"href":"https:\/\/olemosaic.com\/pt-pt\/wp-json\/wp\/v2\/product_brand?post=27819"},{"taxonomy":"product_cat","embeddable":true,"href":"https:\/\/olemosaic.com\/pt-pt\/wp-json\/wp\/v2\/product_cat?post=27819"},{"taxonomy":"product_tag","embeddable":true,"href":"https:\/\/olemosaic.com\/pt-pt\/wp-json\/wp\/v2\/product_tag?post=27819"}],"curies":[{"name":"wp","href":"https:\/\/api.w.org\/{rel}","templated":true}]}}