{"id":27818,"date":"2025-02-20T22:29:14","date_gmt":"2025-02-20T22:29:14","guid":{"rendered":"http:\/\/olemosaic.com\/producto\/taza-de-ceramica-santiago-blanco\/"},"modified":"2025-07-25T19:57:51","modified_gmt":"2025-07-25T17:57:51","slug":"chavena-de-ceramica-santiago-branco","status":"publish","type":"product","link":"https:\/\/olemosaic.com\/pt-pt\/produto\/chavena-de-ceramica-santiago-branco\/","title":{"rendered":"Ch\u00e1vena de cer\u00e2mica. Santiago. Branco."},"content":{"rendered":"<p>Esta ch\u00e1vena de cer\u00e2mica, decorada com um design vibrante do Caminho de Santiago, \u00e9 uma aut\u00eantica homenagem a uma das tradi\u00e7\u00f5es mais emblem\u00e1ticas de Espanha. Sobre um fundo branco que real\u00e7a a ilustra\u00e7\u00e3o colorida, a ch\u00e1vena apresenta um peregrino com o seu bord\u00e3o e mochila, simbolizando o esp\u00edrito aventureiro de quem percorre esta rota hist\u00f3rica. Al\u00e9m disso, a famosa seta amarela, log\u00f3tipo do Caminho, destaca-se na parte frontal, guiando os viajantes em dire\u00e7\u00e3o a Santiago de Compostela.<\/p>\n<p>A ch\u00e1vena caracteriza-se pelo seu atraente rebordo azul na parte superior, que acrescenta um toque de frescura e alegria ao design geral. Cada detalhe, desde os alforges do peregrino at\u00e9 aos padr\u00f5es coloridos que adornam o fundo, reflete a diversidade de experi\u00eancias vividas por quem se aventura neste importante caminho espiritual e cultural.<\/p>\n<p>Esta recorda\u00e7\u00e3o n\u00e3o \u00e9 apenas um artigo pr\u00e1tico para o dia a dia, mas tamb\u00e9m uma lembran\u00e7a significativa que encapsula a rica hist\u00f3ria e tradi\u00e7\u00e3o do Caminho de Santiago. \u00c9 um presente ideal para os amantes da cultura galega e para quem deseje levar um pedacinho desta experi\u00eancia m\u00edstica. Na Ol\u00e9 Mosaic, especializamo-nos na distribui\u00e7\u00e3o de recorda\u00e7\u00f5es de qualidade por grosso, e esta ch\u00e1vena \u00e9 uma brilhante op\u00e7\u00e3o para as lojas de presentes tur\u00edsticos que procuram oferecer um produto aut\u00eantico e emblem\u00e1tico. Uma recorda\u00e7\u00e3o perfeita que liga os turistas \u00e0 ess\u00eancia da viagem a Santiago.<\/p>\n","protected":false},"excerpt":{"rendered":"<p>Ch\u00e1vena de cer\u00e2mica decorada com um design colorido que representa o Caminho de Santiago. Este encantador artigo, de fundo branco e detalhes em cores vibrantes, mostra um peregrino com o seu bast\u00e3o e mochila, al\u00e9m da famosa sinaliza\u00e7\u00e3o do caminho em forma de seta. A parte superior da ch\u00e1vena \u00e9 azul, o que lhe confere um toque alegre ao seu design. Ideal para os amantes da cultura e da tradi\u00e7\u00e3o compostelana.<\/p>\n","protected":false},"featured_media":9924,"template":"","meta":{"_acf_changed":false},"product_brand":[],"product_cat":[833],"product_tag":[515],"class_list":{"0":"post-27818","1":"product","2":"type-product","3":"status-publish","4":"has-post-thumbnail","6":"product_cat-canecas","7":"product_tag-ceramica","8":"pa_ciudad-santiago","9":"pa_pais-espana","11":"first","12":"instock","13":"shipping-taxable","14":"product-type-simple"},"acf":[],"_links":{"self":[{"href":"https:\/\/olemosaic.com\/pt-pt\/wp-json\/wp\/v2\/product\/27818","targetHints":{"allow":["GET"]}}],"collection":[{"href":"https:\/\/olemosaic.com\/pt-pt\/wp-json\/wp\/v2\/product"}],"about":[{"href":"https:\/\/olemosaic.com\/pt-pt\/wp-json\/wp\/v2\/types\/product"}],"wp:featuredmedia":[{"embeddable":true,"href":"https:\/\/olemosaic.com\/pt-pt\/wp-json\/wp\/v2\/media\/9924"}],"wp:attachment":[{"href":"https:\/\/olemosaic.com\/pt-pt\/wp-json\/wp\/v2\/media?parent=27818"}],"wp:term":[{"taxonomy":"product_brand","embeddable":true,"href":"https:\/\/olemosaic.com\/pt-pt\/wp-json\/wp\/v2\/product_brand?post=27818"},{"taxonomy":"product_cat","embeddable":true,"href":"https:\/\/olemosaic.com\/pt-pt\/wp-json\/wp\/v2\/product_cat?post=27818"},{"taxonomy":"product_tag","embeddable":true,"href":"https:\/\/olemosaic.com\/pt-pt\/wp-json\/wp\/v2\/product_tag?post=27818"}],"curies":[{"name":"wp","href":"https:\/\/api.w.org\/{rel}","templated":true}]}}