{"id":27817,"date":"2025-02-20T22:29:13","date_gmt":"2025-02-20T22:29:13","guid":{"rendered":"http:\/\/olemosaic.com\/producto\/taza-de-ceramica-toros-blanco\/"},"modified":"2025-07-25T18:42:27","modified_gmt":"2025-07-25T16:42:27","slug":"chavena-de-ceramica-touros-branco","status":"publish","type":"product","link":"https:\/\/olemosaic.com\/pt-pt\/produto\/chavena-de-ceramica-touros-branco\/","title":{"rendered":"Ch\u00e1vena de cer\u00e2mica. Touros. Branco."},"content":{"rendered":"<p>Esta ch\u00e1vena de cer\u00e2mica, decorada com um design vibrante de um touro, \u00e9 um aut\u00eantico s\u00edmbolo da cultura espanhola. Na sua superf\u00edcie, um mosaico colorido combina tons chamativos de vermelho, azul e verde, real\u00e7ando a for\u00e7a e nobreza do touro, que representa a tradi\u00e7\u00e3o taurina de Espanha. Este design \u00e9 emoldurado por um encantador padr\u00e3o de flores e um sol radiante que evoca o calor dos dias ensolarados da pen\u00ednsula. A parte superior da ch\u00e1vena \u00e9 de uma elegante cor branca, enquanto o seu interior vermelho acrescenta um toque distintivo e cheio de car\u00e1cter, fazendo com que cada gole das suas bebidas favoritas seja uma celebra\u00e7\u00e3o da diversidade cultural espanhola.<\/p>\n<p>Esta ch\u00e1vena n\u00e3o \u00e9 apenas funcional, mas tamb\u00e9m uma pe\u00e7a decorativa que captura a ess\u00eancia das tradi\u00e7\u00f5es locais, tornando-se uma recorda\u00e7\u00e3o perfeita para aqueles que desejam levar uma lembran\u00e7a tang\u00edvel da sua experi\u00eancia em Espanha. Os motivos que adornam esta ch\u00e1vena refletem a identidade e o patrim\u00f3nio visual do pa\u00eds, fazendo desta pe\u00e7a um presente ideal tanto para turistas como para amantes da cultura espanhola.<\/p>\n<p>Na Ol\u00e9 Mosaic, especializamo-nos na distribui\u00e7\u00e3o de recorda\u00e7\u00f5es por grosso, e esta ch\u00e1vena de cer\u00e2mica \u00e9 uma excelente op\u00e7\u00e3o para lojas de presentes tur\u00edsticos que procuram oferecer produtos aut\u00eanticos e representativos. Esta recorda\u00e7\u00e3o da rica heran\u00e7a espanhola, com um design que n\u00e3o passa despercebido, \u00e9 um excelente complemento para qualquer cole\u00e7\u00e3o de recorda\u00e7\u00f5es.<\/p>\n","protected":false},"excerpt":{"rendered":"<p>Ch\u00e1vena de cer\u00e2mica decorada com um design colorido de um touro, s\u00edmbolo ic\u00f3nico da cultura espanhola. Apresenta um mosaico vibrante que combina tons de vermelho, azul e verde, emoldurado por um atraente padr\u00e3o floral e um sol radiante. A parte superior \u00e9 branca, com um interior vermelho que lhe d\u00e1 um toque distintivo. Esta pe\u00e7a \u00e9 perfeita para desfrutar das suas bebidas favoritas enquanto celebra a tradi\u00e7\u00e3o espanhola.<\/p>\n","protected":false},"featured_media":8555,"template":"","meta":{"_acf_changed":false},"product_brand":[],"product_cat":[833],"product_tag":[516,515],"class_list":{"0":"post-27817","1":"product","2":"type-product","3":"status-publish","4":"has-post-thumbnail","6":"product_cat-canecas","7":"product_tag-animais","8":"product_tag-ceramica","9":"pa_motivo-touros","11":"first","12":"instock","13":"shipping-taxable","14":"product-type-simple"},"acf":[],"_links":{"self":[{"href":"https:\/\/olemosaic.com\/pt-pt\/wp-json\/wp\/v2\/product\/27817","targetHints":{"allow":["GET"]}}],"collection":[{"href":"https:\/\/olemosaic.com\/pt-pt\/wp-json\/wp\/v2\/product"}],"about":[{"href":"https:\/\/olemosaic.com\/pt-pt\/wp-json\/wp\/v2\/types\/product"}],"wp:featuredmedia":[{"embeddable":true,"href":"https:\/\/olemosaic.com\/pt-pt\/wp-json\/wp\/v2\/media\/8555"}],"wp:attachment":[{"href":"https:\/\/olemosaic.com\/pt-pt\/wp-json\/wp\/v2\/media?parent=27817"}],"wp:term":[{"taxonomy":"product_brand","embeddable":true,"href":"https:\/\/olemosaic.com\/pt-pt\/wp-json\/wp\/v2\/product_brand?post=27817"},{"taxonomy":"product_cat","embeddable":true,"href":"https:\/\/olemosaic.com\/pt-pt\/wp-json\/wp\/v2\/product_cat?post=27817"},{"taxonomy":"product_tag","embeddable":true,"href":"https:\/\/olemosaic.com\/pt-pt\/wp-json\/wp\/v2\/product_tag?post=27817"}],"curies":[{"name":"wp","href":"https:\/\/api.w.org\/{rel}","templated":true}]}}