{"id":27815,"date":"2025-02-20T22:29:13","date_gmt":"2025-02-20T22:29:13","guid":{"rendered":"http:\/\/olemosaic.com\/producto\/taza-de-ceramica-flores-barcelona-blanco\/"},"modified":"2025-07-25T18:49:48","modified_gmt":"2025-07-25T16:49:48","slug":"caneca-de-ceramica-flores-barcelona-branco","status":"publish","type":"product","link":"https:\/\/olemosaic.com\/pt-pt\/produto\/caneca-de-ceramica-flores-barcelona-branco\/","title":{"rendered":"Caneca de cer\u00e2mica. Flores. Barcelona. Branco."},"content":{"rendered":"<p>Esta caneca de cer\u00e2mica, decorada com um vibrante design floral ao estilo mosaico, \u00e9 uma bela homenagem \u00e0 colorida arquitetura de Barcelona. Com um fundo branco que real\u00e7a os tons vivos de vermelho, amarelo, azul e preto, cada flor \u00e9 um lampejo de alegria que capta a aten\u00e7\u00e3o. A caneca conta com uma pega \u00fanica em forma de ave, que n\u00e3o s\u00f3 confere um toque distintivo, como tamb\u00e9m simboliza a liberdade e a criatividade da cidade. Ideal para desfrutar das suas bebidas favoritas, seja um caf\u00e9 arom\u00e1tico ou um ch\u00e1 refrescante, esta pe\u00e7a combina funcionalidade e arte, tornando-a um objeto imprescind\u00edvel para os amantes do design.<\/p>\n<p>A sua liga\u00e7\u00e3o cultural \u00e9 evidente, pois evoca a tradi\u00e7\u00e3o mosaica que se encontra em locais emblem\u00e1ticos de Barcelona, como o Park G\u00fcell de Antoni Gaud\u00ed, onde o colorido e a criatividade se amalgamam numa deliciosa sinfonia visual. Esta recorda\u00e7\u00e3o n\u00e3o s\u00f3 representa Barcelona, como tamb\u00e9m \u00e9 perfeita para quem procura levar consigo uma parte do esp\u00edrito alegre e vibrante da cidade. Na Ol\u00e9 Mosaic, o nosso cat\u00e1logo inclui esta caneca, uma excelente op\u00e7\u00e3o para lojas de presentes tur\u00edsticos que desejam oferecer produtos aut\u00eanticos e representativos da cultura espanhola. Estes souvenirs de cer\u00e2mica s\u00e3o o presente ideal para turistas que procuram uma experi\u00eancia \u00fanica ao levar um peda\u00e7o de Barcelona.<\/p>\n","protected":false},"excerpt":{"rendered":"<p>Caneca de cer\u00e2mica decorada com um vibrante design floral em estilo mosaico, inspirado na arquitetura de Barcelona. Sobre um fundo branco que real\u00e7a as cores vermelho, amarelo, azul e preto, esta caneca apresenta uma pega original com forma de ave. Ideal para desfrutar das suas bebidas favoritas, combina funcionalidade e arte, refletindo o esp\u00edrito alegre e criativo da cidade. Perfeita como recorda\u00e7\u00e3o ou presente.<\/p>\n","protected":false},"featured_media":9066,"template":"","meta":{"_acf_changed":false},"product_brand":[],"product_cat":[833],"product_tag":[515],"class_list":{"0":"post-27815","1":"product","2":"type-product","3":"status-publish","4":"has-post-thumbnail","6":"product_cat-canecas","7":"product_tag-ceramica","8":"pa_ciudad-barcelona","9":"pa_motivo-flores","10":"pa_pais-espana","12":"first","13":"instock","14":"shipping-taxable","15":"product-type-simple"},"acf":[],"_links":{"self":[{"href":"https:\/\/olemosaic.com\/pt-pt\/wp-json\/wp\/v2\/product\/27815","targetHints":{"allow":["GET"]}}],"collection":[{"href":"https:\/\/olemosaic.com\/pt-pt\/wp-json\/wp\/v2\/product"}],"about":[{"href":"https:\/\/olemosaic.com\/pt-pt\/wp-json\/wp\/v2\/types\/product"}],"wp:featuredmedia":[{"embeddable":true,"href":"https:\/\/olemosaic.com\/pt-pt\/wp-json\/wp\/v2\/media\/9066"}],"wp:attachment":[{"href":"https:\/\/olemosaic.com\/pt-pt\/wp-json\/wp\/v2\/media?parent=27815"}],"wp:term":[{"taxonomy":"product_brand","embeddable":true,"href":"https:\/\/olemosaic.com\/pt-pt\/wp-json\/wp\/v2\/product_brand?post=27815"},{"taxonomy":"product_cat","embeddable":true,"href":"https:\/\/olemosaic.com\/pt-pt\/wp-json\/wp\/v2\/product_cat?post=27815"},{"taxonomy":"product_tag","embeddable":true,"href":"https:\/\/olemosaic.com\/pt-pt\/wp-json\/wp\/v2\/product_tag?post=27815"}],"curies":[{"name":"wp","href":"https:\/\/api.w.org\/{rel}","templated":true}]}}