{"id":27814,"date":"2025-02-20T23:29:13","date_gmt":"2025-02-20T22:29:13","guid":{"rendered":"http:\/\/olemosaic.com\/producto\/mug-de-ceramica-mosaico-blanco-95-cm\/"},"modified":"2025-07-25T20:04:39","modified_gmt":"2025-07-25T18:04:39","slug":"caneca-de-ceramica-mosaico-branco-9-5-cm","status":"publish","type":"product","link":"https:\/\/olemosaic.com\/pt-pt\/produto\/caneca-de-ceramica-mosaico-branco-9-5-cm\/","title":{"rendered":"Caneca de cer\u00e2mica. Mosaico. Branco. 9,5 cm."},"content":{"rendered":"<p>Esta caneca de cer\u00e2mica, decorada com mosaicos coloridos, \u00e9 a recorda\u00e7\u00e3o perfeita para quem deseja levar um peda\u00e7o de Espanha para casa. Com uma altura de 9,5 cm, esta caneca destaca-se pelo seu design vibrante, que apresenta uma mistura de padr\u00f5es geom\u00e9tricos em tons de azul, vermelho e amarelo. Cada mosaico evoca a rica tradi\u00e7\u00e3o da arte do azulejo espanhol, um elemento-chave na arquitetura e no folclore do pa\u00eds, recordando-nos as espl\u00eandidas obras que adornam pal\u00e1cios, igrejas e pra\u00e7as. A caneca, de fundo branco, mostra uma s\u00e9rie de ilustra\u00e7\u00f5es intrincadas, desde formas florais at\u00e9 motivos abstratos, que se combinam numa bela sinfonia de cor e estilo.<\/p>\n<p>A pega da caneca, com um design estilizado que evoca a forma de um pequeno peixe, acrescenta um toque \u00fanico e original que a distingue de outras canecas convencionais. Esta combina\u00e7\u00e3o de funcionalidade e est\u00e9tica torna-a perfeita para desfrutar da sua bebida favorita, seja um caf\u00e9 pela manh\u00e3 ou uma infus\u00e3o \u00e0 tarde. A caneca n\u00e3o \u00e9 apenas um objeto utilit\u00e1rio, mas um aut\u00eantico s\u00edmbolo da heran\u00e7a cultural espanhola. Na Ol\u00e9 Mosaic, distribu\u00edmos recorda\u00e7\u00f5es aut\u00eanticas que captam a ess\u00eancia de cada regi\u00e3o, e esta caneca de mosaicos \u00e9 uma excelente op\u00e7\u00e3o para lojas de presentes tur\u00edsticos que procuram oferecer produtos distintivos e representativos da cultura espanhola.<\/p>\n","protected":false},"excerpt":{"rendered":"<p>Caneca de cer\u00e2mica decorada com mosaicos coloridos, ideal para dar um toque espanhol ao seu lar. Com um design vibrante que apresenta uma mistura de padr\u00f5es geom\u00e9tricos em tons de azul, vermelho e amarelo, esta caneca de 9,5 cm de altura evoca a rica tradi\u00e7\u00e3o da arte dos azulejos em Espanha. Perfeita para desfrutar da sua bebida favorita, combina funcionalidade e est\u00e9tica num \u00fanico produto.<\/p>\n","protected":false},"featured_media":8916,"template":"","meta":{"_acf_changed":false},"product_brand":[],"product_cat":[726],"product_tag":[516,515],"class_list":{"0":"post-27814","1":"product","2":"type-product","3":"status-publish","4":"has-post-thumbnail","6":"product_cat-mugs","7":"product_tag-animais","8":"product_tag-ceramica","9":"pa_motivo-mosaico","11":"first","12":"instock","13":"shipping-taxable","14":"product-type-simple"},"acf":[],"_links":{"self":[{"href":"https:\/\/olemosaic.com\/pt-pt\/wp-json\/wp\/v2\/product\/27814","targetHints":{"allow":["GET"]}}],"collection":[{"href":"https:\/\/olemosaic.com\/pt-pt\/wp-json\/wp\/v2\/product"}],"about":[{"href":"https:\/\/olemosaic.com\/pt-pt\/wp-json\/wp\/v2\/types\/product"}],"wp:featuredmedia":[{"embeddable":true,"href":"https:\/\/olemosaic.com\/pt-pt\/wp-json\/wp\/v2\/media\/8916"}],"wp:attachment":[{"href":"https:\/\/olemosaic.com\/pt-pt\/wp-json\/wp\/v2\/media?parent=27814"}],"wp:term":[{"taxonomy":"product_brand","embeddable":true,"href":"https:\/\/olemosaic.com\/pt-pt\/wp-json\/wp\/v2\/product_brand?post=27814"},{"taxonomy":"product_cat","embeddable":true,"href":"https:\/\/olemosaic.com\/pt-pt\/wp-json\/wp\/v2\/product_cat?post=27814"},{"taxonomy":"product_tag","embeddable":true,"href":"https:\/\/olemosaic.com\/pt-pt\/wp-json\/wp\/v2\/product_tag?post=27814"}],"curies":[{"name":"wp","href":"https:\/\/api.w.org\/{rel}","templated":true}]}}