{"id":27813,"date":"2025-02-20T23:29:13","date_gmt":"2025-02-20T22:29:13","guid":{"rendered":"http:\/\/olemosaic.com\/producto\/taza-de-ceramica-salamandra-mallorca-beige\/"},"modified":"2025-07-25T18:38:27","modified_gmt":"2025-07-25T16:38:27","slug":"caneca-de-ceramica-salamandra-maiorca-bege","status":"publish","type":"product","link":"https:\/\/olemosaic.com\/pt-pt\/produto\/caneca-de-ceramica-salamandra-maiorca-bege\/","title":{"rendered":"Caneca de cer\u00e2mica. Salamandra. Maiorca. Bege."},"content":{"rendered":"<p>Esta caneca de cer\u00e2mica, de design vibrante, \u00e9 o souvenir perfeito para capturar a ess\u00eancia de Maiorca, uma das ilhas mais belas do Mediterr\u00e2neo. Com um fundo bege, esta elegante caneca apresenta um design encantador de salamandras coloridas rodeadas de flores, todas cuidadosamente com efeito pintado \u00e0 m\u00e3o, o que garante que cada pe\u00e7a seja \u00fanica e aut\u00eantica. O texto &#8220;MALLORCA&#8221; na parte superior acrescenta um toque de autenticidade local, perfeito para recordar momentos especiais na ilha. As pegas est\u00e3o dispon\u00edveis numa variedade de cores alegres que, al\u00e9m de real\u00e7arem o seu apelo visual, permitem personalizar cada caneca ao gosto do utilizador.<\/p>\n<p>A salamandra, s\u00edmbolo de adapta\u00e7\u00e3o e renascimento, \u00e9 um elemento importante na cultura maiorquina, associada ao calor e vitalidade da sua fauna. Esta caneca \u00e9 ideal para desfrutar das suas bebidas favoritas, seja um caf\u00e9, um ch\u00e1 ou uma infus\u00e3o, enquanto evoca o encanto de Maiorca em cada gole. Na Ol\u00e9 Mosaic, somos distribuidores de souvenirs por grosso, e esta caneca \u00e9 uma excelente op\u00e7\u00e3o para lojas de presentes tur\u00edsticos que procuram oferecer produtos aut\u00eanticos e de qualidade. Al\u00e9m disso, real\u00e7a a rica diversidade cultural da ilha, tornando-a uma recorda\u00e7\u00e3o significativa para os visitantes.<\/p>\n","protected":false},"excerpt":{"rendered":"<p>Caneca de cer\u00e2mica de design vibrante, inspirada na fauna maiorquina. Esta elegante caneca bege apresenta salamandras coloridas rodeadas de flores, ambas com efeito pintado \u00e0 m\u00e3o com detalhes que real\u00e7am o seu apelo folcl\u00f3rico. O texto &#8220;MALLORCA&#8221; aparece na parte superior, conferindo um toque de autenticidade local. Dispon\u00edvel com pegas de diferentes cores, \u00e9 perfeita para desfrutar das suas bebidas favoritas enquanto evoca o encanto desta bela ilha mediterr\u00e2nica.<\/p>\n","protected":false},"featured_media":6901,"template":"","meta":{"_acf_changed":false},"product_brand":[],"product_cat":[833],"product_tag":[516,515],"class_list":{"0":"post-27813","1":"product","2":"type-product","3":"status-publish","4":"has-post-thumbnail","6":"product_cat-canecas","7":"product_tag-animais","8":"product_tag-ceramica","9":"pa_ciudad-mallorca","10":"pa_motivo-salamandras","11":"pa_pais-espana","13":"first","14":"instock","15":"shipping-taxable","16":"product-type-simple"},"acf":[],"_links":{"self":[{"href":"https:\/\/olemosaic.com\/pt-pt\/wp-json\/wp\/v2\/product\/27813","targetHints":{"allow":["GET"]}}],"collection":[{"href":"https:\/\/olemosaic.com\/pt-pt\/wp-json\/wp\/v2\/product"}],"about":[{"href":"https:\/\/olemosaic.com\/pt-pt\/wp-json\/wp\/v2\/types\/product"}],"wp:featuredmedia":[{"embeddable":true,"href":"https:\/\/olemosaic.com\/pt-pt\/wp-json\/wp\/v2\/media\/6901"}],"wp:attachment":[{"href":"https:\/\/olemosaic.com\/pt-pt\/wp-json\/wp\/v2\/media?parent=27813"}],"wp:term":[{"taxonomy":"product_brand","embeddable":true,"href":"https:\/\/olemosaic.com\/pt-pt\/wp-json\/wp\/v2\/product_brand?post=27813"},{"taxonomy":"product_cat","embeddable":true,"href":"https:\/\/olemosaic.com\/pt-pt\/wp-json\/wp\/v2\/product_cat?post=27813"},{"taxonomy":"product_tag","embeddable":true,"href":"https:\/\/olemosaic.com\/pt-pt\/wp-json\/wp\/v2\/product_tag?post=27813"}],"curies":[{"name":"wp","href":"https:\/\/api.w.org\/{rel}","templated":true}]}}