{"id":27812,"date":"2025-02-20T22:29:13","date_gmt":"2025-02-20T22:29:13","guid":{"rendered":"http:\/\/olemosaic.com\/producto\/taza-de-ceramica-lisboa-blanco\/"},"modified":"2025-07-25T19:48:39","modified_gmt":"2025-07-25T17:48:39","slug":"caneca-de-ceramica-lisboa-branco","status":"publish","type":"product","link":"https:\/\/olemosaic.com\/pt-pt\/produto\/caneca-de-ceramica-lisboa-branco\/","title":{"rendered":"Caneca de cer\u00e2mica. Lisboa. Branco."},"content":{"rendered":"<p>Esta caneca de cer\u00e2mica de design vibrante \u00e9 uma aut\u00eantica homenagem \u00e0 ic\u00f3nica cidade de Lisboa, ideal para os amantes da cultura portuguesa. Com um fundo azul que evoca a famosa azulejaria lisboeta, esta pe\u00e7a capta a ess\u00eancia das ruas pitorescas da capital portuguesa. Na sua fachada destaca-se a representa\u00e7\u00e3o do famoso el\u00e9trico amarelo, o emblem\u00e1tico 28, que serpenteia por bairros hist\u00f3ricos como Alfama e Gra\u00e7a, levando consigo a hist\u00f3ria e o encanto da cidade. A ilustra\u00e7\u00e3o do el\u00e9trico \u00e9 vibrante, com tons amarelos que contrastam espetacularmente com o fundo azul, tornando esta caneca n\u00e3o apenas um objeto funcional, mas uma obra de arte que evoca a tradi\u00e7\u00e3o e o patrim\u00f3nio cultural de Lisboa.<\/p>\n<p>Perfeita para desfrutar da sua bebida favorita, esta caneca \u00e9 uma recorda\u00e7\u00e3o significativa para quem deseja levar um pedacinho de Lisboa para casa. A sua autenticidade e design refletem a beleza \u00fanica da cidade, o que a torna um souvenir ideal para turistas que procuram uma liga\u00e7\u00e3o mais profunda com o seu destino. Na Ol\u00e9 Mosaic, como grossistas de artigos tur\u00edsticos, oferecemos souvenirs aut\u00eanticos que celebram la cultura e a hist\u00f3ria, fazendo desta caneca de cer\u00e2mica uma excelente op\u00e7\u00e3o para lojas de presentes e turismo que desejem oferecer produtos que realcem a riqueza cultural de Lisboa.<\/p>\n","protected":false},"excerpt":{"rendered":"<p>Caneca de cer\u00e2mica com um design vibrante, inspirada na emblem\u00e1tica Lisboa. Apresenta ilustra\u00e7\u00f5es do famoso el\u00e9trico amarelo, o conhecido 28, que percorre as ruas pitorescas da cidade. O fundo azul est\u00e1 decorado com motivos tradicionais, evocando a azulejaria portuguesa. Esta pe\u00e7a combina funcionalidade e arte, tornando-se uma recorda\u00e7\u00e3o perfeita da beleza e da cultura lisboetas. Ideal para desfrutar da sua bebida favorita com um toque de hist\u00f3ria.<\/p>\n","protected":false},"featured_media":9908,"template":"","meta":{"_acf_changed":false},"product_brand":[],"product_cat":[833],"product_tag":[515],"class_list":{"0":"post-27812","1":"product","2":"type-product","3":"status-publish","4":"has-post-thumbnail","6":"product_cat-canecas","7":"product_tag-ceramica","8":"pa_ciudad-lisboa","9":"pa_pais-portugal","11":"first","12":"instock","13":"shipping-taxable","14":"product-type-simple"},"acf":[],"_links":{"self":[{"href":"https:\/\/olemosaic.com\/pt-pt\/wp-json\/wp\/v2\/product\/27812","targetHints":{"allow":["GET"]}}],"collection":[{"href":"https:\/\/olemosaic.com\/pt-pt\/wp-json\/wp\/v2\/product"}],"about":[{"href":"https:\/\/olemosaic.com\/pt-pt\/wp-json\/wp\/v2\/types\/product"}],"wp:featuredmedia":[{"embeddable":true,"href":"https:\/\/olemosaic.com\/pt-pt\/wp-json\/wp\/v2\/media\/9908"}],"wp:attachment":[{"href":"https:\/\/olemosaic.com\/pt-pt\/wp-json\/wp\/v2\/media?parent=27812"}],"wp:term":[{"taxonomy":"product_brand","embeddable":true,"href":"https:\/\/olemosaic.com\/pt-pt\/wp-json\/wp\/v2\/product_brand?post=27812"},{"taxonomy":"product_cat","embeddable":true,"href":"https:\/\/olemosaic.com\/pt-pt\/wp-json\/wp\/v2\/product_cat?post=27812"},{"taxonomy":"product_tag","embeddable":true,"href":"https:\/\/olemosaic.com\/pt-pt\/wp-json\/wp\/v2\/product_tag?post=27812"}],"curies":[{"name":"wp","href":"https:\/\/api.w.org\/{rel}","templated":true}]}}